{"id":1329,"date":"2017-01-06T19:06:34","date_gmt":"2017-01-06T18:06:34","guid":{"rendered":"http:\/\/kkvranje-sevnica.net\/?page_id=1329"},"modified":"2017-01-06T19:19:33","modified_gmt":"2017-01-06T18:19:33","slug":"razlicne-pocitniske-delavnice","status":"publish","type":"page","link":"http:\/\/kkvranje-sevnica.net\/?page_id=1329","title":{"rendered":"Razli\u010dne po\u010ditni\u0161ke delavnice"},"content":{"rendered":"<p>Na\u0161im konjem je velikokrat dolg\u010das in si \u017eelijo zabave&#8230; Takrat povabijo otroke iz vseh koncev in krajev, da se pridejo z njimi zabavat.<\/p>\n<p>Najbolj dolg\u010das jim je isti \u010das, kot je otrokom, ki so med po\u010ditnicami sami doma. Zelo radi pa se zabavajo z otroci na\u00a0praznovanju rojstnega dne. \u00a0Si predstavljate kako razburljivo je to? \ud83d\ude42<\/p>\n<div class=\"tiled-gallery type-rectangular tiled-gallery-unresized\" data-original-width=\"474\" data-carousel-extra='{&quot;blog_id&quot;:1,&quot;permalink&quot;:&quot;http:\\\/\\\/kkvranje-sevnica.net\\\/?page_id=1329&quot;,&quot;likes_blog_id&quot;:62100410}' itemscope itemtype=\"http:\/\/schema.org\/ImageGallery\" > <div class=\"gallery-row\" style=\"width: 474px; height: 135px;\" data-original-width=\"474\" data-original-height=\"135\" > <div class=\"gallery-group images-1\" style=\"width: 237px; height: 135px;\" data-original-width=\"237\" data-original-height=\"135\" > <div class=\"tiled-gallery-item tiled-gallery-item-small\" itemprop=\"associatedMedia\" itemscope itemtype=\"http:\/\/schema.org\/ImageObject\"> <a href=\"http:\/\/kkvranje-sevnica.net\/?attachment_id=1330\" border=\"0\" itemprop=\"url\"> <meta itemprop=\"width\" content=\"233\"> <meta itemprop=\"height\" content=\"131\"> <img decoding=\"async\" class=\"\" data-attachment-id=\"1330\" data-orig-file=\"http:\/\/kkvranje-sevnica.net\/wp-content\/uploads\/2017\/01\/DSC_0098_1.jpg\" data-orig-size=\"4096,2304\" data-comments-opened=\"1\" data-image-meta=\"{&quot;aperture&quot;:&quot;2&quot;,&quot;credit&quot;:&quot;&quot;,&quot;camera&quot;:&quot;F3111&quot;,&quot;caption&quot;:&quot;&quot;,&quot;created_timestamp&quot;:&quot;1472303494&quot;,&quot;copyright&quot;:&quot;&quot;,&quot;focal_length&quot;:&quot;3.5&quot;,&quot;iso&quot;:&quot;1484&quot;,&quot;shutter_speed&quot;:&quot;0.033328&quot;,&quot;title&quot;:&quot;&quot;,&quot;orientation&quot;:&quot;1&quot;}\" data-image-title=\"dsc_0098_1\" data-image-description=\"\" data-medium-file=\"https:\/\/i0.wp.com\/kkvranje-sevnica.net\/wp-content\/uploads\/2017\/01\/DSC_0098_1.jpg?fit=300%2C169\" data-large-file=\"https:\/\/i0.wp.com\/kkvranje-sevnica.net\/wp-content\/uploads\/2017\/01\/DSC_0098_1.jpg?fit=474%2C267\" src=\"https:\/\/i0.wp.com\/kkvranje-sevnica.net\/wp-content\/uploads\/2017\/01\/DSC_0098_1.jpg?w=233&#038;h=131\" srcset=\"https:\/\/i0.wp.com\/kkvranje-sevnica.net\/wp-content\/uploads\/2017\/01\/DSC_0098_1.jpg?w=4096 4096w, https:\/\/i0.wp.com\/kkvranje-sevnica.net\/wp-content\/uploads\/2017\/01\/DSC_0098_1.jpg?resize=300%2C169 300w, https:\/\/i0.wp.com\/kkvranje-sevnica.net\/wp-content\/uploads\/2017\/01\/DSC_0098_1.jpg?resize=1024%2C576 1024w, https:\/\/i0.wp.com\/kkvranje-sevnica.net\/wp-content\/uploads\/2017\/01\/DSC_0098_1.jpg?w=948 948w, https:\/\/i0.wp.com\/kkvranje-sevnica.net\/wp-content\/uploads\/2017\/01\/DSC_0098_1.jpg?w=1422 1422w\" width=\"233\" height=\"131\" loading=\"lazy\" data-original-width=\"233\" data-original-height=\"131\" itemprop=\"http:\/\/schema.org\/image\" title=\"dsc_0098_1\" alt=\"dsc_0098_1\" style=\"width: 233px; height: 131px;\" \/> <\/a> <\/div> <\/div> <!-- close group --> <div class=\"gallery-group images-1\" style=\"width: 237px; height: 135px;\" data-original-width=\"237\" data-original-height=\"135\" > <div class=\"tiled-gallery-item tiled-gallery-item-small\" itemprop=\"associatedMedia\" itemscope itemtype=\"http:\/\/schema.org\/ImageObject\"> <a href=\"http:\/\/kkvranje-sevnica.net\/?attachment_id=1331\" border=\"0\" itemprop=\"url\"> <meta itemprop=\"width\" content=\"233\"> <meta itemprop=\"height\" content=\"131\"> <img decoding=\"async\" class=\"\" data-attachment-id=\"1331\" data-orig-file=\"http:\/\/kkvranje-sevnica.net\/wp-content\/uploads\/2017\/01\/DSC_0038_1.jpg\" data-orig-size=\"4096,2304\" data-comments-opened=\"1\" data-image-meta=\"{&quot;aperture&quot;:&quot;2&quot;,&quot;credit&quot;:&quot;&quot;,&quot;camera&quot;:&quot;F3111&quot;,&quot;caption&quot;:&quot;&quot;,&quot;created_timestamp&quot;:&quot;1472294463&quot;,&quot;copyright&quot;:&quot;&quot;,&quot;focal_length&quot;:&quot;3.5&quot;,&quot;iso&quot;:&quot;114&quot;,&quot;shutter_speed&quot;:&quot;0.000455&quot;,&quot;title&quot;:&quot;&quot;,&quot;orientation&quot;:&quot;1&quot;}\" data-image-title=\"dsc_0038_1\" data-image-description=\"\" data-medium-file=\"https:\/\/i0.wp.com\/kkvranje-sevnica.net\/wp-content\/uploads\/2017\/01\/DSC_0038_1.jpg?fit=300%2C169\" data-large-file=\"https:\/\/i0.wp.com\/kkvranje-sevnica.net\/wp-content\/uploads\/2017\/01\/DSC_0038_1.jpg?fit=474%2C267\" src=\"https:\/\/i0.wp.com\/kkvranje-sevnica.net\/wp-content\/uploads\/2017\/01\/DSC_0038_1.jpg?w=233&#038;h=131\" srcset=\"https:\/\/i0.wp.com\/kkvranje-sevnica.net\/wp-content\/uploads\/2017\/01\/DSC_0038_1.jpg?w=4096 4096w, https:\/\/i0.wp.com\/kkvranje-sevnica.net\/wp-content\/uploads\/2017\/01\/DSC_0038_1.jpg?resize=300%2C169 300w, https:\/\/i0.wp.com\/kkvranje-sevnica.net\/wp-content\/uploads\/2017\/01\/DSC_0038_1.jpg?resize=1024%2C576 1024w, https:\/\/i0.wp.com\/kkvranje-sevnica.net\/wp-content\/uploads\/2017\/01\/DSC_0038_1.jpg?w=948 948w, https:\/\/i0.wp.com\/kkvranje-sevnica.net\/wp-content\/uploads\/2017\/01\/DSC_0038_1.jpg?w=1422 1422w\" width=\"233\" height=\"131\" loading=\"lazy\" data-original-width=\"233\" data-original-height=\"131\" itemprop=\"http:\/\/schema.org\/image\" title=\"dsc_0038_1\" alt=\"dsc_0038_1\" style=\"width: 233px; height: 131px;\" \/> <\/a> <\/div> <\/div> <!-- close group --> <\/div> <!-- close row --> <div class=\"gallery-row\" style=\"width: 474px; height: 135px;\" data-original-width=\"474\" data-original-height=\"135\" > <div class=\"gallery-group images-1\" style=\"width: 237px; height: 135px;\" data-original-width=\"237\" data-original-height=\"135\" > <div class=\"tiled-gallery-item tiled-gallery-item-small\" itemprop=\"associatedMedia\" itemscope itemtype=\"http:\/\/schema.org\/ImageObject\"> <a href=\"http:\/\/kkvranje-sevnica.net\/?attachment_id=1332\" border=\"0\" itemprop=\"url\"> <meta itemprop=\"width\" content=\"233\"> <meta itemprop=\"height\" content=\"131\"> <img decoding=\"async\" class=\"\" data-attachment-id=\"1332\" data-orig-file=\"http:\/\/kkvranje-sevnica.net\/wp-content\/uploads\/2017\/01\/DSC_0041_1.jpg\" data-orig-size=\"4096,2304\" data-comments-opened=\"1\" data-image-meta=\"{&quot;aperture&quot;:&quot;2&quot;,&quot;credit&quot;:&quot;&quot;,&quot;camera&quot;:&quot;F3111&quot;,&quot;caption&quot;:&quot;&quot;,&quot;created_timestamp&quot;:&quot;1472299142&quot;,&quot;copyright&quot;:&quot;&quot;,&quot;focal_length&quot;:&quot;3.5&quot;,&quot;iso&quot;:&quot;111&quot;,&quot;shutter_speed&quot;:&quot;0.001756&quot;,&quot;title&quot;:&quot;&quot;,&quot;orientation&quot;:&quot;1&quot;}\" data-image-title=\"dsc_0041_1\" data-image-description=\"\" data-medium-file=\"https:\/\/i0.wp.com\/kkvranje-sevnica.net\/wp-content\/uploads\/2017\/01\/DSC_0041_1.jpg?fit=300%2C169\" data-large-file=\"https:\/\/i0.wp.com\/kkvranje-sevnica.net\/wp-content\/uploads\/2017\/01\/DSC_0041_1.jpg?fit=474%2C267\" src=\"https:\/\/i0.wp.com\/kkvranje-sevnica.net\/wp-content\/uploads\/2017\/01\/DSC_0041_1.jpg?w=233&#038;h=131\" srcset=\"https:\/\/i0.wp.com\/kkvranje-sevnica.net\/wp-content\/uploads\/2017\/01\/DSC_0041_1.jpg?w=4096 4096w, https:\/\/i0.wp.com\/kkvranje-sevnica.net\/wp-content\/uploads\/2017\/01\/DSC_0041_1.jpg?resize=300%2C169 300w, https:\/\/i0.wp.com\/kkvranje-sevnica.net\/wp-content\/uploads\/2017\/01\/DSC_0041_1.jpg?resize=1024%2C576 1024w, https:\/\/i0.wp.com\/kkvranje-sevnica.net\/wp-content\/uploads\/2017\/01\/DSC_0041_1.jpg?w=948 948w, https:\/\/i0.wp.com\/kkvranje-sevnica.net\/wp-content\/uploads\/2017\/01\/DSC_0041_1.jpg?w=1422 1422w\" width=\"233\" height=\"131\" loading=\"lazy\" data-original-width=\"233\" data-original-height=\"131\" itemprop=\"http:\/\/schema.org\/image\" title=\"dsc_0041_1\" alt=\"dsc_0041_1\" style=\"width: 233px; height: 131px;\" \/> <\/a> <\/div> <\/div> <!-- close group --> <div class=\"gallery-group images-1\" style=\"width: 237px; height: 135px;\" data-original-width=\"237\" data-original-height=\"135\" > <div class=\"tiled-gallery-item tiled-gallery-item-small\" itemprop=\"associatedMedia\" itemscope itemtype=\"http:\/\/schema.org\/ImageObject\"> <a href=\"http:\/\/kkvranje-sevnica.net\/?attachment_id=1333\" border=\"0\" itemprop=\"url\"> <meta itemprop=\"width\" content=\"233\"> <meta itemprop=\"height\" content=\"131\"> <img decoding=\"async\" class=\"\" data-attachment-id=\"1333\" data-orig-file=\"http:\/\/kkvranje-sevnica.net\/wp-content\/uploads\/2017\/01\/DSC_0067_1.jpg\" data-orig-size=\"4096,2304\" data-comments-opened=\"1\" data-image-meta=\"{&quot;aperture&quot;:&quot;2&quot;,&quot;credit&quot;:&quot;&quot;,&quot;camera&quot;:&quot;F3111&quot;,&quot;caption&quot;:&quot;&quot;,&quot;created_timestamp&quot;:&quot;1472300438&quot;,&quot;copyright&quot;:&quot;&quot;,&quot;focal_length&quot;:&quot;3.5&quot;,&quot;iso&quot;:&quot;111&quot;,&quot;shutter_speed&quot;:&quot;0.001199&quot;,&quot;title&quot;:&quot;&quot;,&quot;orientation&quot;:&quot;1&quot;}\" data-image-title=\"dsc_0067_1\" data-image-description=\"\" data-medium-file=\"https:\/\/i0.wp.com\/kkvranje-sevnica.net\/wp-content\/uploads\/2017\/01\/DSC_0067_1.jpg?fit=300%2C169\" data-large-file=\"https:\/\/i0.wp.com\/kkvranje-sevnica.net\/wp-content\/uploads\/2017\/01\/DSC_0067_1.jpg?fit=474%2C267\" src=\"https:\/\/i0.wp.com\/kkvranje-sevnica.net\/wp-content\/uploads\/2017\/01\/DSC_0067_1.jpg?w=233&#038;h=131\" srcset=\"https:\/\/i0.wp.com\/kkvranje-sevnica.net\/wp-content\/uploads\/2017\/01\/DSC_0067_1.jpg?w=4096 4096w, https:\/\/i0.wp.com\/kkvranje-sevnica.net\/wp-content\/uploads\/2017\/01\/DSC_0067_1.jpg?resize=300%2C169 300w, https:\/\/i0.wp.com\/kkvranje-sevnica.net\/wp-content\/uploads\/2017\/01\/DSC_0067_1.jpg?resize=1024%2C576 1024w, https:\/\/i0.wp.com\/kkvranje-sevnica.net\/wp-content\/uploads\/2017\/01\/DSC_0067_1.jpg?w=948 948w, https:\/\/i0.wp.com\/kkvranje-sevnica.net\/wp-content\/uploads\/2017\/01\/DSC_0067_1.jpg?w=1422 1422w\" width=\"233\" height=\"131\" loading=\"lazy\" data-original-width=\"233\" data-original-height=\"131\" itemprop=\"http:\/\/schema.org\/image\" title=\"dsc_0067_1\" alt=\"dsc_0067_1\" style=\"width: 233px; height: 131px;\" \/> <\/a> <\/div> <\/div> <!-- close group --> <\/div> <!-- close row --> <div class=\"gallery-row\" style=\"width: 474px; height: 135px;\" data-original-width=\"474\" data-original-height=\"135\" > <div class=\"gallery-group images-1\" style=\"width: 237px; height: 135px;\" data-original-width=\"237\" data-original-height=\"135\" > <div class=\"tiled-gallery-item tiled-gallery-item-small\" itemprop=\"associatedMedia\" itemscope itemtype=\"http:\/\/schema.org\/ImageObject\"> <a href=\"http:\/\/kkvranje-sevnica.net\/?attachment_id=1334\" border=\"0\" itemprop=\"url\"> <meta itemprop=\"width\" content=\"233\"> <meta itemprop=\"height\" content=\"131\"> <img decoding=\"async\" class=\"\" data-attachment-id=\"1334\" data-orig-file=\"http:\/\/kkvranje-sevnica.net\/wp-content\/uploads\/2017\/01\/DSC_0074_1.jpg\" data-orig-size=\"4096,2304\" data-comments-opened=\"1\" data-image-meta=\"{&quot;aperture&quot;:&quot;2&quot;,&quot;credit&quot;:&quot;&quot;,&quot;camera&quot;:&quot;F3111&quot;,&quot;caption&quot;:&quot;&quot;,&quot;created_timestamp&quot;:&quot;1472301785&quot;,&quot;copyright&quot;:&quot;&quot;,&quot;focal_length&quot;:&quot;3.5&quot;,&quot;iso&quot;:&quot;116&quot;,&quot;shutter_speed&quot;:&quot;0.000455&quot;,&quot;title&quot;:&quot;&quot;,&quot;orientation&quot;:&quot;1&quot;}\" data-image-title=\"dsc_0074_1\" data-image-description=\"\" data-medium-file=\"https:\/\/i0.wp.com\/kkvranje-sevnica.net\/wp-content\/uploads\/2017\/01\/DSC_0074_1.jpg?fit=300%2C169\" data-large-file=\"https:\/\/i0.wp.com\/kkvranje-sevnica.net\/wp-content\/uploads\/2017\/01\/DSC_0074_1.jpg?fit=474%2C267\" src=\"https:\/\/i0.wp.com\/kkvranje-sevnica.net\/wp-content\/uploads\/2017\/01\/DSC_0074_1.jpg?w=233&#038;h=131\" srcset=\"https:\/\/i0.wp.com\/kkvranje-sevnica.net\/wp-content\/uploads\/2017\/01\/DSC_0074_1.jpg?w=4096 4096w, https:\/\/i0.wp.com\/kkvranje-sevnica.net\/wp-content\/uploads\/2017\/01\/DSC_0074_1.jpg?resize=300%2C169 300w, https:\/\/i0.wp.com\/kkvranje-sevnica.net\/wp-content\/uploads\/2017\/01\/DSC_0074_1.jpg?resize=1024%2C576 1024w, https:\/\/i0.wp.com\/kkvranje-sevnica.net\/wp-content\/uploads\/2017\/01\/DSC_0074_1.jpg?w=948 948w, https:\/\/i0.wp.com\/kkvranje-sevnica.net\/wp-content\/uploads\/2017\/01\/DSC_0074_1.jpg?w=1422 1422w\" width=\"233\" height=\"131\" loading=\"lazy\" data-original-width=\"233\" data-original-height=\"131\" itemprop=\"http:\/\/schema.org\/image\" title=\"dsc_0074_1\" alt=\"dsc_0074_1\" style=\"width: 233px; height: 131px;\" \/> <\/a> <\/div> <\/div> <!-- close group --> <div class=\"gallery-group images-1\" style=\"width: 237px; height: 135px;\" data-original-width=\"237\" data-original-height=\"135\" > <div class=\"tiled-gallery-item tiled-gallery-item-small\" itemprop=\"associatedMedia\" itemscope itemtype=\"http:\/\/schema.org\/ImageObject\"> <a href=\"http:\/\/kkvranje-sevnica.net\/?attachment_id=1335\" border=\"0\" itemprop=\"url\"> <meta itemprop=\"width\" content=\"233\"> <meta itemprop=\"height\" content=\"131\"> <img decoding=\"async\" class=\"\" data-attachment-id=\"1335\" data-orig-file=\"http:\/\/kkvranje-sevnica.net\/wp-content\/uploads\/2017\/01\/DSC_0076_1.jpg\" data-orig-size=\"4096,2304\" data-comments-opened=\"1\" data-image-meta=\"{&quot;aperture&quot;:&quot;2&quot;,&quot;credit&quot;:&quot;&quot;,&quot;camera&quot;:&quot;F3111&quot;,&quot;caption&quot;:&quot;&quot;,&quot;created_timestamp&quot;:&quot;1472302333&quot;,&quot;copyright&quot;:&quot;&quot;,&quot;focal_length&quot;:&quot;3.5&quot;,&quot;iso&quot;:&quot;119&quot;,&quot;shutter_speed&quot;:&quot;0.000434&quot;,&quot;title&quot;:&quot;&quot;,&quot;orientation&quot;:&quot;1&quot;}\" data-image-title=\"dsc_0076_1\" data-image-description=\"\" data-medium-file=\"https:\/\/i0.wp.com\/kkvranje-sevnica.net\/wp-content\/uploads\/2017\/01\/DSC_0076_1.jpg?fit=300%2C169\" data-large-file=\"https:\/\/i0.wp.com\/kkvranje-sevnica.net\/wp-content\/uploads\/2017\/01\/DSC_0076_1.jpg?fit=474%2C267\" src=\"https:\/\/i0.wp.com\/kkvranje-sevnica.net\/wp-content\/uploads\/2017\/01\/DSC_0076_1.jpg?w=233&#038;h=131\" srcset=\"https:\/\/i0.wp.com\/kkvranje-sevnica.net\/wp-content\/uploads\/2017\/01\/DSC_0076_1.jpg?w=4096 4096w, https:\/\/i0.wp.com\/kkvranje-sevnica.net\/wp-content\/uploads\/2017\/01\/DSC_0076_1.jpg?resize=300%2C169 300w, https:\/\/i0.wp.com\/kkvranje-sevnica.net\/wp-content\/uploads\/2017\/01\/DSC_0076_1.jpg?resize=1024%2C576 1024w, https:\/\/i0.wp.com\/kkvranje-sevnica.net\/wp-content\/uploads\/2017\/01\/DSC_0076_1.jpg?w=948 948w, https:\/\/i0.wp.com\/kkvranje-sevnica.net\/wp-content\/uploads\/2017\/01\/DSC_0076_1.jpg?w=1422 1422w\" width=\"233\" height=\"131\" loading=\"lazy\" data-original-width=\"233\" data-original-height=\"131\" itemprop=\"http:\/\/schema.org\/image\" title=\"dsc_0076_1\" alt=\"dsc_0076_1\" style=\"width: 233px; height: 131px;\" \/> <\/a> <\/div> <\/div> <!-- close group --> <\/div> <!-- close row --> <div class=\"gallery-row\" style=\"width: 474px; height: 268px;\" data-original-width=\"474\" data-original-height=\"268\" > <div class=\"gallery-group images-1\" style=\"width: 474px; height: 268px;\" data-original-width=\"474\" data-original-height=\"268\" > <div class=\"tiled-gallery-item tiled-gallery-item-large\" itemprop=\"associatedMedia\" itemscope itemtype=\"http:\/\/schema.org\/ImageObject\"> <a href=\"http:\/\/kkvranje-sevnica.net\/?attachment_id=1336\" border=\"0\" itemprop=\"url\"> <meta itemprop=\"width\" content=\"470\"> <meta itemprop=\"height\" content=\"264\"> <img decoding=\"async\" class=\"\" data-attachment-id=\"1336\" data-orig-file=\"http:\/\/kkvranje-sevnica.net\/wp-content\/uploads\/2017\/01\/DSC_0078_1.jpg\" data-orig-size=\"4096,2304\" data-comments-opened=\"1\" data-image-meta=\"{&quot;aperture&quot;:&quot;2&quot;,&quot;credit&quot;:&quot;&quot;,&quot;camera&quot;:&quot;F3111&quot;,&quot;caption&quot;:&quot;&quot;,&quot;created_timestamp&quot;:&quot;1472302344&quot;,&quot;copyright&quot;:&quot;&quot;,&quot;focal_length&quot;:&quot;3.5&quot;,&quot;iso&quot;:&quot;122&quot;,&quot;shutter_speed&quot;:&quot;0.000393&quot;,&quot;title&quot;:&quot;&quot;,&quot;orientation&quot;:&quot;1&quot;}\" data-image-title=\"dsc_0078_1\" data-image-description=\"\" data-medium-file=\"https:\/\/i0.wp.com\/kkvranje-sevnica.net\/wp-content\/uploads\/2017\/01\/DSC_0078_1.jpg?fit=300%2C169\" data-large-file=\"https:\/\/i0.wp.com\/kkvranje-sevnica.net\/wp-content\/uploads\/2017\/01\/DSC_0078_1.jpg?fit=474%2C267\" src=\"https:\/\/i0.wp.com\/kkvranje-sevnica.net\/wp-content\/uploads\/2017\/01\/DSC_0078_1.jpg?w=470&#038;h=264\" srcset=\"https:\/\/i0.wp.com\/kkvranje-sevnica.net\/wp-content\/uploads\/2017\/01\/DSC_0078_1.jpg?w=4096 4096w, https:\/\/i0.wp.com\/kkvranje-sevnica.net\/wp-content\/uploads\/2017\/01\/DSC_0078_1.jpg?resize=300%2C169 300w, https:\/\/i0.wp.com\/kkvranje-sevnica.net\/wp-content\/uploads\/2017\/01\/DSC_0078_1.jpg?resize=1024%2C576 1024w, https:\/\/i0.wp.com\/kkvranje-sevnica.net\/wp-content\/uploads\/2017\/01\/DSC_0078_1.jpg?w=948 948w, https:\/\/i0.wp.com\/kkvranje-sevnica.net\/wp-content\/uploads\/2017\/01\/DSC_0078_1.jpg?w=1422 1422w\" width=\"470\" height=\"264\" loading=\"lazy\" data-original-width=\"470\" data-original-height=\"264\" itemprop=\"http:\/\/schema.org\/image\" title=\"dsc_0078_1\" alt=\"dsc_0078_1\" style=\"width: 470px; height: 264px;\" \/> <\/a> <\/div> <\/div> <!-- close group --> <\/div> <!-- close row --> <\/div>\n<p><a href=\"https:\/\/i0.wp.com\/kkvranje-sevnica.net\/wp-content\/uploads\/2017\/01\/Praznovanje-roj.-dne.jpg\"><img data-recalc-dims=\"1\" loading=\"lazy\" decoding=\"async\" data-attachment-id=\"1340\" data-permalink=\"http:\/\/kkvranje-sevnica.net\/?attachment_id=1340\" data-orig-file=\"https:\/\/i0.wp.com\/kkvranje-sevnica.net\/wp-content\/uploads\/2017\/01\/Praznovanje-roj.-dne.jpg?fit=2172%2C3072\" data-orig-size=\"2172,3072\" data-comments-opened=\"1\" data-image-meta=\"{&quot;aperture&quot;:&quot;0&quot;,&quot;credit&quot;:&quot;&quot;,&quot;camera&quot;:&quot;&quot;,&quot;caption&quot;:&quot;&quot;,&quot;created_timestamp&quot;:&quot;0&quot;,&quot;copyright&quot;:&quot;&quot;,&quot;focal_length&quot;:&quot;0&quot;,&quot;iso&quot;:&quot;0&quot;,&quot;shutter_speed&quot;:&quot;0&quot;,&quot;title&quot;:&quot;&quot;,&quot;orientation&quot;:&quot;0&quot;}\" data-image-title=\"praznovanje-roj-dne\" data-image-description=\"\" data-image-caption=\"\" data-medium-file=\"https:\/\/i0.wp.com\/kkvranje-sevnica.net\/wp-content\/uploads\/2017\/01\/Praznovanje-roj.-dne.jpg?fit=212%2C300\" data-large-file=\"https:\/\/i0.wp.com\/kkvranje-sevnica.net\/wp-content\/uploads\/2017\/01\/Praznovanje-roj.-dne.jpg?fit=474%2C670\" class=\"size-medium wp-image-1340 alignright\" src=\"https:\/\/i0.wp.com\/kkvranje-sevnica.net\/wp-content\/uploads\/2017\/01\/Praznovanje-roj.-dne.jpg?resize=212%2C300\" alt=\"praznovanje-roj-dne\" width=\"212\" height=\"300\" srcset=\"https:\/\/i0.wp.com\/kkvranje-sevnica.net\/wp-content\/uploads\/2017\/01\/Praznovanje-roj.-dne.jpg?resize=212%2C300 212w, https:\/\/i0.wp.com\/kkvranje-sevnica.net\/wp-content\/uploads\/2017\/01\/Praznovanje-roj.-dne.jpg?resize=724%2C1024 724w, https:\/\/i0.wp.com\/kkvranje-sevnica.net\/wp-content\/uploads\/2017\/01\/Praznovanje-roj.-dne.jpg?w=948 948w, https:\/\/i0.wp.com\/kkvranje-sevnica.net\/wp-content\/uploads\/2017\/01\/Praznovanje-roj.-dne.jpg?w=1422 1422w\" sizes=\"auto, (max-width: 212px) 100vw, 212px\" \/><\/a><br \/>\nTorej: \u00a0\u010ce bi radi kak\u0161en dan ali pa samo ka\u0161no urco pre\u017eiveli v dru\u017ebi \u00a0konji\u010dkov, kozic, psi\u010dke Sindi, kravice Zore se nam pridru\u017eite na delavnicah, ki jih pripravimo, ali si rezervirajte termin za praznovanje rojstnega dne.<\/p>\n<p>Datumi delavnic in dodatne informacije bodo objavljene pod Novicami, na predstavitveni strani, ter kot dogodek na Facebook strani: Ekolo\u0161ka kmetija Pr&#8217; Jerin.<\/p>\n<p>PRIDRU\u017dITE SE NAM IMELI SE BOMO \u010cUDOVITO.<\/p>\n<p>&nbsp;<\/p>\n<p>Na tej strani bodo objavljeni tudi utrinki z posameznih delavnic.<\/p>\n","protected":false},"excerpt":{"rendered":"<p>Na\u0161im konjem je velikokrat dolg\u010das in si \u017eelijo zabave&#8230; Takrat povabijo otroke iz vseh koncev in krajev, da se pridejo z njimi zabavat. Najbolj dolg\u010das jim je isti \u010das, kot je otrokom, ki so med po\u010ditnicami sami doma. Zelo radi pa se zabavajo z otroci na\u00a0praznovanju rojstnega dne. \u00a0Si predstavljate kako razburljivo je to? \ud83d\ude42 &hellip; <a href=\"http:\/\/kkvranje-sevnica.net\/?page_id=1329\" class=\"more-link\">Continue reading <span class=\"screen-reader-text\">Razli\u010dne po\u010ditni\u0161ke delavnice<\/span> <span class=\"meta-nav\">&rarr;<\/span><\/a><\/p>\n","protected":false},"author":1,"featured_media":0,"parent":27,"menu_order":0,"comment_status":"closed","ping_status":"closed","template":"","meta":{"ngg_post_thumbnail":0,"jetpack_post_was_ever_published":false,"footnotes":""},"class_list":["post-1329","page","type-page","status-publish","hentry"],"jetpack_sharing_enabled":true,"jetpack_shortlink":"https:\/\/wp.me\/P4cz9w-lr","jetpack_likes_enabled":true,"_links":{"self":[{"href":"http:\/\/kkvranje-sevnica.net\/index.php?rest_route=\/wp\/v2\/pages\/1329","targetHints":{"allow":["GET"]}}],"collection":[{"href":"http:\/\/kkvranje-sevnica.net\/index.php?rest_route=\/wp\/v2\/pages"}],"about":[{"href":"http:\/\/kkvranje-sevnica.net\/index.php?rest_route=\/wp\/v2\/types\/page"}],"author":[{"embeddable":true,"href":"http:\/\/kkvranje-sevnica.net\/index.php?rest_route=\/wp\/v2\/users\/1"}],"replies":[{"embeddable":true,"href":"http:\/\/kkvranje-sevnica.net\/index.php?rest_route=%2Fwp%2Fv2%2Fcomments&post=1329"}],"version-history":[{"count":3,"href":"http:\/\/kkvranje-sevnica.net\/index.php?rest_route=\/wp\/v2\/pages\/1329\/revisions"}],"predecessor-version":[{"id":1342,"href":"http:\/\/kkvranje-sevnica.net\/index.php?rest_route=\/wp\/v2\/pages\/1329\/revisions\/1342"}],"up":[{"embeddable":true,"href":"http:\/\/kkvranje-sevnica.net\/index.php?rest_route=\/wp\/v2\/pages\/27"}],"wp:attachment":[{"href":"http:\/\/kkvranje-sevnica.net\/index.php?rest_route=%2Fwp%2Fv2%2Fmedia&parent=1329"}],"curies":[{"name":"wp","href":"https:\/\/api.w.org\/{rel}","templated":true}]}}