{"id":1344,"date":"2017-01-06T19:33:01","date_gmt":"2017-01-06T18:33:01","guid":{"rendered":"http:\/\/kkvranje-sevnica.net\/?page_id=1344"},"modified":"2017-01-06T19:33:01","modified_gmt":"2017-01-06T18:33:01","slug":"prednovoletne-delavnice-z-bloom-in-ajdo","status":"publish","type":"page","link":"http:\/\/kkvranje-sevnica.net\/?page_id=1344","title":{"rendered":"Prednovoletne delavnice z Bloom in Ajdo"},"content":{"rendered":"<p>Na \u010dudovito sredo pred novim letom sta se Ajda in Bloom odlo\u010dili pripraviti zabavo \ud83d\ude42 povabili sta otroke in se z njimi zabavali.<\/p>\n<p>Najprej sta jih nosili na svojem hrbtu, potem sta jim spekli ope\u010dene kruhke, jima pokazali kako je treba skrbeti zanju in za kozice. Kot presene\u010denje pa sta jim pripravili igro agilityja. Skupaj so postavili poligon, povabili so \u0161e kozli\u010dka Zambezija, psi\u010dko Sindi in \u0161e prijatelja Skyja \u00a0Skupaj so premagovali ovire agility poligona in celo tekmovali kdo bo hitrej\u0161i \ud83d\ude42<\/p>\n<div class=\"tiled-gallery type-rectangular tiled-gallery-unresized\" data-original-width=\"474\" data-carousel-extra='{&quot;blog_id&quot;:1,&quot;permalink&quot;:&quot;http:\\\/\\\/kkvranje-sevnica.net\\\/?page_id=1344&quot;,&quot;likes_blog_id&quot;:62100410}' itemscope itemtype=\"http:\/\/schema.org\/ImageGallery\" > <div class=\"gallery-row\" style=\"width: 474px; height: 135px;\" data-original-width=\"474\" data-original-height=\"135\" > <div class=\"gallery-group images-1\" style=\"width: 237px; height: 135px;\" data-original-width=\"237\" data-original-height=\"135\" > <div class=\"tiled-gallery-item tiled-gallery-item-small\" itemprop=\"associatedMedia\" itemscope itemtype=\"http:\/\/schema.org\/ImageObject\"> <a href=\"http:\/\/kkvranje-sevnica.net\/?attachment_id=1312\" border=\"0\" itemprop=\"url\"> <meta itemprop=\"width\" content=\"233\"> <meta itemprop=\"height\" content=\"131\"> <img decoding=\"async\" class=\"\" data-attachment-id=\"1312\" data-orig-file=\"http:\/\/kkvranje-sevnica.net\/wp-content\/uploads\/2013\/12\/DSC_0825.jpg\" data-orig-size=\"4096,2304\" data-comments-opened=\"1\" data-image-meta=\"{&quot;aperture&quot;:&quot;2&quot;,&quot;credit&quot;:&quot;&quot;,&quot;camera&quot;:&quot;F3111&quot;,&quot;caption&quot;:&quot;&quot;,&quot;created_timestamp&quot;:&quot;1482928149&quot;,&quot;copyright&quot;:&quot;&quot;,&quot;focal_length&quot;:&quot;3.5&quot;,&quot;iso&quot;:&quot;250&quot;,&quot;shutter_speed&quot;:&quot;0.030004&quot;,&quot;title&quot;:&quot;&quot;,&quot;orientation&quot;:&quot;1&quot;}\" data-image-title=\"dsc_0825\" data-image-description=\"\" data-medium-file=\"https:\/\/i0.wp.com\/kkvranje-sevnica.net\/wp-content\/uploads\/2013\/12\/DSC_0825.jpg?fit=300%2C169\" data-large-file=\"https:\/\/i0.wp.com\/kkvranje-sevnica.net\/wp-content\/uploads\/2013\/12\/DSC_0825.jpg?fit=474%2C267\" src=\"https:\/\/i0.wp.com\/kkvranje-sevnica.net\/wp-content\/uploads\/2013\/12\/DSC_0825.jpg?w=233&#038;h=131\" srcset=\"https:\/\/i0.wp.com\/kkvranje-sevnica.net\/wp-content\/uploads\/2013\/12\/DSC_0825.jpg?w=4096 4096w, https:\/\/i0.wp.com\/kkvranje-sevnica.net\/wp-content\/uploads\/2013\/12\/DSC_0825.jpg?resize=300%2C169 300w, https:\/\/i0.wp.com\/kkvranje-sevnica.net\/wp-content\/uploads\/2013\/12\/DSC_0825.jpg?resize=1024%2C576 1024w, https:\/\/i0.wp.com\/kkvranje-sevnica.net\/wp-content\/uploads\/2013\/12\/DSC_0825.jpg?w=948 948w, https:\/\/i0.wp.com\/kkvranje-sevnica.net\/wp-content\/uploads\/2013\/12\/DSC_0825.jpg?w=1422 1422w\" width=\"233\" height=\"131\" loading=\"lazy\" data-original-width=\"233\" data-original-height=\"131\" itemprop=\"http:\/\/schema.org\/image\" title=\"dsc_0825\" alt=\"dsc_0825\" style=\"width: 233px; height: 131px;\" \/> <\/a> <\/div> <\/div> <!-- close group --> <div class=\"gallery-group images-1\" style=\"width: 237px; height: 135px;\" data-original-width=\"237\" data-original-height=\"135\" > <div class=\"tiled-gallery-item tiled-gallery-item-small\" itemprop=\"associatedMedia\" itemscope itemtype=\"http:\/\/schema.org\/ImageObject\"> <a href=\"http:\/\/kkvranje-sevnica.net\/?attachment_id=1321\" border=\"0\" itemprop=\"url\"> <meta itemprop=\"width\" content=\"233\"> <meta itemprop=\"height\" content=\"131\"> <img decoding=\"async\" class=\"\" data-attachment-id=\"1321\" data-orig-file=\"http:\/\/kkvranje-sevnica.net\/wp-content\/uploads\/2013\/12\/DSC_0791.jpg\" data-orig-size=\"4096,2304\" data-comments-opened=\"1\" data-image-meta=\"{&quot;aperture&quot;:&quot;2&quot;,&quot;credit&quot;:&quot;&quot;,&quot;camera&quot;:&quot;F3111&quot;,&quot;caption&quot;:&quot;&quot;,&quot;created_timestamp&quot;:&quot;1482921904&quot;,&quot;copyright&quot;:&quot;&quot;,&quot;focal_length&quot;:&quot;3.5&quot;,&quot;iso&quot;:&quot;100&quot;,&quot;shutter_speed&quot;:&quot;0.001562&quot;,&quot;title&quot;:&quot;&quot;,&quot;orientation&quot;:&quot;1&quot;}\" data-image-title=\"dsc_0791\" data-image-description=\"\" data-medium-file=\"https:\/\/i0.wp.com\/kkvranje-sevnica.net\/wp-content\/uploads\/2013\/12\/DSC_0791.jpg?fit=300%2C169\" data-large-file=\"https:\/\/i0.wp.com\/kkvranje-sevnica.net\/wp-content\/uploads\/2013\/12\/DSC_0791.jpg?fit=474%2C267\" src=\"https:\/\/i0.wp.com\/kkvranje-sevnica.net\/wp-content\/uploads\/2013\/12\/DSC_0791.jpg?w=233&#038;h=131\" srcset=\"https:\/\/i0.wp.com\/kkvranje-sevnica.net\/wp-content\/uploads\/2013\/12\/DSC_0791.jpg?w=4096 4096w, https:\/\/i0.wp.com\/kkvranje-sevnica.net\/wp-content\/uploads\/2013\/12\/DSC_0791.jpg?resize=300%2C169 300w, https:\/\/i0.wp.com\/kkvranje-sevnica.net\/wp-content\/uploads\/2013\/12\/DSC_0791.jpg?resize=1024%2C576 1024w, https:\/\/i0.wp.com\/kkvranje-sevnica.net\/wp-content\/uploads\/2013\/12\/DSC_0791.jpg?w=948 948w, https:\/\/i0.wp.com\/kkvranje-sevnica.net\/wp-content\/uploads\/2013\/12\/DSC_0791.jpg?w=1422 1422w\" width=\"233\" height=\"131\" loading=\"lazy\" data-original-width=\"233\" data-original-height=\"131\" itemprop=\"http:\/\/schema.org\/image\" title=\"dsc_0791\" alt=\"dsc_0791\" style=\"width: 233px; height: 131px;\" \/> <\/a> <\/div> <\/div> <!-- close group --> <\/div> <!-- close row --> <div class=\"gallery-row\" style=\"width: 474px; height: 135px;\" data-original-width=\"474\" data-original-height=\"135\" > <div class=\"gallery-group images-1\" style=\"width: 237px; height: 135px;\" data-original-width=\"237\" data-original-height=\"135\" > <div class=\"tiled-gallery-item tiled-gallery-item-small\" itemprop=\"associatedMedia\" itemscope itemtype=\"http:\/\/schema.org\/ImageObject\"> <a href=\"http:\/\/kkvranje-sevnica.net\/?attachment_id=1319\" border=\"0\" itemprop=\"url\"> <meta itemprop=\"width\" content=\"233\"> <meta itemprop=\"height\" content=\"131\"> <img decoding=\"async\" class=\"\" data-attachment-id=\"1319\" data-orig-file=\"http:\/\/kkvranje-sevnica.net\/wp-content\/uploads\/2013\/12\/DSC_0805.jpg\" data-orig-size=\"4096,2304\" data-comments-opened=\"1\" data-image-meta=\"{&quot;aperture&quot;:&quot;2&quot;,&quot;credit&quot;:&quot;&quot;,&quot;camera&quot;:&quot;F3111&quot;,&quot;caption&quot;:&quot;&quot;,&quot;created_timestamp&quot;:&quot;1482923041&quot;,&quot;copyright&quot;:&quot;&quot;,&quot;focal_length&quot;:&quot;3.5&quot;,&quot;iso&quot;:&quot;100&quot;,&quot;shutter_speed&quot;:&quot;0.002437&quot;,&quot;title&quot;:&quot;&quot;,&quot;orientation&quot;:&quot;1&quot;}\" data-image-title=\"dsc_0805\" data-image-description=\"\" data-medium-file=\"https:\/\/i0.wp.com\/kkvranje-sevnica.net\/wp-content\/uploads\/2013\/12\/DSC_0805.jpg?fit=300%2C169\" data-large-file=\"https:\/\/i0.wp.com\/kkvranje-sevnica.net\/wp-content\/uploads\/2013\/12\/DSC_0805.jpg?fit=474%2C267\" src=\"https:\/\/i0.wp.com\/kkvranje-sevnica.net\/wp-content\/uploads\/2013\/12\/DSC_0805.jpg?w=233&#038;h=131\" srcset=\"https:\/\/i0.wp.com\/kkvranje-sevnica.net\/wp-content\/uploads\/2013\/12\/DSC_0805.jpg?w=4096 4096w, https:\/\/i0.wp.com\/kkvranje-sevnica.net\/wp-content\/uploads\/2013\/12\/DSC_0805.jpg?resize=300%2C169 300w, https:\/\/i0.wp.com\/kkvranje-sevnica.net\/wp-content\/uploads\/2013\/12\/DSC_0805.jpg?resize=1024%2C576 1024w, https:\/\/i0.wp.com\/kkvranje-sevnica.net\/wp-content\/uploads\/2013\/12\/DSC_0805.jpg?w=948 948w, https:\/\/i0.wp.com\/kkvranje-sevnica.net\/wp-content\/uploads\/2013\/12\/DSC_0805.jpg?w=1422 1422w\" width=\"233\" height=\"131\" loading=\"lazy\" data-original-width=\"233\" data-original-height=\"131\" itemprop=\"http:\/\/schema.org\/image\" title=\"dsc_0805\" alt=\"dsc_0805\" style=\"width: 233px; height: 131px;\" \/> <\/a> <\/div> <\/div> <!-- close group --> <div class=\"gallery-group images-1\" style=\"width: 237px; height: 135px;\" data-original-width=\"237\" data-original-height=\"135\" > <div class=\"tiled-gallery-item tiled-gallery-item-small\" itemprop=\"associatedMedia\" itemscope itemtype=\"http:\/\/schema.org\/ImageObject\"> <a href=\"http:\/\/kkvranje-sevnica.net\/?attachment_id=1320\" border=\"0\" itemprop=\"url\"> <meta itemprop=\"width\" content=\"233\"> <meta itemprop=\"height\" content=\"131\"> <img decoding=\"async\" class=\"\" data-attachment-id=\"1320\" data-orig-file=\"http:\/\/kkvranje-sevnica.net\/wp-content\/uploads\/2013\/12\/DSC_0792.jpg\" data-orig-size=\"4096,2304\" data-comments-opened=\"1\" data-image-meta=\"{&quot;aperture&quot;:&quot;2&quot;,&quot;credit&quot;:&quot;&quot;,&quot;camera&quot;:&quot;F3111&quot;,&quot;caption&quot;:&quot;&quot;,&quot;created_timestamp&quot;:&quot;1482921914&quot;,&quot;copyright&quot;:&quot;&quot;,&quot;focal_length&quot;:&quot;3.5&quot;,&quot;iso&quot;:&quot;100&quot;,&quot;shutter_speed&quot;:&quot;0.00111&quot;,&quot;title&quot;:&quot;&quot;,&quot;orientation&quot;:&quot;1&quot;}\" data-image-title=\"dsc_0792\" data-image-description=\"\" data-medium-file=\"https:\/\/i0.wp.com\/kkvranje-sevnica.net\/wp-content\/uploads\/2013\/12\/DSC_0792.jpg?fit=300%2C169\" data-large-file=\"https:\/\/i0.wp.com\/kkvranje-sevnica.net\/wp-content\/uploads\/2013\/12\/DSC_0792.jpg?fit=474%2C267\" src=\"https:\/\/i0.wp.com\/kkvranje-sevnica.net\/wp-content\/uploads\/2013\/12\/DSC_0792.jpg?w=233&#038;h=131\" srcset=\"https:\/\/i0.wp.com\/kkvranje-sevnica.net\/wp-content\/uploads\/2013\/12\/DSC_0792.jpg?w=4096 4096w, https:\/\/i0.wp.com\/kkvranje-sevnica.net\/wp-content\/uploads\/2013\/12\/DSC_0792.jpg?resize=300%2C169 300w, https:\/\/i0.wp.com\/kkvranje-sevnica.net\/wp-content\/uploads\/2013\/12\/DSC_0792.jpg?resize=1024%2C576 1024w, https:\/\/i0.wp.com\/kkvranje-sevnica.net\/wp-content\/uploads\/2013\/12\/DSC_0792.jpg?w=948 948w, https:\/\/i0.wp.com\/kkvranje-sevnica.net\/wp-content\/uploads\/2013\/12\/DSC_0792.jpg?w=1422 1422w\" width=\"233\" height=\"131\" loading=\"lazy\" data-original-width=\"233\" data-original-height=\"131\" itemprop=\"http:\/\/schema.org\/image\" title=\"dsc_0792\" alt=\"dsc_0792\" style=\"width: 233px; height: 131px;\" \/> <\/a> <\/div> <\/div> <!-- close group --> <\/div> <!-- close row --> <div class=\"gallery-row\" style=\"width: 474px; height: 135px;\" data-original-width=\"474\" data-original-height=\"135\" > <div class=\"gallery-group images-1\" style=\"width: 237px; height: 135px;\" data-original-width=\"237\" data-original-height=\"135\" > <div class=\"tiled-gallery-item tiled-gallery-item-small\" itemprop=\"associatedMedia\" itemscope itemtype=\"http:\/\/schema.org\/ImageObject\"> <a href=\"http:\/\/kkvranje-sevnica.net\/?attachment_id=1317\" border=\"0\" itemprop=\"url\"> <meta itemprop=\"width\" content=\"233\"> <meta itemprop=\"height\" content=\"131\"> <img decoding=\"async\" class=\"\" data-attachment-id=\"1317\" data-orig-file=\"http:\/\/kkvranje-sevnica.net\/wp-content\/uploads\/2013\/12\/DSC_0807.jpg\" data-orig-size=\"4096,2304\" data-comments-opened=\"1\" data-image-meta=\"{&quot;aperture&quot;:&quot;2&quot;,&quot;credit&quot;:&quot;&quot;,&quot;camera&quot;:&quot;F3111&quot;,&quot;caption&quot;:&quot;&quot;,&quot;created_timestamp&quot;:&quot;1482923048&quot;,&quot;copyright&quot;:&quot;&quot;,&quot;focal_length&quot;:&quot;3.5&quot;,&quot;iso&quot;:&quot;125&quot;,&quot;shutter_speed&quot;:&quot;0.002272&quot;,&quot;title&quot;:&quot;&quot;,&quot;orientation&quot;:&quot;1&quot;}\" data-image-title=\"dsc_0807\" data-image-description=\"\" data-medium-file=\"https:\/\/i0.wp.com\/kkvranje-sevnica.net\/wp-content\/uploads\/2013\/12\/DSC_0807.jpg?fit=300%2C169\" data-large-file=\"https:\/\/i0.wp.com\/kkvranje-sevnica.net\/wp-content\/uploads\/2013\/12\/DSC_0807.jpg?fit=474%2C267\" src=\"https:\/\/i0.wp.com\/kkvranje-sevnica.net\/wp-content\/uploads\/2013\/12\/DSC_0807.jpg?w=233&#038;h=131\" srcset=\"https:\/\/i0.wp.com\/kkvranje-sevnica.net\/wp-content\/uploads\/2013\/12\/DSC_0807.jpg?w=4096 4096w, https:\/\/i0.wp.com\/kkvranje-sevnica.net\/wp-content\/uploads\/2013\/12\/DSC_0807.jpg?resize=300%2C169 300w, https:\/\/i0.wp.com\/kkvranje-sevnica.net\/wp-content\/uploads\/2013\/12\/DSC_0807.jpg?resize=1024%2C576 1024w, https:\/\/i0.wp.com\/kkvranje-sevnica.net\/wp-content\/uploads\/2013\/12\/DSC_0807.jpg?w=948 948w, https:\/\/i0.wp.com\/kkvranje-sevnica.net\/wp-content\/uploads\/2013\/12\/DSC_0807.jpg?w=1422 1422w\" width=\"233\" height=\"131\" loading=\"lazy\" data-original-width=\"233\" data-original-height=\"131\" itemprop=\"http:\/\/schema.org\/image\" title=\"dsc_0807\" alt=\"dsc_0807\" style=\"width: 233px; height: 131px;\" \/> <\/a> <\/div> <\/div> <!-- close group --> <div class=\"gallery-group images-1\" style=\"width: 237px; height: 135px;\" data-original-width=\"237\" data-original-height=\"135\" > <div class=\"tiled-gallery-item tiled-gallery-item-small\" itemprop=\"associatedMedia\" itemscope itemtype=\"http:\/\/schema.org\/ImageObject\"> <a href=\"http:\/\/kkvranje-sevnica.net\/?attachment_id=1306\" border=\"0\" itemprop=\"url\"> <meta itemprop=\"width\" content=\"233\"> <meta itemprop=\"height\" content=\"131\"> <img decoding=\"async\" class=\"\" data-attachment-id=\"1306\" data-orig-file=\"http:\/\/kkvranje-sevnica.net\/wp-content\/uploads\/2013\/12\/DSC_0849.jpg\" data-orig-size=\"4096,2304\" data-comments-opened=\"1\" data-image-meta=\"{&quot;aperture&quot;:&quot;2&quot;,&quot;credit&quot;:&quot;&quot;,&quot;camera&quot;:&quot;F3111&quot;,&quot;caption&quot;:&quot;&quot;,&quot;created_timestamp&quot;:&quot;1482934386&quot;,&quot;copyright&quot;:&quot;&quot;,&quot;focal_length&quot;:&quot;3.5&quot;,&quot;iso&quot;:&quot;125&quot;,&quot;shutter_speed&quot;:&quot;0.004564&quot;,&quot;title&quot;:&quot;&quot;,&quot;orientation&quot;:&quot;1&quot;}\" data-image-title=\"dsc_0849\" data-image-description=\"\" data-medium-file=\"https:\/\/i0.wp.com\/kkvranje-sevnica.net\/wp-content\/uploads\/2013\/12\/DSC_0849.jpg?fit=300%2C169\" data-large-file=\"https:\/\/i0.wp.com\/kkvranje-sevnica.net\/wp-content\/uploads\/2013\/12\/DSC_0849.jpg?fit=474%2C267\" src=\"https:\/\/i0.wp.com\/kkvranje-sevnica.net\/wp-content\/uploads\/2013\/12\/DSC_0849.jpg?w=233&#038;h=131\" srcset=\"https:\/\/i0.wp.com\/kkvranje-sevnica.net\/wp-content\/uploads\/2013\/12\/DSC_0849.jpg?w=4096 4096w, https:\/\/i0.wp.com\/kkvranje-sevnica.net\/wp-content\/uploads\/2013\/12\/DSC_0849.jpg?resize=300%2C169 300w, https:\/\/i0.wp.com\/kkvranje-sevnica.net\/wp-content\/uploads\/2013\/12\/DSC_0849.jpg?resize=1024%2C576 1024w, https:\/\/i0.wp.com\/kkvranje-sevnica.net\/wp-content\/uploads\/2013\/12\/DSC_0849.jpg?w=948 948w, https:\/\/i0.wp.com\/kkvranje-sevnica.net\/wp-content\/uploads\/2013\/12\/DSC_0849.jpg?w=1422 1422w\" width=\"233\" height=\"131\" loading=\"lazy\" data-original-width=\"233\" data-original-height=\"131\" itemprop=\"http:\/\/schema.org\/image\" title=\"dsc_0849\" alt=\"dsc_0849\" style=\"width: 233px; height: 131px;\" \/> <\/a> <\/div> <\/div> <!-- close group --> <\/div> <!-- close row --> <div class=\"gallery-row\" style=\"width: 474px; height: 135px;\" data-original-width=\"474\" data-original-height=\"135\" > <div class=\"gallery-group images-1\" style=\"width: 237px; height: 135px;\" data-original-width=\"237\" data-original-height=\"135\" > <div class=\"tiled-gallery-item tiled-gallery-item-small\" itemprop=\"associatedMedia\" itemscope itemtype=\"http:\/\/schema.org\/ImageObject\"> <a href=\"http:\/\/kkvranje-sevnica.net\/?attachment_id=1304\" border=\"0\" itemprop=\"url\"> <meta itemprop=\"width\" content=\"233\"> <meta itemprop=\"height\" content=\"131\"> <img decoding=\"async\" class=\"\" data-attachment-id=\"1304\" data-orig-file=\"http:\/\/kkvranje-sevnica.net\/wp-content\/uploads\/2013\/12\/DSC_0856.jpg\" data-orig-size=\"4096,2304\" data-comments-opened=\"1\" data-image-meta=\"{&quot;aperture&quot;:&quot;2&quot;,&quot;credit&quot;:&quot;&quot;,&quot;camera&quot;:&quot;F3111&quot;,&quot;caption&quot;:&quot;&quot;,&quot;created_timestamp&quot;:&quot;1482934406&quot;,&quot;copyright&quot;:&quot;&quot;,&quot;focal_length&quot;:&quot;3.5&quot;,&quot;iso&quot;:&quot;125&quot;,&quot;shutter_speed&quot;:&quot;0.006464&quot;,&quot;title&quot;:&quot;&quot;,&quot;orientation&quot;:&quot;1&quot;}\" data-image-title=\"dsc_0856\" data-image-description=\"\" data-medium-file=\"https:\/\/i0.wp.com\/kkvranje-sevnica.net\/wp-content\/uploads\/2013\/12\/DSC_0856.jpg?fit=300%2C169\" data-large-file=\"https:\/\/i0.wp.com\/kkvranje-sevnica.net\/wp-content\/uploads\/2013\/12\/DSC_0856.jpg?fit=474%2C267\" src=\"https:\/\/i0.wp.com\/kkvranje-sevnica.net\/wp-content\/uploads\/2013\/12\/DSC_0856.jpg?w=233&#038;h=131\" srcset=\"https:\/\/i0.wp.com\/kkvranje-sevnica.net\/wp-content\/uploads\/2013\/12\/DSC_0856.jpg?w=4096 4096w, https:\/\/i0.wp.com\/kkvranje-sevnica.net\/wp-content\/uploads\/2013\/12\/DSC_0856.jpg?resize=300%2C169 300w, https:\/\/i0.wp.com\/kkvranje-sevnica.net\/wp-content\/uploads\/2013\/12\/DSC_0856.jpg?resize=1024%2C576 1024w, https:\/\/i0.wp.com\/kkvranje-sevnica.net\/wp-content\/uploads\/2013\/12\/DSC_0856.jpg?w=948 948w, https:\/\/i0.wp.com\/kkvranje-sevnica.net\/wp-content\/uploads\/2013\/12\/DSC_0856.jpg?w=1422 1422w\" width=\"233\" height=\"131\" loading=\"lazy\" data-original-width=\"233\" data-original-height=\"131\" itemprop=\"http:\/\/schema.org\/image\" title=\"dsc_0856\" alt=\"dsc_0856\" style=\"width: 233px; height: 131px;\" \/> <\/a> <\/div> <\/div> <!-- close group --> <div class=\"gallery-group images-1\" style=\"width: 237px; height: 135px;\" data-original-width=\"237\" data-original-height=\"135\" > <div class=\"tiled-gallery-item tiled-gallery-item-small\" itemprop=\"associatedMedia\" itemscope itemtype=\"http:\/\/schema.org\/ImageObject\"> <a href=\"http:\/\/kkvranje-sevnica.net\/?attachment_id=1302\" border=\"0\" itemprop=\"url\"> <meta itemprop=\"width\" content=\"233\"> <meta itemprop=\"height\" content=\"131\"> <img decoding=\"async\" class=\"\" data-attachment-id=\"1302\" data-orig-file=\"http:\/\/kkvranje-sevnica.net\/wp-content\/uploads\/2013\/12\/DSC_0862.jpg\" data-orig-size=\"4096,2304\" data-comments-opened=\"1\" data-image-meta=\"{&quot;aperture&quot;:&quot;2&quot;,&quot;credit&quot;:&quot;&quot;,&quot;camera&quot;:&quot;F3111&quot;,&quot;caption&quot;:&quot;&quot;,&quot;created_timestamp&quot;:&quot;1482934537&quot;,&quot;copyright&quot;:&quot;&quot;,&quot;focal_length&quot;:&quot;3.5&quot;,&quot;iso&quot;:&quot;125&quot;,&quot;shutter_speed&quot;:&quot;0.00603&quot;,&quot;title&quot;:&quot;&quot;,&quot;orientation&quot;:&quot;1&quot;}\" data-image-title=\"dsc_0862\" data-image-description=\"\" data-medium-file=\"https:\/\/i0.wp.com\/kkvranje-sevnica.net\/wp-content\/uploads\/2013\/12\/DSC_0862.jpg?fit=300%2C169\" data-large-file=\"https:\/\/i0.wp.com\/kkvranje-sevnica.net\/wp-content\/uploads\/2013\/12\/DSC_0862.jpg?fit=474%2C267\" src=\"https:\/\/i0.wp.com\/kkvranje-sevnica.net\/wp-content\/uploads\/2013\/12\/DSC_0862.jpg?w=233&#038;h=131\" srcset=\"https:\/\/i0.wp.com\/kkvranje-sevnica.net\/wp-content\/uploads\/2013\/12\/DSC_0862.jpg?w=4096 4096w, https:\/\/i0.wp.com\/kkvranje-sevnica.net\/wp-content\/uploads\/2013\/12\/DSC_0862.jpg?resize=300%2C169 300w, https:\/\/i0.wp.com\/kkvranje-sevnica.net\/wp-content\/uploads\/2013\/12\/DSC_0862.jpg?resize=1024%2C576 1024w, https:\/\/i0.wp.com\/kkvranje-sevnica.net\/wp-content\/uploads\/2013\/12\/DSC_0862.jpg?w=948 948w, https:\/\/i0.wp.com\/kkvranje-sevnica.net\/wp-content\/uploads\/2013\/12\/DSC_0862.jpg?w=1422 1422w\" width=\"233\" height=\"131\" loading=\"lazy\" data-original-width=\"233\" data-original-height=\"131\" itemprop=\"http:\/\/schema.org\/image\" title=\"dsc_0862\" alt=\"dsc_0862\" style=\"width: 233px; height: 131px;\" \/> <\/a> <\/div> <\/div> <!-- close group --> <\/div> <!-- close row --> <div class=\"gallery-row\" style=\"width: 474px; height: 135px;\" data-original-width=\"474\" data-original-height=\"135\" > <div class=\"gallery-group images-1\" style=\"width: 237px; height: 135px;\" data-original-width=\"237\" data-original-height=\"135\" > <div class=\"tiled-gallery-item tiled-gallery-item-small\" itemprop=\"associatedMedia\" itemscope itemtype=\"http:\/\/schema.org\/ImageObject\"> <a href=\"http:\/\/kkvranje-sevnica.net\/?attachment_id=1303\" border=\"0\" itemprop=\"url\"> <meta itemprop=\"width\" content=\"233\"> <meta itemprop=\"height\" content=\"131\"> <img decoding=\"async\" class=\"\" data-attachment-id=\"1303\" data-orig-file=\"http:\/\/kkvranje-sevnica.net\/wp-content\/uploads\/2013\/12\/DSC_0859.jpg\" data-orig-size=\"4096,2304\" data-comments-opened=\"1\" data-image-meta=\"{&quot;aperture&quot;:&quot;2&quot;,&quot;credit&quot;:&quot;&quot;,&quot;camera&quot;:&quot;F3111&quot;,&quot;caption&quot;:&quot;&quot;,&quot;created_timestamp&quot;:&quot;1482934488&quot;,&quot;copyright&quot;:&quot;&quot;,&quot;focal_length&quot;:&quot;3.5&quot;,&quot;iso&quot;:&quot;125&quot;,&quot;shutter_speed&quot;:&quot;0.004915&quot;,&quot;title&quot;:&quot;&quot;,&quot;orientation&quot;:&quot;1&quot;}\" data-image-title=\"dsc_0859\" data-image-description=\"\" data-medium-file=\"https:\/\/i0.wp.com\/kkvranje-sevnica.net\/wp-content\/uploads\/2013\/12\/DSC_0859.jpg?fit=300%2C169\" data-large-file=\"https:\/\/i0.wp.com\/kkvranje-sevnica.net\/wp-content\/uploads\/2013\/12\/DSC_0859.jpg?fit=474%2C267\" src=\"https:\/\/i0.wp.com\/kkvranje-sevnica.net\/wp-content\/uploads\/2013\/12\/DSC_0859.jpg?w=233&#038;h=131\" srcset=\"https:\/\/i0.wp.com\/kkvranje-sevnica.net\/wp-content\/uploads\/2013\/12\/DSC_0859.jpg?w=4096 4096w, https:\/\/i0.wp.com\/kkvranje-sevnica.net\/wp-content\/uploads\/2013\/12\/DSC_0859.jpg?resize=300%2C169 300w, https:\/\/i0.wp.com\/kkvranje-sevnica.net\/wp-content\/uploads\/2013\/12\/DSC_0859.jpg?resize=1024%2C576 1024w, https:\/\/i0.wp.com\/kkvranje-sevnica.net\/wp-content\/uploads\/2013\/12\/DSC_0859.jpg?w=948 948w, https:\/\/i0.wp.com\/kkvranje-sevnica.net\/wp-content\/uploads\/2013\/12\/DSC_0859.jpg?w=1422 1422w\" width=\"233\" height=\"131\" loading=\"lazy\" data-original-width=\"233\" data-original-height=\"131\" itemprop=\"http:\/\/schema.org\/image\" title=\"dsc_0859\" alt=\"dsc_0859\" style=\"width: 233px; height: 131px;\" \/> <\/a> <\/div> <\/div> <!-- close group --> <div class=\"gallery-group images-1\" style=\"width: 237px; height: 135px;\" data-original-width=\"237\" data-original-height=\"135\" > <div class=\"tiled-gallery-item tiled-gallery-item-small\" itemprop=\"associatedMedia\" itemscope itemtype=\"http:\/\/schema.org\/ImageObject\"> <a href=\"http:\/\/kkvranje-sevnica.net\/?attachment_id=1313\" border=\"0\" itemprop=\"url\"> <meta itemprop=\"width\" content=\"233\"> <meta itemprop=\"height\" content=\"131\"> <img decoding=\"async\" class=\"\" data-attachment-id=\"1313\" data-orig-file=\"http:\/\/kkvranje-sevnica.net\/wp-content\/uploads\/2013\/12\/DSC_0823.jpg\" data-orig-size=\"4096,2304\" data-comments-opened=\"1\" data-image-meta=\"{&quot;aperture&quot;:&quot;2&quot;,&quot;credit&quot;:&quot;&quot;,&quot;camera&quot;:&quot;F3111&quot;,&quot;caption&quot;:&quot;&quot;,&quot;created_timestamp&quot;:&quot;1482928145&quot;,&quot;copyright&quot;:&quot;&quot;,&quot;focal_length&quot;:&quot;3.5&quot;,&quot;iso&quot;:&quot;160&quot;,&quot;shutter_speed&quot;:&quot;0.030004&quot;,&quot;title&quot;:&quot;&quot;,&quot;orientation&quot;:&quot;1&quot;}\" data-image-title=\"dsc_0823\" data-image-description=\"\" data-medium-file=\"https:\/\/i0.wp.com\/kkvranje-sevnica.net\/wp-content\/uploads\/2013\/12\/DSC_0823.jpg?fit=300%2C169\" data-large-file=\"https:\/\/i0.wp.com\/kkvranje-sevnica.net\/wp-content\/uploads\/2013\/12\/DSC_0823.jpg?fit=474%2C267\" src=\"https:\/\/i0.wp.com\/kkvranje-sevnica.net\/wp-content\/uploads\/2013\/12\/DSC_0823.jpg?w=233&#038;h=131\" srcset=\"https:\/\/i0.wp.com\/kkvranje-sevnica.net\/wp-content\/uploads\/2013\/12\/DSC_0823.jpg?w=4096 4096w, https:\/\/i0.wp.com\/kkvranje-sevnica.net\/wp-content\/uploads\/2013\/12\/DSC_0823.jpg?resize=300%2C169 300w, https:\/\/i0.wp.com\/kkvranje-sevnica.net\/wp-content\/uploads\/2013\/12\/DSC_0823.jpg?resize=1024%2C576 1024w, https:\/\/i0.wp.com\/kkvranje-sevnica.net\/wp-content\/uploads\/2013\/12\/DSC_0823.jpg?w=948 948w, https:\/\/i0.wp.com\/kkvranje-sevnica.net\/wp-content\/uploads\/2013\/12\/DSC_0823.jpg?w=1422 1422w\" width=\"233\" height=\"131\" loading=\"lazy\" data-original-width=\"233\" data-original-height=\"131\" itemprop=\"http:\/\/schema.org\/image\" title=\"dsc_0823\" alt=\"dsc_0823\" style=\"width: 233px; height: 131px;\" \/> <\/a> <\/div> <\/div> <!-- close group --> <\/div> <!-- close row --> <\/div>\n","protected":false},"excerpt":{"rendered":"<p>Na \u010dudovito sredo pred novim letom sta se Ajda in Bloom odlo\u010dili pripraviti zabavo \ud83d\ude42 povabili sta otroke in se z njimi zabavali. Najprej sta jih nosili na svojem hrbtu, potem sta jim spekli ope\u010dene kruhke, jima pokazali kako je treba skrbeti zanju in za kozice. Kot presene\u010denje pa sta jim pripravili igro agilityja. Skupaj &hellip; <a href=\"http:\/\/kkvranje-sevnica.net\/?page_id=1344\" class=\"more-link\">Continue reading <span class=\"screen-reader-text\">Prednovoletne delavnice z Bloom in Ajdo<\/span> <span class=\"meta-nav\">&rarr;<\/span><\/a><\/p>\n","protected":false},"author":1,"featured_media":0,"parent":0,"menu_order":0,"comment_status":"closed","ping_status":"closed","template":"","meta":{"ngg_post_thumbnail":0,"jetpack_post_was_ever_published":false,"footnotes":""},"class_list":["post-1344","page","type-page","status-publish","hentry"],"jetpack_sharing_enabled":true,"jetpack_shortlink":"https:\/\/wp.me\/P4cz9w-lG","jetpack_likes_enabled":true,"_links":{"self":[{"href":"http:\/\/kkvranje-sevnica.net\/index.php?rest_route=\/wp\/v2\/pages\/1344","targetHints":{"allow":["GET"]}}],"collection":[{"href":"http:\/\/kkvranje-sevnica.net\/index.php?rest_route=\/wp\/v2\/pages"}],"about":[{"href":"http:\/\/kkvranje-sevnica.net\/index.php?rest_route=\/wp\/v2\/types\/page"}],"author":[{"embeddable":true,"href":"http:\/\/kkvranje-sevnica.net\/index.php?rest_route=\/wp\/v2\/users\/1"}],"replies":[{"embeddable":true,"href":"http:\/\/kkvranje-sevnica.net\/index.php?rest_route=%2Fwp%2Fv2%2Fcomments&post=1344"}],"version-history":[{"count":2,"href":"http:\/\/kkvranje-sevnica.net\/index.php?rest_route=\/wp\/v2\/pages\/1344\/revisions"}],"predecessor-version":[{"id":1347,"href":"http:\/\/kkvranje-sevnica.net\/index.php?rest_route=\/wp\/v2\/pages\/1344\/revisions\/1347"}],"wp:attachment":[{"href":"http:\/\/kkvranje-sevnica.net\/index.php?rest_route=%2Fwp%2Fv2%2Fmedia&parent=1344"}],"curies":[{"name":"wp","href":"https:\/\/api.w.org\/{rel}","templated":true}]}}