{"id":1371,"date":"2017-06-02T07:40:05","date_gmt":"2017-06-02T06:40:05","guid":{"rendered":"http:\/\/kkvranje-sevnica.net\/?page_id=1371"},"modified":"2020-05-11T20:45:12","modified_gmt":"2020-05-11T19:45:12","slug":"cann","status":"publish","type":"page","link":"http:\/\/kkvranje-sevnica.net\/?page_id=1371","title":{"rendered":"Cann"},"content":{"rendered":"<p>(Veli)Cann je k nam pri\u0161el konec februarja 2017. Je najbolj izku\u0161en v&nbsp; na\u0161i \u010dredi.. Tekmoval je v dresuri in preskakovanju ovir, na njem so se u\u010dili \u0161tevilni otroci in odrasli. Z nami se je udele\u017eil nekaj tekmovanj, ve\u010dinoma pa je njegovo poslanstvo, da s nadobudnimi jaha\u010di deli svoje znanje.&nbsp; V mane\u017ei od jaha\u010da zahteva doslednost, na terenu pa z veseljem poka\u017ee svojo hitrost in tekmovalnost.&nbsp;<\/p>\n<hr>\n<p>&nbsp;<\/p>\n<p>&nbsp;<\/p>\n<div class=\"tiled-gallery type-rectangular tiled-gallery-unresized\" data-original-width=\"474\" data-carousel-extra='{&quot;blog_id&quot;:1,&quot;permalink&quot;:&quot;http:\\\/\\\/kkvranje-sevnica.net\\\/?page_id=1371&quot;,&quot;likes_blog_id&quot;:62100410}' itemscope itemtype=\"http:\/\/schema.org\/ImageGallery\" > <div class=\"gallery-row\" style=\"width: 474px; height: 215px;\" data-original-width=\"474\" data-original-height=\"215\" > <div class=\"gallery-group images-2\" style=\"width: 188px; height: 215px;\" data-original-width=\"188\" data-original-height=\"215\" > <div class=\"tiled-gallery-item tiled-gallery-item-small\" itemprop=\"associatedMedia\" itemscope itemtype=\"http:\/\/schema.org\/ImageObject\"> <a href=\"http:\/\/kkvranje-sevnica.net\/?attachment_id=1374\" border=\"0\" itemprop=\"url\"> <meta itemprop=\"width\" content=\"184\"> <meta itemprop=\"height\" content=\"104\"> <img decoding=\"async\" class=\"\" data-attachment-id=\"1374\" data-orig-file=\"http:\/\/kkvranje-sevnica.net\/wp-content\/uploads\/2017\/06\/DSC_1180.jpg\" data-orig-size=\"4096,2304\" data-comments-opened=\"1\" data-image-meta=\"{&quot;aperture&quot;:&quot;2&quot;,&quot;credit&quot;:&quot;&quot;,&quot;camera&quot;:&quot;F3111&quot;,&quot;caption&quot;:&quot;&quot;,&quot;created_timestamp&quot;:&quot;1495196763&quot;,&quot;copyright&quot;:&quot;&quot;,&quot;focal_length&quot;:&quot;3.5&quot;,&quot;iso&quot;:&quot;125&quot;,&quot;shutter_speed&quot;:&quot;0.00795&quot;,&quot;title&quot;:&quot;&quot;,&quot;orientation&quot;:&quot;1&quot;}\" data-image-title=\"DSC_1180\" data-image-description=\"\" data-medium-file=\"https:\/\/i0.wp.com\/kkvranje-sevnica.net\/wp-content\/uploads\/2017\/06\/DSC_1180.jpg?fit=300%2C169\" data-large-file=\"https:\/\/i0.wp.com\/kkvranje-sevnica.net\/wp-content\/uploads\/2017\/06\/DSC_1180.jpg?fit=474%2C267\" src=\"https:\/\/i0.wp.com\/kkvranje-sevnica.net\/wp-content\/uploads\/2017\/06\/DSC_1180.jpg?w=184&#038;h=104\" srcset=\"https:\/\/i0.wp.com\/kkvranje-sevnica.net\/wp-content\/uploads\/2017\/06\/DSC_1180.jpg?w=4096 4096w, https:\/\/i0.wp.com\/kkvranje-sevnica.net\/wp-content\/uploads\/2017\/06\/DSC_1180.jpg?resize=300%2C169 300w, https:\/\/i0.wp.com\/kkvranje-sevnica.net\/wp-content\/uploads\/2017\/06\/DSC_1180.jpg?resize=1024%2C576 1024w, https:\/\/i0.wp.com\/kkvranje-sevnica.net\/wp-content\/uploads\/2017\/06\/DSC_1180.jpg?w=948 948w, https:\/\/i0.wp.com\/kkvranje-sevnica.net\/wp-content\/uploads\/2017\/06\/DSC_1180.jpg?w=1422 1422w\" width=\"184\" height=\"104\" loading=\"lazy\" data-original-width=\"184\" data-original-height=\"104\" itemprop=\"http:\/\/schema.org\/image\" title=\"DSC_1180\" alt=\"DSC_1180\" style=\"width: 184px; height: 104px;\" \/> <\/a> <\/div> <div class=\"tiled-gallery-item tiled-gallery-item-small\" itemprop=\"associatedMedia\" itemscope itemtype=\"http:\/\/schema.org\/ImageObject\"> <a href=\"http:\/\/kkvranje-sevnica.net\/?attachment_id=1372\" border=\"0\" itemprop=\"url\"> <meta itemprop=\"width\" content=\"184\"> <meta itemprop=\"height\" content=\"103\"> <img decoding=\"async\" class=\"\" data-attachment-id=\"1372\" data-orig-file=\"http:\/\/kkvranje-sevnica.net\/wp-content\/uploads\/2017\/06\/DSC_0022.jpg\" data-orig-size=\"4096,2304\" data-comments-opened=\"1\" data-image-meta=\"{&quot;aperture&quot;:&quot;2&quot;,&quot;credit&quot;:&quot;&quot;,&quot;camera&quot;:&quot;F3111&quot;,&quot;caption&quot;:&quot;&quot;,&quot;created_timestamp&quot;:&quot;1490688438&quot;,&quot;copyright&quot;:&quot;&quot;,&quot;focal_length&quot;:&quot;3.5&quot;,&quot;iso&quot;:&quot;100&quot;,&quot;shutter_speed&quot;:&quot;0.003944&quot;,&quot;title&quot;:&quot;&quot;,&quot;orientation&quot;:&quot;1&quot;}\" data-image-title=\"DSC_0022\" data-image-description=\"\" data-medium-file=\"https:\/\/i0.wp.com\/kkvranje-sevnica.net\/wp-content\/uploads\/2017\/06\/DSC_0022.jpg?fit=300%2C169\" data-large-file=\"https:\/\/i0.wp.com\/kkvranje-sevnica.net\/wp-content\/uploads\/2017\/06\/DSC_0022.jpg?fit=474%2C267\" src=\"https:\/\/i0.wp.com\/kkvranje-sevnica.net\/wp-content\/uploads\/2017\/06\/DSC_0022.jpg?w=184&#038;h=103\" srcset=\"https:\/\/i0.wp.com\/kkvranje-sevnica.net\/wp-content\/uploads\/2017\/06\/DSC_0022.jpg?w=4096 4096w, https:\/\/i0.wp.com\/kkvranje-sevnica.net\/wp-content\/uploads\/2017\/06\/DSC_0022.jpg?resize=300%2C169 300w, https:\/\/i0.wp.com\/kkvranje-sevnica.net\/wp-content\/uploads\/2017\/06\/DSC_0022.jpg?resize=1024%2C576 1024w, https:\/\/i0.wp.com\/kkvranje-sevnica.net\/wp-content\/uploads\/2017\/06\/DSC_0022.jpg?w=948 948w, https:\/\/i0.wp.com\/kkvranje-sevnica.net\/wp-content\/uploads\/2017\/06\/DSC_0022.jpg?w=1422 1422w\" width=\"184\" height=\"103\" loading=\"lazy\" data-original-width=\"184\" data-original-height=\"103\" itemprop=\"http:\/\/schema.org\/image\" title=\"DSC_0022\" alt=\"DSC_0022\" style=\"width: 184px; height: 103px;\" \/> <\/a> <\/div> <\/div> <!-- close group --> <div class=\"gallery-group images-1\" style=\"width: 286px; height: 215px;\" data-original-width=\"286\" data-original-height=\"215\" > <div class=\"tiled-gallery-item tiled-gallery-item-large\" itemprop=\"associatedMedia\" itemscope itemtype=\"http:\/\/schema.org\/ImageObject\"> <a href=\"http:\/\/kkvranje-sevnica.net\/?attachment_id=1902\" border=\"0\" itemprop=\"url\"> <meta itemprop=\"width\" content=\"282\"> <meta itemprop=\"height\" content=\"211\"> <img decoding=\"async\" class=\"\" data-attachment-id=\"1902\" data-orig-file=\"http:\/\/kkvranje-sevnica.net\/wp-content\/uploads\/2017\/06\/DSC_1372.jpg\" data-orig-size=\"4160,3120\" data-comments-opened=\"1\" data-image-meta=\"{&quot;aperture&quot;:&quot;2&quot;,&quot;credit&quot;:&quot;&quot;,&quot;camera&quot;:&quot;F3111&quot;,&quot;caption&quot;:&quot;&quot;,&quot;created_timestamp&quot;:&quot;1487060351&quot;,&quot;copyright&quot;:&quot;&quot;,&quot;focal_length&quot;:&quot;3.5&quot;,&quot;iso&quot;:&quot;125&quot;,&quot;shutter_speed&quot;:&quot;0.001487&quot;,&quot;title&quot;:&quot;&quot;,&quot;orientation&quot;:&quot;1&quot;}\" data-image-title=\"DSC_1372\" data-image-description=\"\" data-medium-file=\"https:\/\/i0.wp.com\/kkvranje-sevnica.net\/wp-content\/uploads\/2017\/06\/DSC_1372.jpg?fit=300%2C225\" data-large-file=\"https:\/\/i0.wp.com\/kkvranje-sevnica.net\/wp-content\/uploads\/2017\/06\/DSC_1372.jpg?fit=474%2C356\" src=\"https:\/\/i0.wp.com\/kkvranje-sevnica.net\/wp-content\/uploads\/2017\/06\/DSC_1372.jpg?w=282&#038;h=211\" srcset=\"https:\/\/i0.wp.com\/kkvranje-sevnica.net\/wp-content\/uploads\/2017\/06\/DSC_1372.jpg?w=4160 4160w, https:\/\/i0.wp.com\/kkvranje-sevnica.net\/wp-content\/uploads\/2017\/06\/DSC_1372.jpg?resize=300%2C225 300w, https:\/\/i0.wp.com\/kkvranje-sevnica.net\/wp-content\/uploads\/2017\/06\/DSC_1372.jpg?resize=1024%2C768 1024w, https:\/\/i0.wp.com\/kkvranje-sevnica.net\/wp-content\/uploads\/2017\/06\/DSC_1372.jpg?w=948 948w, https:\/\/i0.wp.com\/kkvranje-sevnica.net\/wp-content\/uploads\/2017\/06\/DSC_1372.jpg?w=1422 1422w\" width=\"282\" height=\"211\" loading=\"lazy\" data-original-width=\"282\" data-original-height=\"211\" itemprop=\"http:\/\/schema.org\/image\" title=\"DSC_1372\" alt=\"DSC_1372\" style=\"width: 282px; height: 211px;\" \/> <\/a> <\/div> <\/div> <!-- close group --> <\/div> <!-- close row --> <div class=\"gallery-row\" style=\"width: 474px; height: 228px;\" data-original-width=\"474\" data-original-height=\"228\" > <div class=\"gallery-group images-1\" style=\"width: 302px; height: 228px;\" data-original-width=\"302\" data-original-height=\"228\" > <div class=\"tiled-gallery-item tiled-gallery-item-large\" itemprop=\"associatedMedia\" itemscope itemtype=\"http:\/\/schema.org\/ImageObject\"> <a href=\"http:\/\/kkvranje-sevnica.net\/?attachment_id=1903\" border=\"0\" itemprop=\"url\"> <meta itemprop=\"width\" content=\"298\"> <meta itemprop=\"height\" content=\"224\"> <img decoding=\"async\" class=\"\" data-attachment-id=\"1903\" data-orig-file=\"http:\/\/kkvranje-sevnica.net\/wp-content\/uploads\/2017\/06\/DSC_1391.jpg\" data-orig-size=\"4160,3120\" data-comments-opened=\"1\" data-image-meta=\"{&quot;aperture&quot;:&quot;2&quot;,&quot;credit&quot;:&quot;&quot;,&quot;camera&quot;:&quot;F3111&quot;,&quot;caption&quot;:&quot;&quot;,&quot;created_timestamp&quot;:&quot;1487060556&quot;,&quot;copyright&quot;:&quot;&quot;,&quot;focal_length&quot;:&quot;3.5&quot;,&quot;iso&quot;:&quot;100&quot;,&quot;shutter_speed&quot;:&quot;0.003607&quot;,&quot;title&quot;:&quot;&quot;,&quot;orientation&quot;:&quot;1&quot;}\" data-image-title=\"DSC_1391\" data-image-description=\"\" data-medium-file=\"https:\/\/i0.wp.com\/kkvranje-sevnica.net\/wp-content\/uploads\/2017\/06\/DSC_1391.jpg?fit=300%2C225\" data-large-file=\"https:\/\/i0.wp.com\/kkvranje-sevnica.net\/wp-content\/uploads\/2017\/06\/DSC_1391.jpg?fit=474%2C356\" src=\"https:\/\/i0.wp.com\/kkvranje-sevnica.net\/wp-content\/uploads\/2017\/06\/DSC_1391.jpg?w=298&#038;h=224\" srcset=\"https:\/\/i0.wp.com\/kkvranje-sevnica.net\/wp-content\/uploads\/2017\/06\/DSC_1391.jpg?w=4160 4160w, https:\/\/i0.wp.com\/kkvranje-sevnica.net\/wp-content\/uploads\/2017\/06\/DSC_1391.jpg?resize=300%2C225 300w, https:\/\/i0.wp.com\/kkvranje-sevnica.net\/wp-content\/uploads\/2017\/06\/DSC_1391.jpg?resize=1024%2C768 1024w, https:\/\/i0.wp.com\/kkvranje-sevnica.net\/wp-content\/uploads\/2017\/06\/DSC_1391.jpg?w=948 948w, https:\/\/i0.wp.com\/kkvranje-sevnica.net\/wp-content\/uploads\/2017\/06\/DSC_1391.jpg?w=1422 1422w\" width=\"298\" height=\"224\" loading=\"lazy\" data-original-width=\"298\" data-original-height=\"224\" itemprop=\"http:\/\/schema.org\/image\" title=\"DSC_1391\" alt=\"DSC_1391\" style=\"width: 298px; height: 224px;\" \/> <\/a> <\/div> <\/div> <!-- close group --> <div class=\"gallery-group images-1\" style=\"width: 172px; height: 228px;\" data-original-width=\"172\" data-original-height=\"228\" > <div class=\"tiled-gallery-item tiled-gallery-item-small\" itemprop=\"associatedMedia\" itemscope itemtype=\"http:\/\/schema.org\/ImageObject\"> <a href=\"http:\/\/kkvranje-sevnica.net\/?attachment_id=1899\" border=\"0\" itemprop=\"url\"> <meta itemprop=\"width\" content=\"168\"> <meta itemprop=\"height\" content=\"224\"> <img decoding=\"async\" class=\"\" data-attachment-id=\"1899\" data-orig-file=\"http:\/\/kkvranje-sevnica.net\/wp-content\/uploads\/2017\/06\/21706152_1737243119903873_2075876031_o.jpg\" data-orig-size=\"1359,1812\" data-comments-opened=\"1\" data-image-meta=\"{&quot;aperture&quot;:&quot;0&quot;,&quot;credit&quot;:&quot;&quot;,&quot;camera&quot;:&quot;&quot;,&quot;caption&quot;:&quot;&quot;,&quot;created_timestamp&quot;:&quot;0&quot;,&quot;copyright&quot;:&quot;&quot;,&quot;focal_length&quot;:&quot;0&quot;,&quot;iso&quot;:&quot;0&quot;,&quot;shutter_speed&quot;:&quot;0&quot;,&quot;title&quot;:&quot;&quot;,&quot;orientation&quot;:&quot;0&quot;}\" data-image-title=\"21706152_1737243119903873_2075876031_o\" data-image-description=\"\" data-medium-file=\"https:\/\/i0.wp.com\/kkvranje-sevnica.net\/wp-content\/uploads\/2017\/06\/21706152_1737243119903873_2075876031_o.jpg?fit=225%2C300\" data-large-file=\"https:\/\/i0.wp.com\/kkvranje-sevnica.net\/wp-content\/uploads\/2017\/06\/21706152_1737243119903873_2075876031_o.jpg?fit=474%2C632\" src=\"https:\/\/i0.wp.com\/kkvranje-sevnica.net\/wp-content\/uploads\/2017\/06\/21706152_1737243119903873_2075876031_o.jpg?w=168&#038;h=224\" srcset=\"https:\/\/i0.wp.com\/kkvranje-sevnica.net\/wp-content\/uploads\/2017\/06\/21706152_1737243119903873_2075876031_o.jpg?w=1359 1359w, https:\/\/i0.wp.com\/kkvranje-sevnica.net\/wp-content\/uploads\/2017\/06\/21706152_1737243119903873_2075876031_o.jpg?resize=225%2C300 225w, https:\/\/i0.wp.com\/kkvranje-sevnica.net\/wp-content\/uploads\/2017\/06\/21706152_1737243119903873_2075876031_o.jpg?resize=768%2C1024 768w, https:\/\/i0.wp.com\/kkvranje-sevnica.net\/wp-content\/uploads\/2017\/06\/21706152_1737243119903873_2075876031_o.jpg?w=948 948w\" width=\"168\" height=\"224\" loading=\"lazy\" data-original-width=\"168\" data-original-height=\"224\" itemprop=\"http:\/\/schema.org\/image\" title=\"21706152_1737243119903873_2075876031_o\" alt=\"21706152_1737243119903873_2075876031_o\" style=\"width: 168px; height: 224px;\" \/> <\/a> <\/div> <\/div> <!-- close group --> <\/div> <!-- close row --> <div class=\"gallery-row\" style=\"width: 474px; height: 98px;\" data-original-width=\"474\" data-original-height=\"98\" > <div class=\"gallery-group images-1\" style=\"width: 130px; height: 98px;\" data-original-width=\"130\" data-original-height=\"98\" > <div class=\"tiled-gallery-item tiled-gallery-item-small\" itemprop=\"associatedMedia\" itemscope itemtype=\"http:\/\/schema.org\/ImageObject\"> <a href=\"http:\/\/kkvranje-sevnica.net\/?attachment_id=1900\" border=\"0\" itemprop=\"url\"> <meta itemprop=\"width\" content=\"126\"> <meta itemprop=\"height\" content=\"94\"> <img decoding=\"async\" class=\"\" data-attachment-id=\"1900\" data-orig-file=\"http:\/\/kkvranje-sevnica.net\/wp-content\/uploads\/2017\/06\/21706302_1737243129903872_1141892694_o.jpg\" data-orig-size=\"1812,1359\" data-comments-opened=\"1\" data-image-meta=\"{&quot;aperture&quot;:&quot;0&quot;,&quot;credit&quot;:&quot;&quot;,&quot;camera&quot;:&quot;&quot;,&quot;caption&quot;:&quot;&quot;,&quot;created_timestamp&quot;:&quot;0&quot;,&quot;copyright&quot;:&quot;&quot;,&quot;focal_length&quot;:&quot;0&quot;,&quot;iso&quot;:&quot;0&quot;,&quot;shutter_speed&quot;:&quot;0&quot;,&quot;title&quot;:&quot;&quot;,&quot;orientation&quot;:&quot;0&quot;}\" data-image-title=\"21706302_1737243129903872_1141892694_o\" data-image-description=\"\" data-medium-file=\"https:\/\/i0.wp.com\/kkvranje-sevnica.net\/wp-content\/uploads\/2017\/06\/21706302_1737243129903872_1141892694_o.jpg?fit=300%2C225\" data-large-file=\"https:\/\/i0.wp.com\/kkvranje-sevnica.net\/wp-content\/uploads\/2017\/06\/21706302_1737243129903872_1141892694_o.jpg?fit=474%2C356\" src=\"https:\/\/i0.wp.com\/kkvranje-sevnica.net\/wp-content\/uploads\/2017\/06\/21706302_1737243129903872_1141892694_o.jpg?w=126&#038;h=94\" srcset=\"https:\/\/i0.wp.com\/kkvranje-sevnica.net\/wp-content\/uploads\/2017\/06\/21706302_1737243129903872_1141892694_o.jpg?w=1812 1812w, https:\/\/i0.wp.com\/kkvranje-sevnica.net\/wp-content\/uploads\/2017\/06\/21706302_1737243129903872_1141892694_o.jpg?resize=300%2C225 300w, https:\/\/i0.wp.com\/kkvranje-sevnica.net\/wp-content\/uploads\/2017\/06\/21706302_1737243129903872_1141892694_o.jpg?resize=1024%2C768 1024w, https:\/\/i0.wp.com\/kkvranje-sevnica.net\/wp-content\/uploads\/2017\/06\/21706302_1737243129903872_1141892694_o.jpg?w=948 948w, https:\/\/i0.wp.com\/kkvranje-sevnica.net\/wp-content\/uploads\/2017\/06\/21706302_1737243129903872_1141892694_o.jpg?w=1422 1422w\" width=\"126\" height=\"94\" loading=\"lazy\" data-original-width=\"126\" data-original-height=\"94\" itemprop=\"http:\/\/schema.org\/image\" title=\"21706302_1737243129903872_1141892694_o\" alt=\"21706302_1737243129903872_1141892694_o\" style=\"width: 126px; height: 94px;\" \/> <\/a> <\/div> <\/div> <!-- close group --> <div class=\"gallery-group images-1\" style=\"width: 75px; height: 98px;\" data-original-width=\"75\" data-original-height=\"98\" > <div class=\"tiled-gallery-item tiled-gallery-item-small\" itemprop=\"associatedMedia\" itemscope itemtype=\"http:\/\/schema.org\/ImageObject\"> <a href=\"http:\/\/kkvranje-sevnica.net\/?attachment_id=1901\" border=\"0\" itemprop=\"url\"> <meta itemprop=\"width\" content=\"71\"> <meta itemprop=\"height\" content=\"94\"> <img decoding=\"async\" class=\"\" data-attachment-id=\"1901\" data-orig-file=\"http:\/\/kkvranje-sevnica.net\/wp-content\/uploads\/2017\/06\/21844351_1737239563237562_512854389_o.jpg\" data-orig-size=\"1359,1812\" data-comments-opened=\"1\" data-image-meta=\"{&quot;aperture&quot;:&quot;0&quot;,&quot;credit&quot;:&quot;&quot;,&quot;camera&quot;:&quot;&quot;,&quot;caption&quot;:&quot;&quot;,&quot;created_timestamp&quot;:&quot;0&quot;,&quot;copyright&quot;:&quot;&quot;,&quot;focal_length&quot;:&quot;0&quot;,&quot;iso&quot;:&quot;0&quot;,&quot;shutter_speed&quot;:&quot;0&quot;,&quot;title&quot;:&quot;&quot;,&quot;orientation&quot;:&quot;0&quot;}\" data-image-title=\"21844351_1737239563237562_512854389_o\" data-image-description=\"\" data-medium-file=\"https:\/\/i0.wp.com\/kkvranje-sevnica.net\/wp-content\/uploads\/2017\/06\/21844351_1737239563237562_512854389_o.jpg?fit=225%2C300\" data-large-file=\"https:\/\/i0.wp.com\/kkvranje-sevnica.net\/wp-content\/uploads\/2017\/06\/21844351_1737239563237562_512854389_o.jpg?fit=474%2C632\" src=\"https:\/\/i0.wp.com\/kkvranje-sevnica.net\/wp-content\/uploads\/2017\/06\/21844351_1737239563237562_512854389_o.jpg?w=71&#038;h=94\" srcset=\"https:\/\/i0.wp.com\/kkvranje-sevnica.net\/wp-content\/uploads\/2017\/06\/21844351_1737239563237562_512854389_o.jpg?w=1359 1359w, https:\/\/i0.wp.com\/kkvranje-sevnica.net\/wp-content\/uploads\/2017\/06\/21844351_1737239563237562_512854389_o.jpg?resize=225%2C300 225w, https:\/\/i0.wp.com\/kkvranje-sevnica.net\/wp-content\/uploads\/2017\/06\/21844351_1737239563237562_512854389_o.jpg?resize=768%2C1024 768w, https:\/\/i0.wp.com\/kkvranje-sevnica.net\/wp-content\/uploads\/2017\/06\/21844351_1737239563237562_512854389_o.jpg?w=948 948w\" width=\"71\" height=\"94\" loading=\"lazy\" data-original-width=\"71\" data-original-height=\"94\" itemprop=\"http:\/\/schema.org\/image\" title=\"21844351_1737239563237562_512854389_o\" alt=\"21844351_1737239563237562_512854389_o\" style=\"width: 71px; height: 94px;\" \/> <\/a> <\/div> <\/div> <!-- close group --> <div class=\"gallery-group images-1\" style=\"width: 98px; height: 98px;\" data-original-width=\"98\" data-original-height=\"98\" > <div class=\"tiled-gallery-item tiled-gallery-item-small\" itemprop=\"associatedMedia\" itemscope itemtype=\"http:\/\/schema.org\/ImageObject\"> <a href=\"http:\/\/kkvranje-sevnica.net\/?attachment_id=3073\" border=\"0\" itemprop=\"url\"> <meta itemprop=\"width\" content=\"94\"> <meta itemprop=\"height\" content=\"94\"> <img decoding=\"async\" class=\"\" data-attachment-id=\"3073\" data-orig-file=\"http:\/\/kkvranje-sevnica.net\/wp-content\/uploads\/2019\/09\/IMG_20170620_104058_711.jpg\" data-orig-size=\"1080,1080\" data-comments-opened=\"1\" data-image-meta=\"{&quot;aperture&quot;:&quot;0&quot;,&quot;credit&quot;:&quot;&quot;,&quot;camera&quot;:&quot;&quot;,&quot;caption&quot;:&quot;&quot;,&quot;created_timestamp&quot;:&quot;0&quot;,&quot;copyright&quot;:&quot;&quot;,&quot;focal_length&quot;:&quot;0&quot;,&quot;iso&quot;:&quot;0&quot;,&quot;shutter_speed&quot;:&quot;0&quot;,&quot;title&quot;:&quot;&quot;,&quot;orientation&quot;:&quot;0&quot;}\" data-image-title=\"IMG_20170620_104058_711\" data-image-description=\"\" data-medium-file=\"https:\/\/i0.wp.com\/kkvranje-sevnica.net\/wp-content\/uploads\/2019\/09\/IMG_20170620_104058_711.jpg?fit=300%2C300\" data-large-file=\"https:\/\/i0.wp.com\/kkvranje-sevnica.net\/wp-content\/uploads\/2019\/09\/IMG_20170620_104058_711.jpg?fit=474%2C474\" src=\"https:\/\/i0.wp.com\/kkvranje-sevnica.net\/wp-content\/uploads\/2019\/09\/IMG_20170620_104058_711.jpg?w=94&#038;h=94&#038;crop=1\" srcset=\"https:\/\/i0.wp.com\/kkvranje-sevnica.net\/wp-content\/uploads\/2019\/09\/IMG_20170620_104058_711.jpg?w=1080 1080w, https:\/\/i0.wp.com\/kkvranje-sevnica.net\/wp-content\/uploads\/2019\/09\/IMG_20170620_104058_711.jpg?resize=150%2C150 150w, https:\/\/i0.wp.com\/kkvranje-sevnica.net\/wp-content\/uploads\/2019\/09\/IMG_20170620_104058_711.jpg?resize=300%2C300 300w, https:\/\/i0.wp.com\/kkvranje-sevnica.net\/wp-content\/uploads\/2019\/09\/IMG_20170620_104058_711.jpg?resize=768%2C768 768w, https:\/\/i0.wp.com\/kkvranje-sevnica.net\/wp-content\/uploads\/2019\/09\/IMG_20170620_104058_711.jpg?resize=1024%2C1024 1024w, https:\/\/i0.wp.com\/kkvranje-sevnica.net\/wp-content\/uploads\/2019\/09\/IMG_20170620_104058_711.jpg?w=948 948w\" width=\"94\" height=\"94\" loading=\"lazy\" data-original-width=\"94\" data-original-height=\"94\" itemprop=\"http:\/\/schema.org\/image\" title=\"IMG_20170620_104058_711\" alt=\"IMG_20170620_104058_711\" style=\"width: 94px; height: 94px;\" \/> <\/a> <\/div> <\/div> <!-- close group --> <div class=\"gallery-group images-1\" style=\"width: 171px; height: 98px;\" data-original-width=\"171\" data-original-height=\"98\" > <div class=\"tiled-gallery-item tiled-gallery-item-small\" itemprop=\"associatedMedia\" itemscope itemtype=\"http:\/\/schema.org\/ImageObject\"> <a href=\"http:\/\/kkvranje-sevnica.net\/?attachment_id=3074\" border=\"0\" itemprop=\"url\"> <meta itemprop=\"width\" content=\"167\"> <meta itemprop=\"height\" content=\"94\"> <img decoding=\"async\" class=\"\" data-attachment-id=\"3074\" data-orig-file=\"http:\/\/kkvranje-sevnica.net\/wp-content\/uploads\/2019\/09\/MOV_1318_000119.jpg\" data-orig-size=\"1280,720\" data-comments-opened=\"1\" data-image-meta=\"{&quot;aperture&quot;:&quot;0&quot;,&quot;credit&quot;:&quot;&quot;,&quot;camera&quot;:&quot;&quot;,&quot;caption&quot;:&quot;&quot;,&quot;created_timestamp&quot;:&quot;0&quot;,&quot;copyright&quot;:&quot;&quot;,&quot;focal_length&quot;:&quot;0&quot;,&quot;iso&quot;:&quot;0&quot;,&quot;shutter_speed&quot;:&quot;0&quot;,&quot;title&quot;:&quot;&quot;,&quot;orientation&quot;:&quot;0&quot;}\" data-image-title=\"MOV_1318_000119\" data-image-description=\"\" data-medium-file=\"https:\/\/i0.wp.com\/kkvranje-sevnica.net\/wp-content\/uploads\/2019\/09\/MOV_1318_000119.jpg?fit=300%2C169\" data-large-file=\"https:\/\/i0.wp.com\/kkvranje-sevnica.net\/wp-content\/uploads\/2019\/09\/MOV_1318_000119.jpg?fit=474%2C267\" src=\"https:\/\/i0.wp.com\/kkvranje-sevnica.net\/wp-content\/uploads\/2019\/09\/MOV_1318_000119.jpg?w=167&#038;h=94\" srcset=\"https:\/\/i0.wp.com\/kkvranje-sevnica.net\/wp-content\/uploads\/2019\/09\/MOV_1318_000119.jpg?w=1280 1280w, https:\/\/i0.wp.com\/kkvranje-sevnica.net\/wp-content\/uploads\/2019\/09\/MOV_1318_000119.jpg?resize=300%2C169 300w, https:\/\/i0.wp.com\/kkvranje-sevnica.net\/wp-content\/uploads\/2019\/09\/MOV_1318_000119.jpg?resize=768%2C432 768w, https:\/\/i0.wp.com\/kkvranje-sevnica.net\/wp-content\/uploads\/2019\/09\/MOV_1318_000119.jpg?resize=1024%2C576 1024w, https:\/\/i0.wp.com\/kkvranje-sevnica.net\/wp-content\/uploads\/2019\/09\/MOV_1318_000119.jpg?resize=1038%2C576 1038w, https:\/\/i0.wp.com\/kkvranje-sevnica.net\/wp-content\/uploads\/2019\/09\/MOV_1318_000119.jpg?w=948 948w\" width=\"167\" height=\"94\" loading=\"lazy\" data-original-width=\"167\" data-original-height=\"94\" itemprop=\"http:\/\/schema.org\/image\" title=\"MOV_1318_000119\" alt=\"MOV_1318_000119\" style=\"width: 167px; height: 94px;\" \/> <\/a> <\/div> <\/div> <!-- close group --> <\/div> <!-- close row --> <\/div>\n<p>&nbsp;<\/p>\n<p>&nbsp;<\/p>\n<p>&nbsp;<\/p>\n","protected":false},"excerpt":{"rendered":"<p>(Veli)Cann je k nam pri\u0161el konec februarja 2017. Je najbolj izku\u0161en v&nbsp; na\u0161i \u010dredi.. Tekmoval je v dresuri in preskakovanju ovir, na njem so se u\u010dili \u0161tevilni otroci in odrasli. Z nami se je udele\u017eil nekaj tekmovanj, ve\u010dinoma pa je njegovo poslanstvo, da s nadobudnimi jaha\u010di deli svoje znanje.&nbsp; V mane\u017ei od jaha\u010da zahteva doslednost, &hellip; <a href=\"http:\/\/kkvranje-sevnica.net\/?page_id=1371\" class=\"more-link\">Continue reading <span class=\"screen-reader-text\">Cann<\/span> <span class=\"meta-nav\">&rarr;<\/span><\/a><\/p>\n","protected":false},"author":1,"featured_media":0,"parent":180,"menu_order":0,"comment_status":"closed","ping_status":"closed","template":"","meta":{"ngg_post_thumbnail":0,"jetpack_post_was_ever_published":false,"footnotes":""},"class_list":["post-1371","page","type-page","status-publish","hentry"],"jetpack_sharing_enabled":true,"jetpack_shortlink":"https:\/\/wp.me\/P4cz9w-m7","jetpack_likes_enabled":true,"_links":{"self":[{"href":"http:\/\/kkvranje-sevnica.net\/index.php?rest_route=\/wp\/v2\/pages\/1371","targetHints":{"allow":["GET"]}}],"collection":[{"href":"http:\/\/kkvranje-sevnica.net\/index.php?rest_route=\/wp\/v2\/pages"}],"about":[{"href":"http:\/\/kkvranje-sevnica.net\/index.php?rest_route=\/wp\/v2\/types\/page"}],"author":[{"embeddable":true,"href":"http:\/\/kkvranje-sevnica.net\/index.php?rest_route=\/wp\/v2\/users\/1"}],"replies":[{"embeddable":true,"href":"http:\/\/kkvranje-sevnica.net\/index.php?rest_route=%2Fwp%2Fv2%2Fcomments&post=1371"}],"version-history":[{"count":6,"href":"http:\/\/kkvranje-sevnica.net\/index.php?rest_route=\/wp\/v2\/pages\/1371\/revisions"}],"predecessor-version":[{"id":4978,"href":"http:\/\/kkvranje-sevnica.net\/index.php?rest_route=\/wp\/v2\/pages\/1371\/revisions\/4978"}],"up":[{"embeddable":true,"href":"http:\/\/kkvranje-sevnica.net\/index.php?rest_route=\/wp\/v2\/pages\/180"}],"wp:attachment":[{"href":"http:\/\/kkvranje-sevnica.net\/index.php?rest_route=%2Fwp%2Fv2%2Fmedia&parent=1371"}],"curies":[{"name":"wp","href":"https:\/\/api.w.org\/{rel}","templated":true}]}}