{"id":1861,"date":"2017-11-08T00:54:02","date_gmt":"2017-11-07T23:54:02","guid":{"rendered":"http:\/\/kkvranje-sevnica.net\/?page_id=1861"},"modified":"2018-10-15T17:31:49","modified_gmt":"2018-10-15T16:31:49","slug":"mali-strahci-jahajo","status":"publish","type":"page","link":"http:\/\/kkvranje-sevnica.net\/?page_id=1861","title":{"rendered":"Mali strahci jahajo 2017"},"content":{"rendered":"<p>Bil je lep jesenski dan in Male Strahice so zjutraj pripeljale konje z pa\u0161nika, jih \u0161\u010distile od kopit do glave, nato osedlale in \u0161le jahat. Vsaka je dobila svojega konja kar je bilo suuuper \ud83d\ude42 Potem so izrezale vsaka svojo bu\u010do, nekatere so stra\u0161ne druge ne, za kosilo so jedle ZOMBIJEVE PRSTE??? Nemogo\u010de to pa ne verjamemo kajne, no tudi one niso, izkazalo se je da so to kruhki z hrenavko in sirom, ki so bili zeloooo dobri \ud83d\ude09 po kosilu pa so spoznale koliko in katere kosti sestavljajo konjevo telo in nato Canna velikana spremenile v pravega stra\u0161ljivega kostkota. \ud83d\ude42<\/p>\n<p class=\"jetpack-slideshow-noscript robots-nocontent\">This slideshow requires JavaScript.<\/p><div id=\"gallery-1861-1-slideshow\" class=\"jetpack-slideshow-window jetpack-slideshow jetpack-slideshow-black\" data-trans=\"fade\" data-autostart=\"1\" data-gallery=\"[{&quot;src&quot;:&quot;https:\\\/\\\/i0.wp.com\\\/kkvranje-sevnica.net\\\/wp-content\\\/uploads\\\/2017\\\/11\\\/DSC_2616.jpg?fit=2304%2C4096&quot;,&quot;id&quot;:&quot;1862&quot;,&quot;title&quot;:&quot;DSC_2616&quot;,&quot;alt&quot;:&quot;&quot;,&quot;caption&quot;:&quot;&quot;,&quot;itemprop&quot;:&quot;image&quot;},{&quot;src&quot;:&quot;https:\\\/\\\/i0.wp.com\\\/kkvranje-sevnica.net\\\/wp-content\\\/uploads\\\/2017\\\/11\\\/DSC_2618.jpg?fit=4096%2C2304&quot;,&quot;id&quot;:&quot;1863&quot;,&quot;title&quot;:&quot;DSC_2618&quot;,&quot;alt&quot;:&quot;&quot;,&quot;caption&quot;:&quot;&quot;,&quot;itemprop&quot;:&quot;image&quot;},{&quot;src&quot;:&quot;https:\\\/\\\/i0.wp.com\\\/kkvranje-sevnica.net\\\/wp-content\\\/uploads\\\/2017\\\/11\\\/DSC_2622.jpg?fit=4096%2C2304&quot;,&quot;id&quot;:&quot;1864&quot;,&quot;title&quot;:&quot;DSC_2622&quot;,&quot;alt&quot;:&quot;&quot;,&quot;caption&quot;:&quot;&quot;,&quot;itemprop&quot;:&quot;image&quot;},{&quot;src&quot;:&quot;https:\\\/\\\/i0.wp.com\\\/kkvranje-sevnica.net\\\/wp-content\\\/uploads\\\/2017\\\/11\\\/DSC_2625.jpg?fit=4096%2C2304&quot;,&quot;id&quot;:&quot;1865&quot;,&quot;title&quot;:&quot;DSC_2625&quot;,&quot;alt&quot;:&quot;&quot;,&quot;caption&quot;:&quot;&quot;,&quot;itemprop&quot;:&quot;image&quot;},{&quot;src&quot;:&quot;https:\\\/\\\/i0.wp.com\\\/kkvranje-sevnica.net\\\/wp-content\\\/uploads\\\/2017\\\/11\\\/DSC_2627.jpg?fit=4096%2C2304&quot;,&quot;id&quot;:&quot;1866&quot;,&quot;title&quot;:&quot;DSC_2627&quot;,&quot;alt&quot;:&quot;&quot;,&quot;caption&quot;:&quot;&quot;,&quot;itemprop&quot;:&quot;image&quot;},{&quot;src&quot;:&quot;https:\\\/\\\/i0.wp.com\\\/kkvranje-sevnica.net\\\/wp-content\\\/uploads\\\/2017\\\/11\\\/DSC_2628.jpg?fit=4096%2C2304&quot;,&quot;id&quot;:&quot;1867&quot;,&quot;title&quot;:&quot;DSC_2628&quot;,&quot;alt&quot;:&quot;&quot;,&quot;caption&quot;:&quot;&quot;,&quot;itemprop&quot;:&quot;image&quot;},{&quot;src&quot;:&quot;https:\\\/\\\/i0.wp.com\\\/kkvranje-sevnica.net\\\/wp-content\\\/uploads\\\/2017\\\/11\\\/DSC_2630.jpg?fit=4096%2C2304&quot;,&quot;id&quot;:&quot;1868&quot;,&quot;title&quot;:&quot;DSC_2630&quot;,&quot;alt&quot;:&quot;&quot;,&quot;caption&quot;:&quot;&quot;,&quot;itemprop&quot;:&quot;image&quot;},{&quot;src&quot;:&quot;https:\\\/\\\/i0.wp.com\\\/kkvranje-sevnica.net\\\/wp-content\\\/uploads\\\/2017\\\/11\\\/DSC_2633.jpg?fit=4096%2C2304&quot;,&quot;id&quot;:&quot;1869&quot;,&quot;title&quot;:&quot;DSC_2633&quot;,&quot;alt&quot;:&quot;&quot;,&quot;caption&quot;:&quot;&quot;,&quot;itemprop&quot;:&quot;image&quot;},{&quot;src&quot;:&quot;https:\\\/\\\/i0.wp.com\\\/kkvranje-sevnica.net\\\/wp-content\\\/uploads\\\/2017\\\/11\\\/DSC_2636.jpg?fit=3196%2C1937&quot;,&quot;id&quot;:&quot;1870&quot;,&quot;title&quot;:&quot;DSC_2636&quot;,&quot;alt&quot;:&quot;&quot;,&quot;caption&quot;:&quot;&quot;,&quot;itemprop&quot;:&quot;image&quot;},{&quot;src&quot;:&quot;https:\\\/\\\/i0.wp.com\\\/kkvranje-sevnica.net\\\/wp-content\\\/uploads\\\/2017\\\/11\\\/DSC_2645.jpg?fit=4096%2C2304&quot;,&quot;id&quot;:&quot;1871&quot;,&quot;title&quot;:&quot;DSC_2645&quot;,&quot;alt&quot;:&quot;&quot;,&quot;caption&quot;:&quot;&quot;,&quot;itemprop&quot;:&quot;image&quot;},{&quot;src&quot;:&quot;https:\\\/\\\/i0.wp.com\\\/kkvranje-sevnica.net\\\/wp-content\\\/uploads\\\/2017\\\/11\\\/DSC_2650-e1535840446870.jpg?fit=2304%2C4096&quot;,&quot;id&quot;:&quot;1872&quot;,&quot;title&quot;:&quot;DSC_2650&quot;,&quot;alt&quot;:&quot;&quot;,&quot;caption&quot;:&quot;&quot;,&quot;itemprop&quot;:&quot;image&quot;},{&quot;src&quot;:&quot;https:\\\/\\\/i0.wp.com\\\/kkvranje-sevnica.net\\\/wp-content\\\/uploads\\\/2017\\\/11\\\/DSC_2651-e1535840421599.jpg?fit=2304%2C4096&quot;,&quot;id&quot;:&quot;1873&quot;,&quot;title&quot;:&quot;DSC_2651&quot;,&quot;alt&quot;:&quot;&quot;,&quot;caption&quot;:&quot;&quot;,&quot;itemprop&quot;:&quot;image&quot;},{&quot;src&quot;:&quot;https:\\\/\\\/i0.wp.com\\\/kkvranje-sevnica.net\\\/wp-content\\\/uploads\\\/2017\\\/11\\\/DSC_2655.jpg?fit=1469%2C1698&quot;,&quot;id&quot;:&quot;1874&quot;,&quot;title&quot;:&quot;DSC_2655&quot;,&quot;alt&quot;:&quot;&quot;,&quot;caption&quot;:&quot;&quot;,&quot;itemprop&quot;:&quot;image&quot;},{&quot;src&quot;:&quot;https:\\\/\\\/i0.wp.com\\\/kkvranje-sevnica.net\\\/wp-content\\\/uploads\\\/2017\\\/11\\\/DSC_2663-e1535840382521.jpg?fit=2304%2C4096&quot;,&quot;id&quot;:&quot;1875&quot;,&quot;title&quot;:&quot;DSC_2663&quot;,&quot;alt&quot;:&quot;&quot;,&quot;caption&quot;:&quot;&quot;,&quot;itemprop&quot;:&quot;image&quot;},{&quot;src&quot;:&quot;https:\\\/\\\/i0.wp.com\\\/kkvranje-sevnica.net\\\/wp-content\\\/uploads\\\/2017\\\/11\\\/DSC_2669.jpg?fit=4096%2C2304&quot;,&quot;id&quot;:&quot;1876&quot;,&quot;title&quot;:&quot;DSC_2669&quot;,&quot;alt&quot;:&quot;&quot;,&quot;caption&quot;:&quot;&quot;,&quot;itemprop&quot;:&quot;image&quot;},{&quot;src&quot;:&quot;https:\\\/\\\/i0.wp.com\\\/kkvranje-sevnica.net\\\/wp-content\\\/uploads\\\/2017\\\/11\\\/DSC_4499.jpg?fit=3104%2C1746&quot;,&quot;id&quot;:&quot;1877&quot;,&quot;title&quot;:&quot;DSC_4499&quot;,&quot;alt&quot;:&quot;&quot;,&quot;caption&quot;:&quot;&quot;,&quot;itemprop&quot;:&quot;image&quot;},{&quot;src&quot;:&quot;https:\\\/\\\/i0.wp.com\\\/kkvranje-sevnica.net\\\/wp-content\\\/uploads\\\/2017\\\/11\\\/DSC_4500.jpg?fit=3104%2C1746&quot;,&quot;id&quot;:&quot;1878&quot;,&quot;title&quot;:&quot;DSC_4500&quot;,&quot;alt&quot;:&quot;&quot;,&quot;caption&quot;:&quot;&quot;,&quot;itemprop&quot;:&quot;image&quot;},{&quot;src&quot;:&quot;https:\\\/\\\/i0.wp.com\\\/kkvranje-sevnica.net\\\/wp-content\\\/uploads\\\/2017\\\/11\\\/DSC_4501.jpg?fit=3104%2C1746&quot;,&quot;id&quot;:&quot;1879&quot;,&quot;title&quot;:&quot;DSC_4501&quot;,&quot;alt&quot;:&quot;&quot;,&quot;caption&quot;:&quot;&quot;,&quot;itemprop&quot;:&quot;image&quot;},{&quot;src&quot;:&quot;https:\\\/\\\/i0.wp.com\\\/kkvranje-sevnica.net\\\/wp-content\\\/uploads\\\/2017\\\/11\\\/DSC_4502.jpg?fit=3104%2C1746&quot;,&quot;id&quot;:&quot;1880&quot;,&quot;title&quot;:&quot;DSC_4502&quot;,&quot;alt&quot;:&quot;&quot;,&quot;caption&quot;:&quot;&quot;,&quot;itemprop&quot;:&quot;image&quot;},{&quot;src&quot;:&quot;https:\\\/\\\/i0.wp.com\\\/kkvranje-sevnica.net\\\/wp-content\\\/uploads\\\/2017\\\/11\\\/DSC_4503-e1535840269771.jpg?fit=1746%2C3104&quot;,&quot;id&quot;:&quot;1881&quot;,&quot;title&quot;:&quot;DSC_4503&quot;,&quot;alt&quot;:&quot;&quot;,&quot;caption&quot;:&quot;&quot;,&quot;itemprop&quot;:&quot;image&quot;},{&quot;src&quot;:&quot;https:\\\/\\\/i0.wp.com\\\/kkvranje-sevnica.net\\\/wp-content\\\/uploads\\\/2017\\\/11\\\/DSC_4504.jpg?fit=3104%2C1746&quot;,&quot;id&quot;:&quot;1882&quot;,&quot;title&quot;:&quot;DSC_4504&quot;,&quot;alt&quot;:&quot;&quot;,&quot;caption&quot;:&quot;&quot;,&quot;itemprop&quot;:&quot;image&quot;},{&quot;src&quot;:&quot;https:\\\/\\\/i0.wp.com\\\/kkvranje-sevnica.net\\\/wp-content\\\/uploads\\\/2017\\\/11\\\/DSC_4506.jpg?fit=3104%2C1746&quot;,&quot;id&quot;:&quot;1883&quot;,&quot;title&quot;:&quot;DSC_4506&quot;,&quot;alt&quot;:&quot;&quot;,&quot;caption&quot;:&quot;&quot;,&quot;itemprop&quot;:&quot;image&quot;},{&quot;src&quot;:&quot;https:\\\/\\\/i0.wp.com\\\/kkvranje-sevnica.net\\\/wp-content\\\/uploads\\\/2017\\\/11\\\/DSC_4507.jpg?fit=3104%2C1746&quot;,&quot;id&quot;:&quot;1884&quot;,&quot;title&quot;:&quot;DSC_4507&quot;,&quot;alt&quot;:&quot;&quot;,&quot;caption&quot;:&quot;&quot;,&quot;itemprop&quot;:&quot;image&quot;},{&quot;src&quot;:&quot;https:\\\/\\\/i0.wp.com\\\/kkvranje-sevnica.net\\\/wp-content\\\/uploads\\\/2017\\\/11\\\/DSC_4508.jpg?fit=3104%2C1746&quot;,&quot;id&quot;:&quot;1885&quot;,&quot;title&quot;:&quot;DSC_4508&quot;,&quot;alt&quot;:&quot;&quot;,&quot;caption&quot;:&quot;&quot;,&quot;itemprop&quot;:&quot;image&quot;},{&quot;src&quot;:&quot;https:\\\/\\\/i0.wp.com\\\/kkvranje-sevnica.net\\\/wp-content\\\/uploads\\\/2017\\\/11\\\/DSC_4509.jpg?fit=1788%2C1207&quot;,&quot;id&quot;:&quot;1886&quot;,&quot;title&quot;:&quot;DSC_4509&quot;,&quot;alt&quot;:&quot;&quot;,&quot;caption&quot;:&quot;&quot;,&quot;itemprop&quot;:&quot;image&quot;},{&quot;src&quot;:&quot;https:\\\/\\\/i0.wp.com\\\/kkvranje-sevnica.net\\\/wp-content\\\/uploads\\\/2017\\\/11\\\/DSC_4510.jpg?fit=3104%2C1746&quot;,&quot;id&quot;:&quot;1887&quot;,&quot;title&quot;:&quot;DSC_4510&quot;,&quot;alt&quot;:&quot;&quot;,&quot;caption&quot;:&quot;&quot;,&quot;itemprop&quot;:&quot;image&quot;},{&quot;src&quot;:&quot;https:\\\/\\\/i0.wp.com\\\/kkvranje-sevnica.net\\\/wp-content\\\/uploads\\\/2017\\\/11\\\/DSC_4511.jpg?fit=3104%2C1746&quot;,&quot;id&quot;:&quot;1888&quot;,&quot;title&quot;:&quot;DSC_4511&quot;,&quot;alt&quot;:&quot;&quot;,&quot;caption&quot;:&quot;&quot;,&quot;itemprop&quot;:&quot;image&quot;},{&quot;src&quot;:&quot;https:\\\/\\\/i0.wp.com\\\/kkvranje-sevnica.net\\\/wp-content\\\/uploads\\\/2017\\\/11\\\/DSC_4512.jpg?fit=3104%2C1746&quot;,&quot;id&quot;:&quot;1889&quot;,&quot;title&quot;:&quot;DSC_4512&quot;,&quot;alt&quot;:&quot;&quot;,&quot;caption&quot;:&quot;&quot;,&quot;itemprop&quot;:&quot;image&quot;},{&quot;src&quot;:&quot;https:\\\/\\\/i0.wp.com\\\/kkvranje-sevnica.net\\\/wp-content\\\/uploads\\\/2017\\\/11\\\/DSC_4514.jpg?fit=3104%2C1746&quot;,&quot;id&quot;:&quot;1890&quot;,&quot;title&quot;:&quot;DSC_4514&quot;,&quot;alt&quot;:&quot;&quot;,&quot;caption&quot;:&quot;&quot;,&quot;itemprop&quot;:&quot;image&quot;},{&quot;src&quot;:&quot;https:\\\/\\\/i0.wp.com\\\/kkvranje-sevnica.net\\\/wp-content\\\/uploads\\\/2017\\\/11\\\/DSC_4515.jpg?fit=3104%2C1746&quot;,&quot;id&quot;:&quot;1891&quot;,&quot;title&quot;:&quot;DSC_4515&quot;,&quot;alt&quot;:&quot;&quot;,&quot;caption&quot;:&quot;&quot;,&quot;itemprop&quot;:&quot;image&quot;},{&quot;src&quot;:&quot;https:\\\/\\\/i0.wp.com\\\/kkvranje-sevnica.net\\\/wp-content\\\/uploads\\\/2017\\\/11\\\/DSC_4516.jpg?fit=3104%2C1746&quot;,&quot;id&quot;:&quot;1892&quot;,&quot;title&quot;:&quot;DSC_4516&quot;,&quot;alt&quot;:&quot;&quot;,&quot;caption&quot;:&quot;&quot;,&quot;itemprop&quot;:&quot;image&quot;},{&quot;src&quot;:&quot;https:\\\/\\\/i0.wp.com\\\/kkvranje-sevnica.net\\\/wp-content\\\/uploads\\\/2017\\\/11\\\/DSC_4517.jpg?fit=3104%2C1746&quot;,&quot;id&quot;:&quot;1893&quot;,&quot;title&quot;:&quot;DSC_4517&quot;,&quot;alt&quot;:&quot;&quot;,&quot;caption&quot;:&quot;&quot;,&quot;itemprop&quot;:&quot;image&quot;},{&quot;src&quot;:&quot;https:\\\/\\\/i0.wp.com\\\/kkvranje-sevnica.net\\\/wp-content\\\/uploads\\\/2017\\\/11\\\/DSC_4520.jpg?fit=3104%2C1746&quot;,&quot;id&quot;:&quot;1894&quot;,&quot;title&quot;:&quot;DSC_4520&quot;,&quot;alt&quot;:&quot;&quot;,&quot;caption&quot;:&quot;&quot;,&quot;itemprop&quot;:&quot;image&quot;},{&quot;src&quot;:&quot;https:\\\/\\\/i0.wp.com\\\/kkvranje-sevnica.net\\\/wp-content\\\/uploads\\\/2017\\\/11\\\/DSC_4522.jpg?fit=3104%2C1746&quot;,&quot;id&quot;:&quot;1895&quot;,&quot;title&quot;:&quot;DSC_4522&quot;,&quot;alt&quot;:&quot;&quot;,&quot;caption&quot;:&quot;&quot;,&quot;itemprop&quot;:&quot;image&quot;},{&quot;src&quot;:&quot;https:\\\/\\\/i0.wp.com\\\/kkvranje-sevnica.net\\\/wp-content\\\/uploads\\\/2017\\\/11\\\/DSC_4526.jpg?fit=3104%2C1746&quot;,&quot;id&quot;:&quot;1896&quot;,&quot;title&quot;:&quot;DSC_4526&quot;,&quot;alt&quot;:&quot;&quot;,&quot;caption&quot;:&quot;&quot;,&quot;itemprop&quot;:&quot;image&quot;}]\" itemscope itemtype=\"https:\/\/schema.org\/ImageGallery\"><\/div>\n","protected":false},"excerpt":{"rendered":"<p>Bil je lep jesenski dan in Male Strahice so zjutraj pripeljale konje z pa\u0161nika, jih \u0161\u010distile od kopit do glave, nato osedlale in \u0161le jahat. Vsaka je dobila svojega konja kar je bilo suuuper \ud83d\ude42 Potem so izrezale vsaka svojo bu\u010do, nekatere so stra\u0161ne druge ne, za kosilo so jedle ZOMBIJEVE PRSTE??? Nemogo\u010de to pa &hellip; <a href=\"http:\/\/kkvranje-sevnica.net\/?page_id=1861\" class=\"more-link\">Continue reading <span class=\"screen-reader-text\">Mali strahci jahajo 2017<\/span> <span class=\"meta-nav\">&rarr;<\/span><\/a><\/p>\n","protected":false},"author":1,"featured_media":0,"parent":2337,"menu_order":0,"comment_status":"closed","ping_status":"closed","template":"","meta":{"ngg_post_thumbnail":0,"jetpack_post_was_ever_published":false,"footnotes":""},"class_list":["post-1861","page","type-page","status-publish","hentry"],"jetpack_sharing_enabled":true,"jetpack_shortlink":"https:\/\/wp.me\/P4cz9w-u1","jetpack_likes_enabled":true,"_links":{"self":[{"href":"http:\/\/kkvranje-sevnica.net\/index.php?rest_route=\/wp\/v2\/pages\/1861","targetHints":{"allow":["GET"]}}],"collection":[{"href":"http:\/\/kkvranje-sevnica.net\/index.php?rest_route=\/wp\/v2\/pages"}],"about":[{"href":"http:\/\/kkvranje-sevnica.net\/index.php?rest_route=\/wp\/v2\/types\/page"}],"author":[{"embeddable":true,"href":"http:\/\/kkvranje-sevnica.net\/index.php?rest_route=\/wp\/v2\/users\/1"}],"replies":[{"embeddable":true,"href":"http:\/\/kkvranje-sevnica.net\/index.php?rest_route=%2Fwp%2Fv2%2Fcomments&post=1861"}],"version-history":[{"count":3,"href":"http:\/\/kkvranje-sevnica.net\/index.php?rest_route=\/wp\/v2\/pages\/1861\/revisions"}],"predecessor-version":[{"id":2344,"href":"http:\/\/kkvranje-sevnica.net\/index.php?rest_route=\/wp\/v2\/pages\/1861\/revisions\/2344"}],"up":[{"embeddable":true,"href":"http:\/\/kkvranje-sevnica.net\/index.php?rest_route=\/wp\/v2\/pages\/2337"}],"wp:attachment":[{"href":"http:\/\/kkvranje-sevnica.net\/index.php?rest_route=%2Fwp%2Fv2%2Fmedia&parent=1861"}],"curies":[{"name":"wp","href":"https:\/\/api.w.org\/{rel}","templated":true}]}}