{"id":196,"date":"2013-12-29T23:36:18","date_gmt":"2013-12-29T22:36:18","guid":{"rendered":"http:\/\/kkvranje-sevnica.net\/?page_id=196"},"modified":"2021-06-08T10:28:55","modified_gmt":"2021-06-08T09:28:55","slug":"konjickove-delavnice","status":"publish","type":"page","link":"http:\/\/kkvranje-sevnica.net\/?page_id=196","title":{"rendered":"Konji\u010dkovi tabori"},"content":{"rendered":"\n<p>Med poletnimi po\u010ditnicami se od ponedeljka do petka dru\u017eimo s konji in prijatelji. Veliko jezdimo, friziramo konje, ustvarjamo ( tudi ri\u0161emo na konje), se igramo dru\u017eabne in \u0161tafetne igre, i\u0161\u010demo zaklad, se \u0161pricamo in \u0161e in \u0161e. <\/p>\n","protected":false},"excerpt":{"rendered":"<p>Med poletnimi po\u010ditnicami se od ponedeljka do petka dru\u017eimo s konji in prijatelji. Veliko jezdimo, friziramo konje, ustvarjamo ( tudi ri\u0161emo na konje), se igramo dru\u017eabne in \u0161tafetne igre, i\u0161\u010demo zaklad, se \u0161pricamo in \u0161e in \u0161e.<\/p>\n","protected":false},"author":1,"featured_media":0,"parent":27,"menu_order":0,"comment_status":"open","ping_status":"open","template":"","meta":{"ngg_post_thumbnail":0,"jetpack_post_was_ever_published":false,"footnotes":""},"class_list":["post-196","page","type-page","status-publish","hentry"],"jetpack_sharing_enabled":true,"jetpack_shortlink":"https:\/\/wp.me\/P4cz9w-3a","jetpack_likes_enabled":true,"_links":{"self":[{"href":"http:\/\/kkvranje-sevnica.net\/index.php?rest_route=\/wp\/v2\/pages\/196","targetHints":{"allow":["GET"]}}],"collection":[{"href":"http:\/\/kkvranje-sevnica.net\/index.php?rest_route=\/wp\/v2\/pages"}],"about":[{"href":"http:\/\/kkvranje-sevnica.net\/index.php?rest_route=\/wp\/v2\/types\/page"}],"author":[{"embeddable":true,"href":"http:\/\/kkvranje-sevnica.net\/index.php?rest_route=\/wp\/v2\/users\/1"}],"replies":[{"embeddable":true,"href":"http:\/\/kkvranje-sevnica.net\/index.php?rest_route=%2Fwp%2Fv2%2Fcomments&post=196"}],"version-history":[{"count":3,"href":"http:\/\/kkvranje-sevnica.net\/index.php?rest_route=\/wp\/v2\/pages\/196\/revisions"}],"predecessor-version":[{"id":5157,"href":"http:\/\/kkvranje-sevnica.net\/index.php?rest_route=\/wp\/v2\/pages\/196\/revisions\/5157"}],"up":[{"embeddable":true,"href":"http:\/\/kkvranje-sevnica.net\/index.php?rest_route=\/wp\/v2\/pages\/27"}],"wp:attachment":[{"href":"http:\/\/kkvranje-sevnica.net\/index.php?rest_route=%2Fwp%2Fv2%2Fmedia&parent=196"}],"curies":[{"name":"wp","href":"https:\/\/api.w.org\/{rel}","templated":true}]}}