{"id":2337,"date":"2018-10-15T17:28:44","date_gmt":"2018-10-15T16:28:44","guid":{"rendered":"http:\/\/kkvranje-sevnica.net\/?page_id=2337"},"modified":"2018-10-15T17:28:59","modified_gmt":"2018-10-15T16:28:59","slug":"jesenske-delavnice","status":"publish","type":"page","link":"http:\/\/kkvranje-sevnica.net\/?page_id=2337","title":{"rendered":"Jesenske delavnice"},"content":{"rendered":"\n<p>Uf, to jesensko vreme! Ah nas ni\u010d ne moti. Mi z nasme\u0161kom na obrazu re\u017eemo bu\u010de, pe\u010demo kostanj, jahamo, ustvarjamo iz suhih listov, \u017eeloda, kostanja in ostalih naravnih materialov, ki jih naberemo v gozdu.\u00a0<\/p>\n\n\n\n<ul class=\"wp-block-gallery columns-1 is-cropped wp-block-gallery-1 is-layout-flex wp-block-gallery-is-layout-flex\"><li class=\"blocks-gallery-item\"><figure><img data-recalc-dims=\"1\" loading=\"lazy\" decoding=\"async\" width=\"474\" height=\"382\" data-attachment-id=\"2340\" data-permalink=\"http:\/\/kkvranje-sevnica.net\/?attachment_id=2340\" data-orig-file=\"https:\/\/i0.wp.com\/kkvranje-sevnica.net\/wp-content\/uploads\/2018\/10\/cartoon-boy-riding-shetland-pony-horse-equestrian-sport-side-view-image-little-kids-44499646-1.jpg?fit=1300%2C1047\" data-orig-size=\"1300,1047\" data-comments-opened=\"1\" data-image-meta=\"{&quot;aperture&quot;:&quot;0&quot;,&quot;credit&quot;:&quot;&quot;,&quot;camera&quot;:&quot;&quot;,&quot;caption&quot;:&quot;&quot;,&quot;created_timestamp&quot;:&quot;0&quot;,&quot;copyright&quot;:&quot;(c) Insima | Dreamstime.com&quot;,&quot;focal_length&quot;:&quot;0&quot;,&quot;iso&quot;:&quot;0&quot;,&quot;shutter_speed&quot;:&quot;0&quot;,&quot;title&quot;:&quot;&quot;,&quot;orientation&quot;:&quot;1&quot;}\" data-image-title=\"cartoon-boy-riding-shetland-pony-horse-equestrian-sport-side-view-image-little-kids-44499646\" data-image-description=\"\" data-image-caption=\"\" data-medium-file=\"https:\/\/i0.wp.com\/kkvranje-sevnica.net\/wp-content\/uploads\/2018\/10\/cartoon-boy-riding-shetland-pony-horse-equestrian-sport-side-view-image-little-kids-44499646-1.jpg?fit=300%2C242\" data-large-file=\"https:\/\/i0.wp.com\/kkvranje-sevnica.net\/wp-content\/uploads\/2018\/10\/cartoon-boy-riding-shetland-pony-horse-equestrian-sport-side-view-image-little-kids-44499646-1.jpg?fit=474%2C382\" src=\"https:\/\/i0.wp.com\/kkvranje-sevnica.net\/wp-content\/uploads\/2018\/10\/cartoon-boy-riding-shetland-pony-horse-equestrian-sport-side-view-image-little-kids-44499646-1.jpg?resize=474%2C382\" alt=\"\" data-id=\"2340\" data-link=\"http:\/\/kkvranje-sevnica.net\/?attachment_id=2340\" class=\"wp-image-2340\" srcset=\"https:\/\/i0.wp.com\/kkvranje-sevnica.net\/wp-content\/uploads\/2018\/10\/cartoon-boy-riding-shetland-pony-horse-equestrian-sport-side-view-image-little-kids-44499646-1.jpg?w=1300 1300w, https:\/\/i0.wp.com\/kkvranje-sevnica.net\/wp-content\/uploads\/2018\/10\/cartoon-boy-riding-shetland-pony-horse-equestrian-sport-side-view-image-little-kids-44499646-1.jpg?resize=300%2C242 300w, https:\/\/i0.wp.com\/kkvranje-sevnica.net\/wp-content\/uploads\/2018\/10\/cartoon-boy-riding-shetland-pony-horse-equestrian-sport-side-view-image-little-kids-44499646-1.jpg?resize=768%2C619 768w, https:\/\/i0.wp.com\/kkvranje-sevnica.net\/wp-content\/uploads\/2018\/10\/cartoon-boy-riding-shetland-pony-horse-equestrian-sport-side-view-image-little-kids-44499646-1.jpg?resize=1024%2C825 1024w, https:\/\/i0.wp.com\/kkvranje-sevnica.net\/wp-content\/uploads\/2018\/10\/cartoon-boy-riding-shetland-pony-horse-equestrian-sport-side-view-image-little-kids-44499646-1.jpg?w=948 948w\" sizes=\"auto, (max-width: 474px) 100vw, 474px\" \/><\/figure><\/li><\/ul>\n\n\n\n<p><\/p>\n","protected":false},"excerpt":{"rendered":"<p>Uf, to jesensko vreme! Ah nas ni\u010d ne moti. Mi z nasme\u0161kom na obrazu re\u017eemo bu\u010de, pe\u010demo kostanj, jahamo, ustvarjamo iz suhih listov, \u017eeloda, kostanja in ostalih naravnih materialov, ki jih naberemo v gozdu.\u00a0<\/p>\n","protected":false},"author":1,"featured_media":2338,"parent":1329,"menu_order":0,"comment_status":"closed","ping_status":"closed","template":"","meta":{"ngg_post_thumbnail":0,"jetpack_post_was_ever_published":false,"footnotes":""},"class_list":["post-2337","page","type-page","status-publish","has-post-thumbnail","hentry"],"jetpack_sharing_enabled":true,"jetpack_shortlink":"https:\/\/wp.me\/P4cz9w-BH","jetpack_likes_enabled":true,"_links":{"self":[{"href":"http:\/\/kkvranje-sevnica.net\/index.php?rest_route=\/wp\/v2\/pages\/2337","targetHints":{"allow":["GET"]}}],"collection":[{"href":"http:\/\/kkvranje-sevnica.net\/index.php?rest_route=\/wp\/v2\/pages"}],"about":[{"href":"http:\/\/kkvranje-sevnica.net\/index.php?rest_route=\/wp\/v2\/types\/page"}],"author":[{"embeddable":true,"href":"http:\/\/kkvranje-sevnica.net\/index.php?rest_route=\/wp\/v2\/users\/1"}],"replies":[{"embeddable":true,"href":"http:\/\/kkvranje-sevnica.net\/index.php?rest_route=%2Fwp%2Fv2%2Fcomments&post=2337"}],"version-history":[{"count":2,"href":"http:\/\/kkvranje-sevnica.net\/index.php?rest_route=\/wp\/v2\/pages\/2337\/revisions"}],"predecessor-version":[{"id":2342,"href":"http:\/\/kkvranje-sevnica.net\/index.php?rest_route=\/wp\/v2\/pages\/2337\/revisions\/2342"}],"up":[{"embeddable":true,"href":"http:\/\/kkvranje-sevnica.net\/index.php?rest_route=\/wp\/v2\/pages\/1329"}],"wp:featuredmedia":[{"embeddable":true,"href":"http:\/\/kkvranje-sevnica.net\/index.php?rest_route=\/wp\/v2\/media\/2338"}],"wp:attachment":[{"href":"http:\/\/kkvranje-sevnica.net\/index.php?rest_route=%2Fwp%2Fv2%2Fmedia&parent=2337"}],"curies":[{"name":"wp","href":"https:\/\/api.w.org\/{rel}","templated":true}]}}