{"id":2630,"date":"2020-05-23T07:15:10","date_gmt":"2020-05-23T06:15:10","guid":{"rendered":"http:\/\/kkvranje-sevnica.net\/?page_id=2630"},"modified":"2025-09-16T16:06:51","modified_gmt":"2025-09-16T15:06:51","slug":"praznovanje-rojstnega-dne","status":"publish","type":"page","link":"http:\/\/kkvranje-sevnica.net\/?page_id=2630","title":{"rendered":"Praznovanje rojstnega dne"},"content":{"rendered":"\n<p> 3 urni program, ki vsebuje 30 minut priprave konja in zbiranje otrok, 1 uro jahanja, 1 uro animacije oz. iger.<\/p>\n\n\n\n<p><strong>KAVBOJSKI ROJSTNI DAN<\/strong><\/p>\n\n\n\n<p>Otrokom najprej nadenemo kavbojske klobuke in rutke, nato pa jih odvisno od \u0161tevila povabljenih razdelimo v skupine. Ena skupina pripravi konja, druga skupina gre metat podkve in se pomeri v vle\u010denju vrvi ali skakanju v vre\u010dah. Skupini se potem zamenjata. \u010ce je otrok manj pa vsi po\u010dnejo vse naenkrat. Po kon\u010danem jahanju in kavbojskih igrah se otroci pomerijo \u0161e v lovu na skriti zaklad. Sledi pogostitev.<br><\/p>\n\n\n\n<figure class=\"wp-block-image size-large\"><img data-recalc-dims=\"1\" loading=\"lazy\" decoding=\"async\" width=\"474\" height=\"474\" data-attachment-id=\"5023\" data-permalink=\"http:\/\/kkvranje-sevnica.net\/?attachment_id=5023\" data-orig-file=\"https:\/\/i0.wp.com\/kkvranje-sevnica.net\/wp-content\/uploads\/2020\/05\/kids-cowboy-hats-with-star_13770388-a02.jpg?fit=808%2C808\" data-orig-size=\"808,808\" data-comments-opened=\"1\" data-image-meta=\"{&quot;aperture&quot;:&quot;0&quot;,&quot;credit&quot;:&quot;&quot;,&quot;camera&quot;:&quot;&quot;,&quot;caption&quot;:&quot;&quot;,&quot;created_timestamp&quot;:&quot;0&quot;,&quot;copyright&quot;:&quot;&quot;,&quot;focal_length&quot;:&quot;0&quot;,&quot;iso&quot;:&quot;0&quot;,&quot;shutter_speed&quot;:&quot;0&quot;,&quot;title&quot;:&quot;&quot;,&quot;orientation&quot;:&quot;0&quot;}\" data-image-title=\"kids-cowboy-hats-with-star_13770388-a02\" data-image-description=\"\" data-image-caption=\"\" data-medium-file=\"https:\/\/i0.wp.com\/kkvranje-sevnica.net\/wp-content\/uploads\/2020\/05\/kids-cowboy-hats-with-star_13770388-a02.jpg?fit=300%2C300\" data-large-file=\"https:\/\/i0.wp.com\/kkvranje-sevnica.net\/wp-content\/uploads\/2020\/05\/kids-cowboy-hats-with-star_13770388-a02.jpg?fit=474%2C474\" src=\"https:\/\/i0.wp.com\/kkvranje-sevnica.net\/wp-content\/uploads\/2020\/05\/kids-cowboy-hats-with-star_13770388-a02.jpg?resize=474%2C474\" alt=\"\" class=\"wp-image-5023\" srcset=\"https:\/\/i0.wp.com\/kkvranje-sevnica.net\/wp-content\/uploads\/2020\/05\/kids-cowboy-hats-with-star_13770388-a02.jpg?w=808 808w, https:\/\/i0.wp.com\/kkvranje-sevnica.net\/wp-content\/uploads\/2020\/05\/kids-cowboy-hats-with-star_13770388-a02.jpg?resize=300%2C300 300w, https:\/\/i0.wp.com\/kkvranje-sevnica.net\/wp-content\/uploads\/2020\/05\/kids-cowboy-hats-with-star_13770388-a02.jpg?resize=150%2C150 150w, https:\/\/i0.wp.com\/kkvranje-sevnica.net\/wp-content\/uploads\/2020\/05\/kids-cowboy-hats-with-star_13770388-a02.jpg?resize=768%2C768 768w\" sizes=\"auto, (max-width: 474px) 100vw, 474px\" \/><\/figure>\n\n\n\n<p><strong>PRINCESKIN ROJSTNI DAN<\/strong><\/p>\n\n\n\n<p>Najprej spoznamo konje in uredimo princeskinega samoroga za je\u017eo. Sledi je\u017ea. Po je\u017ei uredimo \u0161e enega samoroga, friziramo konje in ustvarjamo. <\/p>\n\n\n\n<figure class=\"wp-block-image size-large\"><img loading=\"lazy\" decoding=\"async\" width=\"1829\" height=\"2560\" data-attachment-id=\"5024\" data-permalink=\"http:\/\/kkvranje-sevnica.net\/?attachment_id=5024\" data-orig-file=\"https:\/\/i0.wp.com\/kkvranje-sevnica.net\/wp-content\/uploads\/2020\/05\/e401a8fdaf7ca49ab41eee4556fd15e9-scaled.jpg?fit=1829%2C2560\" data-orig-size=\"1829,2560\" data-comments-opened=\"1\" data-image-meta=\"{&quot;aperture&quot;:&quot;0&quot;,&quot;credit&quot;:&quot;&quot;,&quot;camera&quot;:&quot;&quot;,&quot;caption&quot;:&quot;&quot;,&quot;created_timestamp&quot;:&quot;0&quot;,&quot;copyright&quot;:&quot;&quot;,&quot;focal_length&quot;:&quot;0&quot;,&quot;iso&quot;:&quot;0&quot;,&quot;shutter_speed&quot;:&quot;0&quot;,&quot;title&quot;:&quot;&quot;,&quot;orientation&quot;:&quot;0&quot;}\" data-image-title=\"e401a8fdaf7ca49ab41eee4556fd15e9\" data-image-description=\"\" data-image-caption=\"\" data-medium-file=\"https:\/\/i0.wp.com\/kkvranje-sevnica.net\/wp-content\/uploads\/2020\/05\/e401a8fdaf7ca49ab41eee4556fd15e9-scaled.jpg?fit=214%2C300\" data-large-file=\"https:\/\/i0.wp.com\/kkvranje-sevnica.net\/wp-content\/uploads\/2020\/05\/e401a8fdaf7ca49ab41eee4556fd15e9-scaled.jpg?fit=474%2C663\" src=\"https:\/\/i2.wp.com\/kkvranje-sevnica.net\/wp-content\/uploads\/2020\/05\/e401a8fdaf7ca49ab41eee4556fd15e9-scaled.jpg?fit=474%2C663\" alt=\"\" class=\"wp-image-5024\" srcset=\"https:\/\/i0.wp.com\/kkvranje-sevnica.net\/wp-content\/uploads\/2020\/05\/e401a8fdaf7ca49ab41eee4556fd15e9-scaled.jpg?w=1829 1829w, https:\/\/i0.wp.com\/kkvranje-sevnica.net\/wp-content\/uploads\/2020\/05\/e401a8fdaf7ca49ab41eee4556fd15e9-scaled.jpg?resize=214%2C300 214w, https:\/\/i0.wp.com\/kkvranje-sevnica.net\/wp-content\/uploads\/2020\/05\/e401a8fdaf7ca49ab41eee4556fd15e9-scaled.jpg?resize=732%2C1024 732w, https:\/\/i0.wp.com\/kkvranje-sevnica.net\/wp-content\/uploads\/2020\/05\/e401a8fdaf7ca49ab41eee4556fd15e9-scaled.jpg?resize=768%2C1075 768w, https:\/\/i0.wp.com\/kkvranje-sevnica.net\/wp-content\/uploads\/2020\/05\/e401a8fdaf7ca49ab41eee4556fd15e9-scaled.jpg?resize=1097%2C1536 1097w, https:\/\/i0.wp.com\/kkvranje-sevnica.net\/wp-content\/uploads\/2020\/05\/e401a8fdaf7ca49ab41eee4556fd15e9-scaled.jpg?resize=1463%2C2048 1463w, https:\/\/i0.wp.com\/kkvranje-sevnica.net\/wp-content\/uploads\/2020\/05\/e401a8fdaf7ca49ab41eee4556fd15e9-scaled.jpg?w=948 948w\" sizes=\"auto, (max-width: 474px) 100vw, 474px\" \/><\/figure>\n\n\n\n<p><strong>JAHALNI ROJSTNI DAN<\/strong><\/p>\n\n\n\n<p>Po zboru pripravimo konja in se odpravimo jahat, po je\u017ei pa pripravimo agility poligon, ki ga vsak s konjem premaga. <\/p>\n\n\n\n<figure class=\"wp-block-image size-large\"><img loading=\"lazy\" decoding=\"async\" width=\"2560\" height=\"1920\" data-attachment-id=\"5025\" data-permalink=\"http:\/\/kkvranje-sevnica.net\/?attachment_id=5025\" data-orig-file=\"https:\/\/i0.wp.com\/kkvranje-sevnica.net\/wp-content\/uploads\/2020\/05\/DSCN3421-scaled.jpg?fit=2560%2C1920\" data-orig-size=\"2560,1920\" data-comments-opened=\"1\" data-image-meta=\"{&quot;aperture&quot;:&quot;3.7&quot;,&quot;credit&quot;:&quot;&quot;,&quot;camera&quot;:&quot;COOLPIX W100&quot;,&quot;caption&quot;:&quot;&quot;,&quot;created_timestamp&quot;:&quot;1550664325&quot;,&quot;copyright&quot;:&quot;&quot;,&quot;focal_length&quot;:&quot;5.2&quot;,&quot;iso&quot;:&quot;125&quot;,&quot;shutter_speed&quot;:&quot;0.0008&quot;,&quot;title&quot;:&quot;&quot;,&quot;orientation&quot;:&quot;1&quot;}\" data-image-title=\"DSCN3421\" data-image-description=\"\" data-image-caption=\"\" data-medium-file=\"https:\/\/i0.wp.com\/kkvranje-sevnica.net\/wp-content\/uploads\/2020\/05\/DSCN3421-scaled.jpg?fit=300%2C225\" data-large-file=\"https:\/\/i0.wp.com\/kkvranje-sevnica.net\/wp-content\/uploads\/2020\/05\/DSCN3421-scaled.jpg?fit=474%2C356\" src=\"https:\/\/i1.wp.com\/kkvranje-sevnica.net\/wp-content\/uploads\/2020\/05\/DSCN3421-scaled.jpg?fit=474%2C356\" alt=\"\" class=\"wp-image-5025\" srcset=\"https:\/\/i0.wp.com\/kkvranje-sevnica.net\/wp-content\/uploads\/2020\/05\/DSCN3421-scaled.jpg?w=2560 2560w, https:\/\/i0.wp.com\/kkvranje-sevnica.net\/wp-content\/uploads\/2020\/05\/DSCN3421-scaled.jpg?resize=300%2C225 300w, https:\/\/i0.wp.com\/kkvranje-sevnica.net\/wp-content\/uploads\/2020\/05\/DSCN3421-scaled.jpg?resize=1024%2C768 1024w, https:\/\/i0.wp.com\/kkvranje-sevnica.net\/wp-content\/uploads\/2020\/05\/DSCN3421-scaled.jpg?resize=768%2C576 768w, https:\/\/i0.wp.com\/kkvranje-sevnica.net\/wp-content\/uploads\/2020\/05\/DSCN3421-scaled.jpg?resize=1536%2C1152 1536w, https:\/\/i0.wp.com\/kkvranje-sevnica.net\/wp-content\/uploads\/2020\/05\/DSCN3421-scaled.jpg?resize=2048%2C1536 2048w, https:\/\/i0.wp.com\/kkvranje-sevnica.net\/wp-content\/uploads\/2020\/05\/DSCN3421-scaled.jpg?w=948 948w, https:\/\/i0.wp.com\/kkvranje-sevnica.net\/wp-content\/uploads\/2020\/05\/DSCN3421-scaled.jpg?w=1422 1422w\" sizes=\"auto, (max-width: 474px) 100vw, 474px\" \/><\/figure>\n\n\n\n<p><strong>ROJSTNI DAN V HLEVU<\/strong><\/p>\n\n\n\n<p>Otroci bodo ob spremstvu in\u0161truktorja spoznali konje, njihove zna\u010dilnosti, izvedeli bodo, kako se konje oskrbuje, kaj radi jedo in \u010desa ne smejo, kdaj jih je treba podkovati in kdo to dela. Videli bodo, kako poteka dan na posestvu in kako veliko dela imajo oskrbniki v hlevih. Na zabaven in spro\u0161\u010den na\u010din bodo pridobili nova znanja, informacije in izku\u0161nje. Prav vsi otroci bodo lahko konje krta\u010dili, bo\u017eali, jih hranili s sladkor\u010dki ali suhim kruhom in tudi jahali. Po jahanju se bodo igrali razli\u010dne igre in se pogostili s prigrizki. <\/p>\n\n\n\n<figure class=\"wp-block-image size-large\"><img loading=\"lazy\" decoding=\"async\" width=\"2560\" height=\"1440\" data-attachment-id=\"5026\" data-permalink=\"http:\/\/kkvranje-sevnica.net\/?attachment_id=5026\" data-orig-file=\"https:\/\/i0.wp.com\/kkvranje-sevnica.net\/wp-content\/uploads\/2020\/05\/DSC_0084_1-scaled.jpg?fit=2560%2C1440\" data-orig-size=\"2560,1440\" data-comments-opened=\"1\" data-image-meta=\"{&quot;aperture&quot;:&quot;2&quot;,&quot;credit&quot;:&quot;&quot;,&quot;camera&quot;:&quot;F3111&quot;,&quot;caption&quot;:&quot;&quot;,&quot;created_timestamp&quot;:&quot;1472302365&quot;,&quot;copyright&quot;:&quot;&quot;,&quot;focal_length&quot;:&quot;3.5&quot;,&quot;iso&quot;:&quot;118&quot;,&quot;shutter_speed&quot;:&quot;0.000434&quot;,&quot;title&quot;:&quot;&quot;,&quot;orientation&quot;:&quot;1&quot;}\" data-image-title=\"DSC_0084_1\" data-image-description=\"\" data-image-caption=\"\" data-medium-file=\"https:\/\/i0.wp.com\/kkvranje-sevnica.net\/wp-content\/uploads\/2020\/05\/DSC_0084_1-scaled.jpg?fit=300%2C169\" data-large-file=\"https:\/\/i0.wp.com\/kkvranje-sevnica.net\/wp-content\/uploads\/2020\/05\/DSC_0084_1-scaled.jpg?fit=474%2C267\" src=\"https:\/\/i0.wp.com\/kkvranje-sevnica.net\/wp-content\/uploads\/2020\/05\/DSC_0084_1-scaled.jpg?fit=474%2C267\" alt=\"\" class=\"wp-image-5026\" srcset=\"https:\/\/i0.wp.com\/kkvranje-sevnica.net\/wp-content\/uploads\/2020\/05\/DSC_0084_1-scaled.jpg?w=2560 2560w, https:\/\/i0.wp.com\/kkvranje-sevnica.net\/wp-content\/uploads\/2020\/05\/DSC_0084_1-scaled.jpg?resize=300%2C169 300w, https:\/\/i0.wp.com\/kkvranje-sevnica.net\/wp-content\/uploads\/2020\/05\/DSC_0084_1-scaled.jpg?resize=1024%2C576 1024w, https:\/\/i0.wp.com\/kkvranje-sevnica.net\/wp-content\/uploads\/2020\/05\/DSC_0084_1-scaled.jpg?resize=768%2C432 768w, https:\/\/i0.wp.com\/kkvranje-sevnica.net\/wp-content\/uploads\/2020\/05\/DSC_0084_1-scaled.jpg?resize=1536%2C864 1536w, https:\/\/i0.wp.com\/kkvranje-sevnica.net\/wp-content\/uploads\/2020\/05\/DSC_0084_1-scaled.jpg?resize=2048%2C1152 2048w, https:\/\/i0.wp.com\/kkvranje-sevnica.net\/wp-content\/uploads\/2020\/05\/DSC_0084_1-scaled.jpg?w=948 948w, https:\/\/i0.wp.com\/kkvranje-sevnica.net\/wp-content\/uploads\/2020\/05\/DSC_0084_1-scaled.jpg?w=1422 1422w\" sizes=\"auto, (max-width: 474px) 100vw, 474px\" \/><\/figure>\n\n\n\n<p>Cena:<\/p>\n\n\n\n<ul class=\"wp-block-list\">\n<li>Do 5 otrok \u2026\u2026\u2026\u2026\u2026\u2026..130 eur (v\u0161teta 2 animatorja, 1konj)<\/li>\n\n\n\n<li>od 6 \u2013 10 otrok\u2026\u2026\u2026\u2026..155 eur (v\u0161teta 2 animatorja, 2 konj)<\/li>\n\n\n\n<li>od 11 do 15 otrok\u2026\u2026\u2026175 eur (v\u0161teta 2\/3 animatorji, 2 konja)<\/li>\n\n\n\n<li>od 16 do 20 otrok\u2026\u2026\u2026195 eur (3 animatorji \u2013 2 konja )<\/li>\n<\/ul>\n\n\n\n<p>Cena vklju\u010duje: 3 urni najem prostora, mane\u017ee, uporabo rekvizitov za animacijo, 2 \u2013 3 animatorje, jahanje, animacijo.<\/p>\n\n\n\n<p>Glede na \u017eelje otrok lahko posamezne programe spremenimo, po dogovoru se lahko praznovanje podalj\u0161a za pol ure, \u010de \u017eelite, da se pri nas poje torto. <\/p>\n\n\n\n<p>Za praznovanja je namenjen termina ob sobotah od 15.00 do 18.00.<\/p>\n","protected":false},"excerpt":{"rendered":"<p>3 urni program, ki vsebuje 30 minut priprave konja in zbiranje otrok, 1 uro jahanja, 1 uro animacije oz. iger. KAVBOJSKI ROJSTNI DAN Otrokom najprej nadenemo kavbojske klobuke in rutke, nato pa jih odvisno od \u0161tevila povabljenih razdelimo v skupine. Ena skupina pripravi konja, druga skupina gre metat podkve in se pomeri v vle\u010denju vrvi &hellip; <a href=\"http:\/\/kkvranje-sevnica.net\/?page_id=2630\" class=\"more-link\">Continue reading <span class=\"screen-reader-text\">Praznovanje rojstnega dne<\/span> <span class=\"meta-nav\">&rarr;<\/span><\/a><\/p>\n","protected":false},"author":1,"featured_media":0,"parent":0,"menu_order":0,"comment_status":"closed","ping_status":"closed","template":"","meta":{"ngg_post_thumbnail":0,"jetpack_post_was_ever_published":false,"footnotes":""},"class_list":["post-2630","page","type-page","status-publish","hentry"],"jetpack_sharing_enabled":true,"jetpack_shortlink":"https:\/\/wp.me\/P4cz9w-Gq","jetpack_likes_enabled":true,"_links":{"self":[{"href":"http:\/\/kkvranje-sevnica.net\/index.php?rest_route=\/wp\/v2\/pages\/2630","targetHints":{"allow":["GET"]}}],"collection":[{"href":"http:\/\/kkvranje-sevnica.net\/index.php?rest_route=\/wp\/v2\/pages"}],"about":[{"href":"http:\/\/kkvranje-sevnica.net\/index.php?rest_route=\/wp\/v2\/types\/page"}],"author":[{"embeddable":true,"href":"http:\/\/kkvranje-sevnica.net\/index.php?rest_route=\/wp\/v2\/users\/1"}],"replies":[{"embeddable":true,"href":"http:\/\/kkvranje-sevnica.net\/index.php?rest_route=%2Fwp%2Fv2%2Fcomments&post=2630"}],"version-history":[{"count":6,"href":"http:\/\/kkvranje-sevnica.net\/index.php?rest_route=\/wp\/v2\/pages\/2630\/revisions"}],"predecessor-version":[{"id":5503,"href":"http:\/\/kkvranje-sevnica.net\/index.php?rest_route=\/wp\/v2\/pages\/2630\/revisions\/5503"}],"wp:attachment":[{"href":"http:\/\/kkvranje-sevnica.net\/index.php?rest_route=%2Fwp%2Fv2%2Fmedia&parent=2630"}],"curies":[{"name":"wp","href":"https:\/\/api.w.org\/{rel}","templated":true}]}}