{"id":2632,"date":"2019-06-22T10:31:21","date_gmt":"2019-06-22T09:31:21","guid":{"rendered":"http:\/\/kkvranje-sevnica.net\/?page_id=2632"},"modified":"2021-06-08T09:56:23","modified_gmt":"2021-06-08T08:56:23","slug":"poni-urice","status":"publish","type":"page","link":"http:\/\/kkvranje-sevnica.net\/?page_id=2632","title":{"rendered":"Poni urice"},"content":{"rendered":"<p>Za najmlaj\u0161e konjenike poskrbita na\u0161i ponici Bloom in Nala. Skozi igro se otroci spoznajo s \u010di\u0161\u010denjem in pripravo konja na jahanje, pomagajo pripraviti konja, si nadenejo za\u0161\u010ditni brezrokavnik, \u010delado in \u017ee hitimo jahat :-).<\/p>\n<p>v okviru poni uric organiziramo jahanje za otroke od 3 do 6 let &#8211; <strong>Mini poni jaha\u010d&nbsp;<\/strong>in za otroke od 6 do 9 let &#8211; <strong>Poni jaha\u010d.<\/strong><\/p>\n<h1>MINI PONI JAHA\u010c<\/h1>\n<p>S pomo\u010djo iger za razgibavanje in ravnote\u017eje z obro\u010dem in \u017eogo otroci krepijo ravnote\u017eje, grobo motoriko, skozi pripravo konja pa tudi fine motorike. U\u017eivajo ob spoznavanju svojih zmo\u017enosti in premagovanju strahu. Primerno za otroke od 3.&nbsp; do 6. leta starosti. Mini poni urice trajajo od 30 do 45 minut in zajemajo spoznavanje konja, krta\u010denje in pripravo konja, jahanje in na koncu \u0161e pospravljanje opreme in masiranje konja. Dol\u017eino jahanja prilagodimo&nbsp; glede na starost otroka&nbsp; (od 20 do 30 minut).<\/p>\n<h1>PONI JAHA\u010c<\/h1>\n<p>Otroci od 6. leta dalje, se u\u010dijo samostojno usmerjati ponija. Ta program je namenjen vsem otrokom, ki se \u017eelijo nau\u010diti samostojno jahati, a so \u0161e premajhni za velike konje. Otroci se u\u010dijo po prilagojenem programu za\u010detnega te\u010daja \u0161ole jahanja.&nbsp;<\/p>\n<p>Nau\u010dijo se:<\/p>\n<ul>\n<li>pripraviti ponija<\/li>\n<li>vodenja ponija<\/li>\n<li>zajahanja in razjahanja<\/li>\n<li>samostojnega usmerjanja v koraku in kasu<\/li>\n<li>galopa na lon\u017ei<\/li>\n<li>ohlajanja ponija<\/li>\n<\/ul>\n<p>Da okrepimo ravnote\u017eja se ve\u010dkrat preizkusimo v gimnastiki na poniju in tudi v je\u017ei brez sedla.&nbsp;<\/p>\n<p>&nbsp;<\/p>\n<div class=\"tiled-gallery type-rectangular tiled-gallery-unresized\" data-original-width=\"474\" data-carousel-extra='{&quot;blog_id&quot;:1,&quot;permalink&quot;:&quot;http:\\\/\\\/kkvranje-sevnica.net\\\/?page_id=2632&quot;,&quot;likes_blog_id&quot;:62100410}' itemscope itemtype=\"http:\/\/schema.org\/ImageGallery\" > <div class=\"gallery-row\" style=\"width: 474px; height: 238px;\" data-original-width=\"474\" data-original-height=\"238\" > <div class=\"gallery-group images-1\" style=\"width: 316px; height: 238px;\" data-original-width=\"316\" data-original-height=\"238\" > <div class=\"tiled-gallery-item tiled-gallery-item-large\" itemprop=\"associatedMedia\" itemscope itemtype=\"http:\/\/schema.org\/ImageObject\"> <a href=\"http:\/\/kkvranje-sevnica.net\/?attachment_id=2645\" border=\"0\" itemprop=\"url\"> <meta itemprop=\"width\" content=\"312\"> <meta itemprop=\"height\" content=\"234\"> <img decoding=\"async\" class=\"\" data-attachment-id=\"2645\" data-orig-file=\"http:\/\/kkvranje-sevnica.net\/wp-content\/uploads\/2019\/06\/DSCN3943.jpg\" data-orig-size=\"4160,3120\" data-comments-opened=\"1\" data-image-meta=\"{&quot;aperture&quot;:&quot;3.3&quot;,&quot;credit&quot;:&quot;&quot;,&quot;camera&quot;:&quot;COOLPIX W100&quot;,&quot;caption&quot;:&quot;&quot;,&quot;created_timestamp&quot;:&quot;1561139390&quot;,&quot;copyright&quot;:&quot;&quot;,&quot;focal_length&quot;:&quot;4.1&quot;,&quot;iso&quot;:&quot;125&quot;,&quot;shutter_speed&quot;:&quot;0.0025&quot;,&quot;title&quot;:&quot;&quot;,&quot;orientation&quot;:&quot;1&quot;}\" data-image-title=\"DSCN3943\" data-image-description=\"\" data-medium-file=\"https:\/\/i0.wp.com\/kkvranje-sevnica.net\/wp-content\/uploads\/2019\/06\/DSCN3943.jpg?fit=300%2C225\" data-large-file=\"https:\/\/i0.wp.com\/kkvranje-sevnica.net\/wp-content\/uploads\/2019\/06\/DSCN3943.jpg?fit=474%2C356\" src=\"https:\/\/i0.wp.com\/kkvranje-sevnica.net\/wp-content\/uploads\/2019\/06\/DSCN3943.jpg?w=312&#038;h=234\" srcset=\"https:\/\/i0.wp.com\/kkvranje-sevnica.net\/wp-content\/uploads\/2019\/06\/DSCN3943.jpg?w=4160 4160w, https:\/\/i0.wp.com\/kkvranje-sevnica.net\/wp-content\/uploads\/2019\/06\/DSCN3943.jpg?resize=300%2C225 300w, https:\/\/i0.wp.com\/kkvranje-sevnica.net\/wp-content\/uploads\/2019\/06\/DSCN3943.jpg?resize=768%2C576 768w, https:\/\/i0.wp.com\/kkvranje-sevnica.net\/wp-content\/uploads\/2019\/06\/DSCN3943.jpg?resize=1024%2C768 1024w, https:\/\/i0.wp.com\/kkvranje-sevnica.net\/wp-content\/uploads\/2019\/06\/DSCN3943.jpg?w=948 948w, https:\/\/i0.wp.com\/kkvranje-sevnica.net\/wp-content\/uploads\/2019\/06\/DSCN3943.jpg?w=1422 1422w\" width=\"312\" height=\"234\" loading=\"lazy\" data-original-width=\"312\" data-original-height=\"234\" itemprop=\"http:\/\/schema.org\/image\" title=\"DSCN3943\" alt=\"DSCN3943\" style=\"width: 312px; height: 234px;\" \/> <\/a> <\/div> <\/div> <!-- close group --> <div class=\"gallery-group images-2\" style=\"width: 158px; height: 238px;\" data-original-width=\"158\" data-original-height=\"238\" > <div class=\"tiled-gallery-item tiled-gallery-item-small\" itemprop=\"associatedMedia\" itemscope itemtype=\"http:\/\/schema.org\/ImageObject\"> <a href=\"http:\/\/kkvranje-sevnica.net\/?attachment_id=2644\" border=\"0\" itemprop=\"url\"> <meta itemprop=\"width\" content=\"154\"> <meta itemprop=\"height\" content=\"115\"> <img decoding=\"async\" class=\"\" data-attachment-id=\"2644\" data-orig-file=\"http:\/\/kkvranje-sevnica.net\/wp-content\/uploads\/2019\/06\/DSCN3942.jpg\" data-orig-size=\"4160,3120\" data-comments-opened=\"1\" data-image-meta=\"{&quot;aperture&quot;:&quot;3.3&quot;,&quot;credit&quot;:&quot;&quot;,&quot;camera&quot;:&quot;COOLPIX W100&quot;,&quot;caption&quot;:&quot;&quot;,&quot;created_timestamp&quot;:&quot;1561139382&quot;,&quot;copyright&quot;:&quot;&quot;,&quot;focal_length&quot;:&quot;4.1&quot;,&quot;iso&quot;:&quot;125&quot;,&quot;shutter_speed&quot;:&quot;0.002&quot;,&quot;title&quot;:&quot;&quot;,&quot;orientation&quot;:&quot;1&quot;}\" data-image-title=\"DSCN3942\" data-image-description=\"\" data-medium-file=\"https:\/\/i0.wp.com\/kkvranje-sevnica.net\/wp-content\/uploads\/2019\/06\/DSCN3942.jpg?fit=300%2C225\" data-large-file=\"https:\/\/i0.wp.com\/kkvranje-sevnica.net\/wp-content\/uploads\/2019\/06\/DSCN3942.jpg?fit=474%2C356\" src=\"https:\/\/i0.wp.com\/kkvranje-sevnica.net\/wp-content\/uploads\/2019\/06\/DSCN3942.jpg?w=154&#038;h=115\" srcset=\"https:\/\/i0.wp.com\/kkvranje-sevnica.net\/wp-content\/uploads\/2019\/06\/DSCN3942.jpg?w=4160 4160w, https:\/\/i0.wp.com\/kkvranje-sevnica.net\/wp-content\/uploads\/2019\/06\/DSCN3942.jpg?resize=300%2C225 300w, https:\/\/i0.wp.com\/kkvranje-sevnica.net\/wp-content\/uploads\/2019\/06\/DSCN3942.jpg?resize=768%2C576 768w, https:\/\/i0.wp.com\/kkvranje-sevnica.net\/wp-content\/uploads\/2019\/06\/DSCN3942.jpg?resize=1024%2C768 1024w, https:\/\/i0.wp.com\/kkvranje-sevnica.net\/wp-content\/uploads\/2019\/06\/DSCN3942.jpg?w=948 948w, https:\/\/i0.wp.com\/kkvranje-sevnica.net\/wp-content\/uploads\/2019\/06\/DSCN3942.jpg?w=1422 1422w\" width=\"154\" height=\"115\" loading=\"lazy\" data-original-width=\"154\" data-original-height=\"115\" itemprop=\"http:\/\/schema.org\/image\" title=\"DSCN3942\" alt=\"DSCN3942\" style=\"width: 154px; height: 115px;\" \/> <\/a> <\/div> <div class=\"tiled-gallery-item tiled-gallery-item-small\" itemprop=\"associatedMedia\" itemscope itemtype=\"http:\/\/schema.org\/ImageObject\"> <a href=\"http:\/\/kkvranje-sevnica.net\/?attachment_id=2643\" border=\"0\" itemprop=\"url\"> <meta itemprop=\"width\" content=\"154\"> <meta itemprop=\"height\" content=\"115\"> <img decoding=\"async\" class=\"\" data-attachment-id=\"2643\" data-orig-file=\"http:\/\/kkvranje-sevnica.net\/wp-content\/uploads\/2019\/06\/DSCN3941.jpg\" data-orig-size=\"4160,3120\" data-comments-opened=\"1\" data-image-meta=\"{&quot;aperture&quot;:&quot;3.3&quot;,&quot;credit&quot;:&quot;&quot;,&quot;camera&quot;:&quot;COOLPIX W100&quot;,&quot;caption&quot;:&quot;&quot;,&quot;created_timestamp&quot;:&quot;1561139354&quot;,&quot;copyright&quot;:&quot;&quot;,&quot;focal_length&quot;:&quot;4.1&quot;,&quot;iso&quot;:&quot;125&quot;,&quot;shutter_speed&quot;:&quot;0.005&quot;,&quot;title&quot;:&quot;&quot;,&quot;orientation&quot;:&quot;6&quot;}\" data-image-title=\"DSCN3941\" data-image-description=\"\" data-medium-file=\"https:\/\/i0.wp.com\/kkvranje-sevnica.net\/wp-content\/uploads\/2019\/06\/DSCN3941.jpg?fit=300%2C225\" data-large-file=\"https:\/\/i0.wp.com\/kkvranje-sevnica.net\/wp-content\/uploads\/2019\/06\/DSCN3941.jpg?fit=474%2C356\" src=\"https:\/\/i0.wp.com\/kkvranje-sevnica.net\/wp-content\/uploads\/2019\/06\/DSCN3941.jpg?w=154&#038;h=115\" srcset=\"https:\/\/i0.wp.com\/kkvranje-sevnica.net\/wp-content\/uploads\/2019\/06\/DSCN3941.jpg?w=4160 4160w, https:\/\/i0.wp.com\/kkvranje-sevnica.net\/wp-content\/uploads\/2019\/06\/DSCN3941.jpg?resize=300%2C225 300w, https:\/\/i0.wp.com\/kkvranje-sevnica.net\/wp-content\/uploads\/2019\/06\/DSCN3941.jpg?resize=768%2C576 768w, https:\/\/i0.wp.com\/kkvranje-sevnica.net\/wp-content\/uploads\/2019\/06\/DSCN3941.jpg?resize=1024%2C768 1024w, https:\/\/i0.wp.com\/kkvranje-sevnica.net\/wp-content\/uploads\/2019\/06\/DSCN3941.jpg?w=948 948w, https:\/\/i0.wp.com\/kkvranje-sevnica.net\/wp-content\/uploads\/2019\/06\/DSCN3941.jpg?w=1422 1422w\" width=\"154\" height=\"115\" loading=\"lazy\" data-original-width=\"154\" data-original-height=\"115\" itemprop=\"http:\/\/schema.org\/image\" title=\"DSCN3941\" alt=\"DSCN3941\" style=\"width: 154px; height: 115px;\" \/> <\/a> <\/div> <\/div> <!-- close group --> <\/div> <!-- close row --> <div class=\"gallery-row\" style=\"width: 474px; height: 238px;\" data-original-width=\"474\" data-original-height=\"238\" > <div class=\"gallery-group images-2\" style=\"width: 158px; height: 238px;\" data-original-width=\"158\" data-original-height=\"238\" > <div class=\"tiled-gallery-item tiled-gallery-item-small\" itemprop=\"associatedMedia\" itemscope itemtype=\"http:\/\/schema.org\/ImageObject\"> <a href=\"http:\/\/kkvranje-sevnica.net\/?attachment_id=2642\" border=\"0\" itemprop=\"url\"> <meta itemprop=\"width\" content=\"154\"> <meta itemprop=\"height\" content=\"115\"> <img decoding=\"async\" class=\"\" data-attachment-id=\"2642\" data-orig-file=\"http:\/\/kkvranje-sevnica.net\/wp-content\/uploads\/2019\/06\/DSCN3797.jpg\" data-orig-size=\"4160,3120\" data-comments-opened=\"1\" data-image-meta=\"{&quot;aperture&quot;:&quot;3.3&quot;,&quot;credit&quot;:&quot;&quot;,&quot;camera&quot;:&quot;COOLPIX W100&quot;,&quot;caption&quot;:&quot;&quot;,&quot;created_timestamp&quot;:&quot;1560605725&quot;,&quot;copyright&quot;:&quot;&quot;,&quot;focal_length&quot;:&quot;4.1&quot;,&quot;iso&quot;:&quot;125&quot;,&quot;shutter_speed&quot;:&quot;0.008&quot;,&quot;title&quot;:&quot;&quot;,&quot;orientation&quot;:&quot;1&quot;}\" data-image-title=\"DSCN3797\" data-image-description=\"\" data-medium-file=\"https:\/\/i0.wp.com\/kkvranje-sevnica.net\/wp-content\/uploads\/2019\/06\/DSCN3797.jpg?fit=300%2C225\" data-large-file=\"https:\/\/i0.wp.com\/kkvranje-sevnica.net\/wp-content\/uploads\/2019\/06\/DSCN3797.jpg?fit=474%2C356\" src=\"https:\/\/i0.wp.com\/kkvranje-sevnica.net\/wp-content\/uploads\/2019\/06\/DSCN3797.jpg?w=154&#038;h=115\" srcset=\"https:\/\/i0.wp.com\/kkvranje-sevnica.net\/wp-content\/uploads\/2019\/06\/DSCN3797.jpg?w=4160 4160w, https:\/\/i0.wp.com\/kkvranje-sevnica.net\/wp-content\/uploads\/2019\/06\/DSCN3797.jpg?resize=300%2C225 300w, https:\/\/i0.wp.com\/kkvranje-sevnica.net\/wp-content\/uploads\/2019\/06\/DSCN3797.jpg?resize=768%2C576 768w, https:\/\/i0.wp.com\/kkvranje-sevnica.net\/wp-content\/uploads\/2019\/06\/DSCN3797.jpg?resize=1024%2C768 1024w, https:\/\/i0.wp.com\/kkvranje-sevnica.net\/wp-content\/uploads\/2019\/06\/DSCN3797.jpg?w=948 948w, https:\/\/i0.wp.com\/kkvranje-sevnica.net\/wp-content\/uploads\/2019\/06\/DSCN3797.jpg?w=1422 1422w\" width=\"154\" height=\"115\" loading=\"lazy\" data-original-width=\"154\" data-original-height=\"115\" itemprop=\"http:\/\/schema.org\/image\" title=\"DSCN3797\" alt=\"DSCN3797\" style=\"width: 154px; height: 115px;\" \/> <\/a> <\/div> <div class=\"tiled-gallery-item tiled-gallery-item-small\" itemprop=\"associatedMedia\" itemscope itemtype=\"http:\/\/schema.org\/ImageObject\"> <a href=\"http:\/\/kkvranje-sevnica.net\/?attachment_id=2641\" border=\"0\" itemprop=\"url\"> <meta itemprop=\"width\" content=\"154\"> <meta itemprop=\"height\" content=\"115\"> <img decoding=\"async\" class=\"\" data-attachment-id=\"2641\" data-orig-file=\"http:\/\/kkvranje-sevnica.net\/wp-content\/uploads\/2019\/06\/DSCN3780.jpg\" data-orig-size=\"4160,3120\" data-comments-opened=\"1\" data-image-meta=\"{&quot;aperture&quot;:&quot;3.3&quot;,&quot;credit&quot;:&quot;&quot;,&quot;camera&quot;:&quot;COOLPIX W100&quot;,&quot;caption&quot;:&quot;&quot;,&quot;created_timestamp&quot;:&quot;1560603562&quot;,&quot;copyright&quot;:&quot;&quot;,&quot;focal_length&quot;:&quot;4.1&quot;,&quot;iso&quot;:&quot;125&quot;,&quot;shutter_speed&quot;:&quot;0.005&quot;,&quot;title&quot;:&quot;&quot;,&quot;orientation&quot;:&quot;1&quot;}\" data-image-title=\"DSCN3780\" data-image-description=\"\" data-medium-file=\"https:\/\/i0.wp.com\/kkvranje-sevnica.net\/wp-content\/uploads\/2019\/06\/DSCN3780.jpg?fit=300%2C225\" data-large-file=\"https:\/\/i0.wp.com\/kkvranje-sevnica.net\/wp-content\/uploads\/2019\/06\/DSCN3780.jpg?fit=474%2C356\" src=\"https:\/\/i0.wp.com\/kkvranje-sevnica.net\/wp-content\/uploads\/2019\/06\/DSCN3780.jpg?w=154&#038;h=115\" srcset=\"https:\/\/i0.wp.com\/kkvranje-sevnica.net\/wp-content\/uploads\/2019\/06\/DSCN3780.jpg?w=4160 4160w, https:\/\/i0.wp.com\/kkvranje-sevnica.net\/wp-content\/uploads\/2019\/06\/DSCN3780.jpg?resize=300%2C225 300w, https:\/\/i0.wp.com\/kkvranje-sevnica.net\/wp-content\/uploads\/2019\/06\/DSCN3780.jpg?resize=768%2C576 768w, https:\/\/i0.wp.com\/kkvranje-sevnica.net\/wp-content\/uploads\/2019\/06\/DSCN3780.jpg?resize=1024%2C768 1024w, https:\/\/i0.wp.com\/kkvranje-sevnica.net\/wp-content\/uploads\/2019\/06\/DSCN3780.jpg?w=948 948w, https:\/\/i0.wp.com\/kkvranje-sevnica.net\/wp-content\/uploads\/2019\/06\/DSCN3780.jpg?w=1422 1422w\" width=\"154\" height=\"115\" loading=\"lazy\" data-original-width=\"154\" data-original-height=\"115\" itemprop=\"http:\/\/schema.org\/image\" title=\"DSCN3780\" alt=\"DSCN3780\" style=\"width: 154px; height: 115px;\" \/> <\/a> <\/div> <\/div> <!-- close group --> <div class=\"gallery-group images-1\" style=\"width: 316px; height: 238px;\" data-original-width=\"316\" data-original-height=\"238\" > <div class=\"tiled-gallery-item tiled-gallery-item-large\" itemprop=\"associatedMedia\" itemscope itemtype=\"http:\/\/schema.org\/ImageObject\"> <a href=\"http:\/\/kkvranje-sevnica.net\/?attachment_id=2640\" border=\"0\" itemprop=\"url\"> <meta itemprop=\"width\" content=\"312\"> <meta itemprop=\"height\" content=\"234\"> <img decoding=\"async\" class=\"\" data-attachment-id=\"2640\" data-orig-file=\"http:\/\/kkvranje-sevnica.net\/wp-content\/uploads\/2019\/06\/DSCN3776.jpg\" data-orig-size=\"4160,3120\" data-comments-opened=\"1\" data-image-meta=\"{&quot;aperture&quot;:&quot;3.3&quot;,&quot;credit&quot;:&quot;&quot;,&quot;camera&quot;:&quot;COOLPIX W100&quot;,&quot;caption&quot;:&quot;&quot;,&quot;created_timestamp&quot;:&quot;1560603528&quot;,&quot;copyright&quot;:&quot;&quot;,&quot;focal_length&quot;:&quot;4.1&quot;,&quot;iso&quot;:&quot;125&quot;,&quot;shutter_speed&quot;:&quot;0.004&quot;,&quot;title&quot;:&quot;&quot;,&quot;orientation&quot;:&quot;1&quot;}\" data-image-title=\"DSCN3776\" data-image-description=\"\" data-medium-file=\"https:\/\/i0.wp.com\/kkvranje-sevnica.net\/wp-content\/uploads\/2019\/06\/DSCN3776.jpg?fit=300%2C225\" data-large-file=\"https:\/\/i0.wp.com\/kkvranje-sevnica.net\/wp-content\/uploads\/2019\/06\/DSCN3776.jpg?fit=474%2C356\" src=\"https:\/\/i0.wp.com\/kkvranje-sevnica.net\/wp-content\/uploads\/2019\/06\/DSCN3776.jpg?w=312&#038;h=234\" srcset=\"https:\/\/i0.wp.com\/kkvranje-sevnica.net\/wp-content\/uploads\/2019\/06\/DSCN3776.jpg?w=4160 4160w, https:\/\/i0.wp.com\/kkvranje-sevnica.net\/wp-content\/uploads\/2019\/06\/DSCN3776.jpg?resize=300%2C225 300w, https:\/\/i0.wp.com\/kkvranje-sevnica.net\/wp-content\/uploads\/2019\/06\/DSCN3776.jpg?resize=768%2C576 768w, https:\/\/i0.wp.com\/kkvranje-sevnica.net\/wp-content\/uploads\/2019\/06\/DSCN3776.jpg?resize=1024%2C768 1024w, https:\/\/i0.wp.com\/kkvranje-sevnica.net\/wp-content\/uploads\/2019\/06\/DSCN3776.jpg?w=948 948w, https:\/\/i0.wp.com\/kkvranje-sevnica.net\/wp-content\/uploads\/2019\/06\/DSCN3776.jpg?w=1422 1422w\" width=\"312\" height=\"234\" loading=\"lazy\" data-original-width=\"312\" data-original-height=\"234\" itemprop=\"http:\/\/schema.org\/image\" title=\"DSCN3776\" alt=\"DSCN3776\" style=\"width: 312px; height: 234px;\" \/> <\/a> <\/div> <\/div> <!-- close group --> <\/div> <!-- close row --> <div class=\"gallery-row\" style=\"width: 474px; height: 120px;\" data-original-width=\"474\" data-original-height=\"120\" > <div class=\"gallery-group images-1\" style=\"width: 158px; height: 120px;\" data-original-width=\"158\" data-original-height=\"120\" > <div class=\"tiled-gallery-item tiled-gallery-item-small\" itemprop=\"associatedMedia\" itemscope itemtype=\"http:\/\/schema.org\/ImageObject\"> <a href=\"http:\/\/kkvranje-sevnica.net\/?attachment_id=2639\" border=\"0\" itemprop=\"url\"> <meta itemprop=\"width\" content=\"154\"> <meta itemprop=\"height\" content=\"116\"> <img decoding=\"async\" class=\"\" data-attachment-id=\"2639\" data-orig-file=\"http:\/\/kkvranje-sevnica.net\/wp-content\/uploads\/2019\/06\/DSCN3771.jpg\" data-orig-size=\"4160,3120\" data-comments-opened=\"1\" data-image-meta=\"{&quot;aperture&quot;:&quot;3.3&quot;,&quot;credit&quot;:&quot;&quot;,&quot;camera&quot;:&quot;COOLPIX W100&quot;,&quot;caption&quot;:&quot;&quot;,&quot;created_timestamp&quot;:&quot;1560603487&quot;,&quot;copyright&quot;:&quot;&quot;,&quot;focal_length&quot;:&quot;4.1&quot;,&quot;iso&quot;:&quot;125&quot;,&quot;shutter_speed&quot;:&quot;0.004&quot;,&quot;title&quot;:&quot;&quot;,&quot;orientation&quot;:&quot;1&quot;}\" data-image-title=\"DSCN3771\" data-image-description=\"\" data-medium-file=\"https:\/\/i0.wp.com\/kkvranje-sevnica.net\/wp-content\/uploads\/2019\/06\/DSCN3771.jpg?fit=300%2C225\" data-large-file=\"https:\/\/i0.wp.com\/kkvranje-sevnica.net\/wp-content\/uploads\/2019\/06\/DSCN3771.jpg?fit=474%2C356\" src=\"https:\/\/i0.wp.com\/kkvranje-sevnica.net\/wp-content\/uploads\/2019\/06\/DSCN3771.jpg?w=154&#038;h=116\" srcset=\"https:\/\/i0.wp.com\/kkvranje-sevnica.net\/wp-content\/uploads\/2019\/06\/DSCN3771.jpg?w=4160 4160w, https:\/\/i0.wp.com\/kkvranje-sevnica.net\/wp-content\/uploads\/2019\/06\/DSCN3771.jpg?resize=300%2C225 300w, https:\/\/i0.wp.com\/kkvranje-sevnica.net\/wp-content\/uploads\/2019\/06\/DSCN3771.jpg?resize=768%2C576 768w, https:\/\/i0.wp.com\/kkvranje-sevnica.net\/wp-content\/uploads\/2019\/06\/DSCN3771.jpg?resize=1024%2C768 1024w, https:\/\/i0.wp.com\/kkvranje-sevnica.net\/wp-content\/uploads\/2019\/06\/DSCN3771.jpg?w=948 948w, https:\/\/i0.wp.com\/kkvranje-sevnica.net\/wp-content\/uploads\/2019\/06\/DSCN3771.jpg?w=1422 1422w\" width=\"154\" height=\"116\" loading=\"lazy\" data-original-width=\"154\" data-original-height=\"116\" itemprop=\"http:\/\/schema.org\/image\" title=\"DSCN3771\" alt=\"DSCN3771\" style=\"width: 154px; height: 116px;\" \/> <\/a> <\/div> <\/div> <!-- close group --> <div class=\"gallery-group images-1\" style=\"width: 158px; height: 120px;\" data-original-width=\"158\" data-original-height=\"120\" > <div class=\"tiled-gallery-item tiled-gallery-item-small\" itemprop=\"associatedMedia\" itemscope itemtype=\"http:\/\/schema.org\/ImageObject\"> <a href=\"http:\/\/kkvranje-sevnica.net\/?attachment_id=2638\" border=\"0\" itemprop=\"url\"> <meta itemprop=\"width\" content=\"154\"> <meta itemprop=\"height\" content=\"116\"> <img decoding=\"async\" class=\"\" data-attachment-id=\"2638\" data-orig-file=\"http:\/\/kkvranje-sevnica.net\/wp-content\/uploads\/2019\/06\/DSCN3765.jpg\" data-orig-size=\"4160,3120\" data-comments-opened=\"1\" data-image-meta=\"{&quot;aperture&quot;:&quot;3.3&quot;,&quot;credit&quot;:&quot;&quot;,&quot;camera&quot;:&quot;COOLPIX W100&quot;,&quot;caption&quot;:&quot;&quot;,&quot;created_timestamp&quot;:&quot;1560603446&quot;,&quot;copyright&quot;:&quot;&quot;,&quot;focal_length&quot;:&quot;4.1&quot;,&quot;iso&quot;:&quot;125&quot;,&quot;shutter_speed&quot;:&quot;0.005&quot;,&quot;title&quot;:&quot;&quot;,&quot;orientation&quot;:&quot;1&quot;}\" data-image-title=\"DSCN3765\" data-image-description=\"\" data-medium-file=\"https:\/\/i0.wp.com\/kkvranje-sevnica.net\/wp-content\/uploads\/2019\/06\/DSCN3765.jpg?fit=300%2C225\" data-large-file=\"https:\/\/i0.wp.com\/kkvranje-sevnica.net\/wp-content\/uploads\/2019\/06\/DSCN3765.jpg?fit=474%2C356\" src=\"https:\/\/i0.wp.com\/kkvranje-sevnica.net\/wp-content\/uploads\/2019\/06\/DSCN3765.jpg?w=154&#038;h=116\" srcset=\"https:\/\/i0.wp.com\/kkvranje-sevnica.net\/wp-content\/uploads\/2019\/06\/DSCN3765.jpg?w=4160 4160w, https:\/\/i0.wp.com\/kkvranje-sevnica.net\/wp-content\/uploads\/2019\/06\/DSCN3765.jpg?resize=300%2C225 300w, https:\/\/i0.wp.com\/kkvranje-sevnica.net\/wp-content\/uploads\/2019\/06\/DSCN3765.jpg?resize=768%2C576 768w, https:\/\/i0.wp.com\/kkvranje-sevnica.net\/wp-content\/uploads\/2019\/06\/DSCN3765.jpg?resize=1024%2C768 1024w, https:\/\/i0.wp.com\/kkvranje-sevnica.net\/wp-content\/uploads\/2019\/06\/DSCN3765.jpg?w=948 948w, https:\/\/i0.wp.com\/kkvranje-sevnica.net\/wp-content\/uploads\/2019\/06\/DSCN3765.jpg?w=1422 1422w\" width=\"154\" height=\"116\" loading=\"lazy\" data-original-width=\"154\" data-original-height=\"116\" itemprop=\"http:\/\/schema.org\/image\" title=\"DSCN3765\" alt=\"DSCN3765\" style=\"width: 154px; height: 116px;\" \/> <\/a> <\/div> <\/div> <!-- close group --> <div class=\"gallery-group images-1\" style=\"width: 158px; height: 120px;\" data-original-width=\"158\" data-original-height=\"120\" > <div class=\"tiled-gallery-item tiled-gallery-item-small\" itemprop=\"associatedMedia\" itemscope itemtype=\"http:\/\/schema.org\/ImageObject\"> <a href=\"http:\/\/kkvranje-sevnica.net\/?attachment_id=2637\" border=\"0\" itemprop=\"url\"> <meta itemprop=\"width\" content=\"154\"> <meta itemprop=\"height\" content=\"116\"> <img decoding=\"async\" class=\"\" data-attachment-id=\"2637\" data-orig-file=\"http:\/\/kkvranje-sevnica.net\/wp-content\/uploads\/2019\/06\/DSCN3764.jpg\" data-orig-size=\"4160,3120\" data-comments-opened=\"1\" data-image-meta=\"{&quot;aperture&quot;:&quot;3.3&quot;,&quot;credit&quot;:&quot;&quot;,&quot;camera&quot;:&quot;COOLPIX W100&quot;,&quot;caption&quot;:&quot;&quot;,&quot;created_timestamp&quot;:&quot;1560603434&quot;,&quot;copyright&quot;:&quot;&quot;,&quot;focal_length&quot;:&quot;4.1&quot;,&quot;iso&quot;:&quot;125&quot;,&quot;shutter_speed&quot;:&quot;0.004&quot;,&quot;title&quot;:&quot;&quot;,&quot;orientation&quot;:&quot;1&quot;}\" data-image-title=\"DSCN3764\" data-image-description=\"\" data-medium-file=\"https:\/\/i0.wp.com\/kkvranje-sevnica.net\/wp-content\/uploads\/2019\/06\/DSCN3764.jpg?fit=300%2C225\" data-large-file=\"https:\/\/i0.wp.com\/kkvranje-sevnica.net\/wp-content\/uploads\/2019\/06\/DSCN3764.jpg?fit=474%2C356\" src=\"https:\/\/i0.wp.com\/kkvranje-sevnica.net\/wp-content\/uploads\/2019\/06\/DSCN3764.jpg?w=154&#038;h=116\" srcset=\"https:\/\/i0.wp.com\/kkvranje-sevnica.net\/wp-content\/uploads\/2019\/06\/DSCN3764.jpg?w=4160 4160w, https:\/\/i0.wp.com\/kkvranje-sevnica.net\/wp-content\/uploads\/2019\/06\/DSCN3764.jpg?resize=300%2C225 300w, https:\/\/i0.wp.com\/kkvranje-sevnica.net\/wp-content\/uploads\/2019\/06\/DSCN3764.jpg?resize=768%2C576 768w, https:\/\/i0.wp.com\/kkvranje-sevnica.net\/wp-content\/uploads\/2019\/06\/DSCN3764.jpg?resize=1024%2C768 1024w, https:\/\/i0.wp.com\/kkvranje-sevnica.net\/wp-content\/uploads\/2019\/06\/DSCN3764.jpg?w=948 948w, https:\/\/i0.wp.com\/kkvranje-sevnica.net\/wp-content\/uploads\/2019\/06\/DSCN3764.jpg?w=1422 1422w\" width=\"154\" height=\"116\" loading=\"lazy\" data-original-width=\"154\" data-original-height=\"116\" itemprop=\"http:\/\/schema.org\/image\" title=\"DSCN3764\" alt=\"DSCN3764\" style=\"width: 154px; height: 116px;\" \/> <\/a> <\/div> <\/div> <!-- close group --> <\/div> <!-- close row --> <\/div>\n<p>&nbsp;<\/p>\n","protected":false},"excerpt":{"rendered":"<p>Za najmlaj\u0161e konjenike poskrbita na\u0161i ponici Bloom in Nala. Skozi igro se otroci spoznajo s \u010di\u0161\u010denjem in pripravo konja na jahanje, pomagajo pripraviti konja, si nadenejo za\u0161\u010ditni brezrokavnik, \u010delado in \u017ee hitimo jahat :-). v okviru poni uric organiziramo jahanje za otroke od 3 do 6 let &#8211; Mini poni jaha\u010d&nbsp;in za otroke od 6 &hellip; <a href=\"http:\/\/kkvranje-sevnica.net\/?page_id=2632\" class=\"more-link\">Continue reading <span class=\"screen-reader-text\">Poni urice<\/span> <span class=\"meta-nav\">&rarr;<\/span><\/a><\/p>\n","protected":false},"author":1,"featured_media":0,"parent":27,"menu_order":0,"comment_status":"closed","ping_status":"closed","template":"","meta":{"ngg_post_thumbnail":0,"jetpack_post_was_ever_published":false,"footnotes":""},"class_list":["post-2632","page","type-page","status-publish","hentry"],"jetpack_sharing_enabled":true,"jetpack_shortlink":"https:\/\/wp.me\/P4cz9w-Gs","jetpack_likes_enabled":true,"_links":{"self":[{"href":"http:\/\/kkvranje-sevnica.net\/index.php?rest_route=\/wp\/v2\/pages\/2632","targetHints":{"allow":["GET"]}}],"collection":[{"href":"http:\/\/kkvranje-sevnica.net\/index.php?rest_route=\/wp\/v2\/pages"}],"about":[{"href":"http:\/\/kkvranje-sevnica.net\/index.php?rest_route=\/wp\/v2\/types\/page"}],"author":[{"embeddable":true,"href":"http:\/\/kkvranje-sevnica.net\/index.php?rest_route=\/wp\/v2\/users\/1"}],"replies":[{"embeddable":true,"href":"http:\/\/kkvranje-sevnica.net\/index.php?rest_route=%2Fwp%2Fv2%2Fcomments&post=2632"}],"version-history":[{"count":6,"href":"http:\/\/kkvranje-sevnica.net\/index.php?rest_route=\/wp\/v2\/pages\/2632\/revisions"}],"predecessor-version":[{"id":5155,"href":"http:\/\/kkvranje-sevnica.net\/index.php?rest_route=\/wp\/v2\/pages\/2632\/revisions\/5155"}],"up":[{"embeddable":true,"href":"http:\/\/kkvranje-sevnica.net\/index.php?rest_route=\/wp\/v2\/pages\/27"}],"wp:attachment":[{"href":"http:\/\/kkvranje-sevnica.net\/index.php?rest_route=%2Fwp%2Fv2%2Fmedia&parent=2632"}],"curies":[{"name":"wp","href":"https:\/\/api.w.org\/{rel}","templated":true}]}}