{"id":27,"date":"2013-12-29T16:54:11","date_gmt":"2013-12-29T15:54:11","guid":{"rendered":"http:\/\/kkvranje-sevnica.net\/?page_id=27"},"modified":"2021-09-08T14:25:05","modified_gmt":"2021-09-08T13:25:05","slug":"delavnice","status":"publish","type":"page","link":"http:\/\/kkvranje-sevnica.net\/?page_id=27","title":{"rendered":"Ponudba"},"content":{"rendered":"<p><em>Ponujamo vam \u010dudovito do\u017eivetje z konji, in kozami. Izvajamo:<\/em><\/p>\n<p class=\"has-medium-font-size\"><span class=\"has-inline-color has-green-color\"><strong>\u0160ola jahanja<\/strong><\/span><\/p>\n<p>V okviru \u0161ole jahanja nudimo opravljanje za\u010detnega in nadaljevalnega te\u010daja jahanja, ob zaklju\u010dkom katerih lahko opravljate izpita Jaha\u010d 1 in Jaha\u010d 2.<\/p>\n<p class=\"has-normal-font-size\"><strong>Za\u010detni te\u010daj&nbsp;<\/strong><\/p>\n<p>Poteka v dveh stopnjah:<\/p>\n<p>\u2013 nega in priprava konja,&nbsp;&nbsp;osnove jahanja na lon\u017ei (individualno)<\/p>\n<p>\u2013 samostojno jahanje (v skupini od 2 do 4 jaha\u010di)<\/p>\n<p>Za hitrej\u0161e napredovanje priporo\u010damo vsaj 1 obisk tedensko.Po osvojenem znanju za\u010detnega te\u010daja jaha\u010di opravljajo izpit&nbsp; JAHA\u010c 1.<\/p>\n<p><a href=\"http:\/\/kkvranje-sevnica.net\/?page_id=4995\" data-type=\"page\" data-id=\"4995\"><span class=\"has-inline-color\">IZPIT JAHA\u010c 1<\/span><\/a><\/p>\n<p><strong>Nadaljevalni te\u010daj<\/strong><\/p>\n<p>Nadgradnja za\u010detnega te\u010daja, ki jaha\u010de pripelje do znanja osnovnih desurnih vaj, varnega terenskega jahanja in preskoka ni\u017eje zapreke.<\/p>\n<p>Za hitrej\u0161e napredovanje priporo\u010damo 2 obisk tedensko. Po osvojenem znanju nadaljevalnega te\u010daja jaha\u010di opravljajo izpit JAHA\u010c 2.&nbsp;<\/p>\n<p><a href=\"http:\/\/kkvranje-sevnica.net\/?page_id=5000\" data-type=\"page\" data-id=\"5000\"><span class=\"has-inline-color\">IZPIT JAHA\u010c 2<\/span><\/a><\/p>\n<figure class=\"wp-block-image size-large\"><img loading=\"lazy\" decoding=\"async\" data-attachment-id=\"3113\" data-permalink=\"http:\/\/kkvranje-sevnica.net\/?attachment_id=3113\" data-orig-file=\"https:\/\/i0.wp.com\/kkvranje-sevnica.net\/wp-content\/uploads\/2019\/09\/DSCN0334.jpg?fit=3120%2C4160\" data-orig-size=\"3120,4160\" data-comments-opened=\"1\" data-image-meta=\"{&quot;aperture&quot;:&quot;3.3&quot;,&quot;credit&quot;:&quot;&quot;,&quot;camera&quot;:&quot;COOLPIX W150&quot;,&quot;caption&quot;:&quot;&quot;,&quot;created_timestamp&quot;:&quot;1565026020&quot;,&quot;copyright&quot;:&quot;&quot;,&quot;focal_length&quot;:&quot;4.1&quot;,&quot;iso&quot;:&quot;125&quot;,&quot;shutter_speed&quot;:&quot;0.02&quot;,&quot;title&quot;:&quot;&quot;,&quot;orientation&quot;:&quot;1&quot;}\" data-image-title=\"DSCN0334\" data-image-description=\"\" data-image-caption=\"\" data-medium-file=\"https:\/\/i0.wp.com\/kkvranje-sevnica.net\/wp-content\/uploads\/2019\/09\/DSCN0334.jpg?fit=225%2C300\" data-large-file=\"https:\/\/i0.wp.com\/kkvranje-sevnica.net\/wp-content\/uploads\/2019\/09\/DSCN0334.jpg?fit=474%2C632\" class=\"wp-image-3113\" src=\"https:\/\/i0.wp.com\/kkvranje-sevnica.net\/wp-content\/uploads\/2019\/09\/DSCN0334.jpg?resize=474%2C632\" sizes=\"auto, (max-width: 474px) 100vw, 474px\" srcset=\"https:\/\/i0.wp.com\/kkvranje-sevnica.net\/wp-content\/uploads\/2019\/09\/DSCN0334.jpg?resize=768%2C1024 768w, https:\/\/i0.wp.com\/kkvranje-sevnica.net\/wp-content\/uploads\/2019\/09\/DSCN0334.jpg?resize=225%2C300 225w, https:\/\/i0.wp.com\/kkvranje-sevnica.net\/wp-content\/uploads\/2019\/09\/DSCN0334.jpg?w=948 948w, https:\/\/i0.wp.com\/kkvranje-sevnica.net\/wp-content\/uploads\/2019\/09\/DSCN0334.jpg?w=1422 1422w\" alt=\"\" width=\"392\" height=\"523\" data-attachment-id=\"3113\" data-permalink=\"http:\/\/kkvranje-sevnica.net\/?attachment_id=3113\" data-orig-file=\"https:\/\/i0.wp.com\/kkvranje-sevnica.net\/wp-content\/uploads\/2019\/09\/DSCN0334.jpg?fit=3120%2C4160\" data-orig-size=\"3120,4160\" data-comments-opened=\"1\" data-image-meta=\"{&quot;aperture&quot;:&quot;3.3&quot;,&quot;credit&quot;:&quot;&quot;,&quot;camera&quot;:&quot;COOLPIX W150&quot;,&quot;caption&quot;:&quot;&quot;,&quot;created_timestamp&quot;:&quot;1565026020&quot;,&quot;copyright&quot;:&quot;&quot;,&quot;focal_length&quot;:&quot;4.1&quot;,&quot;iso&quot;:&quot;125&quot;,&quot;shutter_speed&quot;:&quot;0.02&quot;,&quot;title&quot;:&quot;&quot;,&quot;orientation&quot;:&quot;1&quot;}\" data-image-title=\"DSCN0334\" data-image-description=\"\" data-medium-file=\"https:\/\/i0.wp.com\/kkvranje-sevnica.net\/wp-content\/uploads\/2019\/09\/DSCN0334.jpg?fit=225%2C300\" data-large-file=\"https:\/\/i0.wp.com\/kkvranje-sevnica.net\/wp-content\/uploads\/2019\/09\/DSCN0334.jpg?fit=474%2C632\"><\/figure>\n<p>&nbsp;<\/p>\n<p><strong><span class=\"has-inline-color has-green-color\">Poni<\/span><\/strong><\/p>\n<p class=\"has-medium-font-size\"><strong><span class=\"has-inline-color has-green-color\">Poni urice<\/span><\/strong><\/p>\n<p>Za najmlaj\u0161e konjenike poskrbita na\u0161i ponici Bloom in Nala. Skozi igro se otroci spoznajo s \u010di\u0161\u010denjem in pripravo konja na jahanje, pomagajo pripraviti konja, si nadenejo za\u0161\u010ditni brezrokavnik, \u010delado in \u017ee hitimo jahat :-).<\/p>\n<p>v okviru poni uric organiziramo jahanje za otroke od 3 do 6 let \u2013&nbsp;<strong>Mini poni jaha\u010d&nbsp;<\/strong>in za otroke od 6 do 9 let \u2013&nbsp;<strong>Poni jaha\u010d.<\/strong><\/p>\n<p><a href=\"http:\/\/kkvranje-sevnica.net\/?page_id=2632\" data-type=\"page\" data-id=\"2632\"><span class=\"has-inline-color\">Poni urice<\/span><\/a><\/p>\n<p>&nbsp;<\/p>\n<p class=\"has-medium-font-size\"><strong><span class=\"has-inline-color has-green-color\">Prilo\u017enostno jahanje<\/span><\/strong><\/p>\n<p>Jahanje v ogradi pod nadzorom vodnika, za vse starosti. Za ob\u010dasno jahanje v koraku.(pribl. 45 min)<\/p>\n<p class=\"has-medium-font-size\"><strong><span class=\"has-inline-color has-green-color\">Terensko jahanje<\/span><\/strong><\/p>\n<p>Kraj\u0161i izleti v spremstvu vodnika po bli\u017ejih gozdovih in travnikih (izleti so prilagojeni stopnji predznanja):&nbsp;<\/p>\n<p>\u2013 sprehod do arheolo\u0161kega najdi\u0161\u010da Ajdovski Gradec<\/p>\n<p>-izlet iz vasi do avtobusne postaje na Marofu do velikih ribnikov in krog nazaj \u010dez travnike<\/p>\n<p>-potep do hi\u0161e Muce Copatarice, vra\u010danje mimo pipe na Brinju<\/p>\n<p>-izlet skozi gozdi\u010dek mimo najdi\u0161\u010da Ajdovski Gradec proti Podvrhu do kmetije Grobelnik in nazaj skozi sadovnjak in \u010dez Brinje.<\/p>\n<p>-izlet v zgornje Vranje<\/p>\n<p>izleti trajajo od 30 minut do 3 ur<\/p>\n<p>Poleti lahko va\u0161 otrok pre\u017eivi en teden pri nas, pomaga pri la\u017ejih kme\u010dkih opravilih, en teden skrbi za svojega konji\u010dka, ki si ga izbere. Mo\u017enost ima prespati pri nas, skozi zanimiv program se zabavamo in spoznavamo nove stvari in pridobivamo nova znanja.<\/p>\n<p class=\"has-medium-font-size\"><strong><span class=\"has-inline-color has-green-color\">Konji\u010dkove delavnice<\/span><\/strong><\/p>\n<p>Na\u0161im konjem je velikokrat dolg\u010das in si \u017eelijo zabave\u2026 Takrat povabijo otroke iz vseh koncev in krajev, da se pridejo z njimi zabavat.<\/p>\n<p>Najbolj dolg\u010das jim je isti \u010das, kot je otrokom, ki so med po\u010ditnicami sami doma.<\/p>\n<p>Pou\u010dno ustvarjalne delavnice za otroke od 6. leta starosti naprej. Program:&nbsp;<\/p>\n<p>\u2013 vse o konju (obna\u0161anje, nega,&nbsp; prehrana, oprema, \u2026.) in&nbsp; priprava&nbsp;konja na jahanje,- jahanje v ogradi pod nadzorom&nbsp; vodnika,&nbsp;<\/p>\n<p>\u2013 ustvarjanje na izbrano temo \u201ckonj\u201d&nbsp;&nbsp; (risanje na podkve, izdelovanje&nbsp; spominkov, \u2026),<\/p>\n<p>\u2013 razli\u010dne igre ali mini tekmovanja s&nbsp; konjem.<\/p>\n<p>(Termini so predhodno objavljeni na fb-strani.)<\/p>\n<p class=\"has-medium-font-size\"><strong><span class=\"has-inline-color has-green-color\">Jahalni tabori<\/span><\/strong><\/p>\n<p>Med poletnimi po\u010ditnicami se od ponedeljka do petka dru\u017eimo s konji in prijatelji. Veliko jezdimo, friziramo konje, ustvarjamo ( tudi ri\u0161emo na konje), se igramo dru\u017eabne in \u0161tafetne igre, i\u0161\u010demo zaklad, se \u0161pricamo in \u0161e in \u0161e.<\/p>\n<p><a href=\"https:\/\/i0.wp.com\/kkvranje-sevnica.net\/wp-content\/uploads\/2014\/04\/WP_20140708_090.jpg\"><img data-recalc-dims=\"1\" loading=\"lazy\" decoding=\"async\" data-attachment-id=\"761\" data-permalink=\"http:\/\/kkvranje-sevnica.net\/?attachment_id=761\" data-orig-file=\"https:\/\/i0.wp.com\/kkvranje-sevnica.net\/wp-content\/uploads\/2014\/04\/WP_20140708_090.jpg?fit=2592%2C1456\" data-orig-size=\"2592,1456\" data-comments-opened=\"1\" data-image-meta=\"{&quot;aperture&quot;:&quot;2.4&quot;,&quot;credit&quot;:&quot;&quot;,&quot;camera&quot;:&quot;Lumia 520&quot;,&quot;caption&quot;:&quot;&quot;,&quot;created_timestamp&quot;:&quot;1404823349&quot;,&quot;copyright&quot;:&quot;&quot;,&quot;focal_length&quot;:&quot;0&quot;,&quot;iso&quot;:&quot;100&quot;,&quot;shutter_speed&quot;:&quot;0.002654&quot;,&quot;title&quot;:&quot;&quot;}\" data-image-title=\"WP_20140708_090\" data-image-description=\"\" data-image-caption=\"\" data-medium-file=\"https:\/\/i0.wp.com\/kkvranje-sevnica.net\/wp-content\/uploads\/2014\/04\/WP_20140708_090.jpg?fit=300%2C168\" data-large-file=\"https:\/\/i0.wp.com\/kkvranje-sevnica.net\/wp-content\/uploads\/2014\/04\/WP_20140708_090.jpg?fit=474%2C266\" class=\"alignnone size-full wp-image-761\" src=\"https:\/\/i0.wp.com\/kkvranje-sevnica.net\/wp-content\/uploads\/2014\/04\/WP_20140708_090.jpg?resize=474%2C266\" alt=\"WP_20140708_090\" width=\"474\" height=\"266\" srcset=\"https:\/\/i0.wp.com\/kkvranje-sevnica.net\/wp-content\/uploads\/2014\/04\/WP_20140708_090.jpg?w=2592 2592w, https:\/\/i0.wp.com\/kkvranje-sevnica.net\/wp-content\/uploads\/2014\/04\/WP_20140708_090.jpg?resize=300%2C168 300w, https:\/\/i0.wp.com\/kkvranje-sevnica.net\/wp-content\/uploads\/2014\/04\/WP_20140708_090.jpg?resize=1024%2C575 1024w, https:\/\/i0.wp.com\/kkvranje-sevnica.net\/wp-content\/uploads\/2014\/04\/WP_20140708_090.jpg?w=948 948w, https:\/\/i0.wp.com\/kkvranje-sevnica.net\/wp-content\/uploads\/2014\/04\/WP_20140708_090.jpg?w=1422 1422w\" sizes=\"auto, (max-width: 474px) 100vw, 474px\" \/><\/a><\/p>\n<p class=\"has-medium-font-size\"><strong><span class=\"has-inline-color has-green-color\">Praznovanje rojstnega dne s konji<\/span><\/strong><\/p>\n<p>\u010ce va\u0161 otrok obo\u017euje konje, je praznovanje rojstnega dne s prijatelji in konji prava izbira. Skupaj bomo konja skrta\u010dili in pripravili na jahanje v mane\u017ei. Vsak otrok jaha pribl. 5 min, po jahanju sledi program iger v mane\u017ei ali na hodniku(igre z \u017eogo, lov na zaklad, premagovanje poligona, urejanje samoroga,\u2026). Hrano in pija\u010do prinesete s seboj. Rojstni dan popestrimo z lovom na skriti zaklad ali poligonom in s tematskim rojstnim dnevom:&nbsp;\u2013 samorogov in vilinski rojstni dan&nbsp;ali \u2013 kavbojski rojstni dan ali&nbsp;\u2013 indijanski rojstni dan.<\/p>\n<p><a href=\"http:\/\/kkvranje-sevnica.net\/?page_id=2630\" data-type=\"page\" data-id=\"2630\"><span class=\"has-inline-color\">Praznovanje rojstnega dne<\/span><\/a><\/p>\n<p class=\"has-medium-font-size\"><span class=\"has-inline-color has-green-color\"><strong>Programi za vrtce, \u0161ole, organizirane skupine<\/strong><\/span><\/p>\n<p>Po dogovoru pripravimo predstavitev dela \u0161ole jahanja za \u0161portne in kulturne dneve ali vodene oglede kmetije za organizirane skupine.<\/p>\n<p><a href=\"http:\/\/kkvranje-sevnica.net\/?page_id=921\"><img data-recalc-dims=\"1\" loading=\"lazy\" decoding=\"async\" data-attachment-id=\"638\" data-permalink=\"http:\/\/kkvranje-sevnica.net\/?attachment_id=638\" data-orig-file=\"https:\/\/i0.wp.com\/kkvranje-sevnica.net\/wp-content\/uploads\/2013\/12\/CAM01218.jpg?fit=1944%2C2592\" data-orig-size=\"1944,2592\" data-comments-opened=\"1\" data-image-meta=\"{&quot;aperture&quot;:&quot;2.8&quot;,&quot;credit&quot;:&quot;Picasa&quot;,&quot;camera&quot;:&quot;LG-P760&quot;,&quot;caption&quot;:&quot;&quot;,&quot;created_timestamp&quot;:&quot;0&quot;,&quot;copyright&quot;:&quot;&quot;,&quot;focal_length&quot;:&quot;4.6&quot;,&quot;iso&quot;:&quot;100&quot;,&quot;shutter_speed&quot;:&quot;0.003621&quot;,&quot;title&quot;:&quot;&quot;}\" data-image-title=\"CAM01218\" data-image-description=\"\" data-image-caption=\"\" data-medium-file=\"https:\/\/i0.wp.com\/kkvranje-sevnica.net\/wp-content\/uploads\/2013\/12\/CAM01218.jpg?fit=225%2C300\" data-large-file=\"https:\/\/i0.wp.com\/kkvranje-sevnica.net\/wp-content\/uploads\/2013\/12\/CAM01218.jpg?fit=474%2C632\" class=\"alignnone size-full wp-image-638\" src=\"https:\/\/i0.wp.com\/kkvranje-sevnica.net\/wp-content\/uploads\/2013\/12\/CAM01218.jpg?resize=474%2C632\" alt=\"CAM01218\" width=\"474\" height=\"632\" srcset=\"https:\/\/i0.wp.com\/kkvranje-sevnica.net\/wp-content\/uploads\/2013\/12\/CAM01218.jpg?w=1944 1944w, https:\/\/i0.wp.com\/kkvranje-sevnica.net\/wp-content\/uploads\/2013\/12\/CAM01218.jpg?resize=225%2C300 225w, https:\/\/i0.wp.com\/kkvranje-sevnica.net\/wp-content\/uploads\/2013\/12\/CAM01218.jpg?resize=768%2C1024 768w, https:\/\/i0.wp.com\/kkvranje-sevnica.net\/wp-content\/uploads\/2013\/12\/CAM01218.jpg?w=948 948w, https:\/\/i0.wp.com\/kkvranje-sevnica.net\/wp-content\/uploads\/2013\/12\/CAM01218.jpg?w=1422 1422w\" sizes=\"auto, (max-width: 474px) 100vw, 474px\" \/><\/a><\/p>\n<p>&nbsp;<\/p>\n<p>Va\u0161a princeska&nbsp;obo\u017euje konji\u010dke? Pripeljite jo na \u010dudovito dru\u017eenje z njenimi najljub\u0161imi \u017eivalimi. Lahko bo jezdila ponija in druge konje, jih krta\u010dila, frizirala, lahko bo kak\u0161nega peljala na sprehodek. Z veseljem vzamemo va\u0161o princesko v par urno varstvo.<\/p>\n<p><a href=\"https:\/\/i0.wp.com\/kkvranje-sevnica.net\/wp-content\/uploads\/2014\/04\/WP_20140708_090.jpg\"><img data-recalc-dims=\"1\" loading=\"lazy\" decoding=\"async\" data-attachment-id=\"761\" data-permalink=\"http:\/\/kkvranje-sevnica.net\/?attachment_id=761\" data-orig-file=\"https:\/\/i0.wp.com\/kkvranje-sevnica.net\/wp-content\/uploads\/2014\/04\/WP_20140708_090.jpg?fit=2592%2C1456\" data-orig-size=\"2592,1456\" data-comments-opened=\"1\" data-image-meta=\"{&quot;aperture&quot;:&quot;2.4&quot;,&quot;credit&quot;:&quot;&quot;,&quot;camera&quot;:&quot;Lumia 520&quot;,&quot;caption&quot;:&quot;&quot;,&quot;created_timestamp&quot;:&quot;1404823349&quot;,&quot;copyright&quot;:&quot;&quot;,&quot;focal_length&quot;:&quot;0&quot;,&quot;iso&quot;:&quot;100&quot;,&quot;shutter_speed&quot;:&quot;0.002654&quot;,&quot;title&quot;:&quot;&quot;}\" data-image-title=\"WP_20140708_090\" data-image-description=\"\" data-image-caption=\"\" data-medium-file=\"https:\/\/i0.wp.com\/kkvranje-sevnica.net\/wp-content\/uploads\/2014\/04\/WP_20140708_090.jpg?fit=300%2C168\" data-large-file=\"https:\/\/i0.wp.com\/kkvranje-sevnica.net\/wp-content\/uploads\/2014\/04\/WP_20140708_090.jpg?fit=474%2C266\" class=\"alignnone size-full wp-image-761\" src=\"https:\/\/i0.wp.com\/kkvranje-sevnica.net\/wp-content\/uploads\/2014\/04\/WP_20140708_090.jpg?resize=474%2C266\" alt=\"WP_20140708_090\" width=\"474\" height=\"266\" srcset=\"https:\/\/i0.wp.com\/kkvranje-sevnica.net\/wp-content\/uploads\/2014\/04\/WP_20140708_090.jpg?w=2592 2592w, https:\/\/i0.wp.com\/kkvranje-sevnica.net\/wp-content\/uploads\/2014\/04\/WP_20140708_090.jpg?resize=300%2C168 300w, https:\/\/i0.wp.com\/kkvranje-sevnica.net\/wp-content\/uploads\/2014\/04\/WP_20140708_090.jpg?resize=1024%2C575 1024w, https:\/\/i0.wp.com\/kkvranje-sevnica.net\/wp-content\/uploads\/2014\/04\/WP_20140708_090.jpg?w=948 948w, https:\/\/i0.wp.com\/kkvranje-sevnica.net\/wp-content\/uploads\/2014\/04\/WP_20140708_090.jpg?w=1422 1422w\" sizes=\"auto, (max-width: 474px) 100vw, 474px\" \/><\/a><\/p>\n<p>&nbsp;<\/p>\n<p>&nbsp;<\/p>\n<p><a href=\"http:\/\/kkvranje-sevnica.net\/?page_id=196\"><img data-recalc-dims=\"1\" loading=\"lazy\" decoding=\"async\" data-attachment-id=\"732\" data-permalink=\"http:\/\/kkvranje-sevnica.net\/?attachment_id=732\" data-orig-file=\"https:\/\/i0.wp.com\/kkvranje-sevnica.net\/wp-content\/uploads\/2014\/04\/DSC_0209.jpg?fit=3872%2C2592\" data-orig-size=\"3872,2592\" data-comments-opened=\"1\" data-image-meta=\"{&quot;aperture&quot;:&quot;8&quot;,&quot;credit&quot;:&quot;&quot;,&quot;camera&quot;:&quot;NIKON D3000&quot;,&quot;caption&quot;:&quot;&quot;,&quot;created_timestamp&quot;:&quot;1405085478&quot;,&quot;copyright&quot;:&quot;&quot;,&quot;focal_length&quot;:&quot;22&quot;,&quot;iso&quot;:&quot;100&quot;,&quot;shutter_speed&quot;:&quot;0.01&quot;,&quot;title&quot;:&quot;&quot;}\" data-image-title=\"DSC_0209\" data-image-description=\"\" data-image-caption=\"\" data-medium-file=\"https:\/\/i0.wp.com\/kkvranje-sevnica.net\/wp-content\/uploads\/2014\/04\/DSC_0209.jpg?fit=300%2C200\" data-large-file=\"https:\/\/i0.wp.com\/kkvranje-sevnica.net\/wp-content\/uploads\/2014\/04\/DSC_0209.jpg?fit=474%2C317\" class=\"alignnone size-full wp-image-732\" src=\"https:\/\/i0.wp.com\/kkvranje-sevnica.net\/wp-content\/uploads\/2014\/04\/DSC_0209.jpg?resize=474%2C317\" alt=\"DSC_0209\" width=\"474\" height=\"317\" srcset=\"https:\/\/i0.wp.com\/kkvranje-sevnica.net\/wp-content\/uploads\/2014\/04\/DSC_0209.jpg?w=3872 3872w, https:\/\/i0.wp.com\/kkvranje-sevnica.net\/wp-content\/uploads\/2014\/04\/DSC_0209.jpg?resize=300%2C200 300w, https:\/\/i0.wp.com\/kkvranje-sevnica.net\/wp-content\/uploads\/2014\/04\/DSC_0209.jpg?resize=1024%2C685 1024w, https:\/\/i0.wp.com\/kkvranje-sevnica.net\/wp-content\/uploads\/2014\/04\/DSC_0209.jpg?w=948 948w, https:\/\/i0.wp.com\/kkvranje-sevnica.net\/wp-content\/uploads\/2014\/04\/DSC_0209.jpg?w=1422 1422w\" sizes=\"auto, (max-width: 474px) 100vw, 474px\" \/><\/a><\/p>\n","protected":false},"excerpt":{"rendered":"<p>Ponujamo vam \u010dudovito do\u017eivetje z konji, in kozami. Izvajamo: \u0160ola jahanja V okviru \u0161ole jahanja nudimo opravljanje za\u010detnega in nadaljevalnega te\u010daja jahanja, ob zaklju\u010dkom katerih lahko opravljate izpita Jaha\u010d 1 in Jaha\u010d 2. Za\u010detni te\u010daj&nbsp; Poteka v dveh stopnjah: \u2013 nega in priprava konja,&nbsp;&nbsp;osnove jahanja na lon\u017ei (individualno) \u2013 samostojno jahanje (v skupini od 2 &hellip; <a href=\"http:\/\/kkvranje-sevnica.net\/?page_id=27\" class=\"more-link\">Continue reading <span class=\"screen-reader-text\">Ponudba<\/span> <span class=\"meta-nav\">&rarr;<\/span><\/a><\/p>\n","protected":false},"author":2,"featured_media":0,"parent":0,"menu_order":0,"comment_status":"open","ping_status":"open","template":"","meta":{"ngg_post_thumbnail":0,"jetpack_post_was_ever_published":false,"footnotes":""},"class_list":["post-27","page","type-page","status-publish","hentry"],"jetpack_sharing_enabled":true,"jetpack_shortlink":"https:\/\/wp.me\/P4cz9w-r","jetpack_likes_enabled":true,"_links":{"self":[{"href":"http:\/\/kkvranje-sevnica.net\/index.php?rest_route=\/wp\/v2\/pages\/27","targetHints":{"allow":["GET"]}}],"collection":[{"href":"http:\/\/kkvranje-sevnica.net\/index.php?rest_route=\/wp\/v2\/pages"}],"about":[{"href":"http:\/\/kkvranje-sevnica.net\/index.php?rest_route=\/wp\/v2\/types\/page"}],"author":[{"embeddable":true,"href":"http:\/\/kkvranje-sevnica.net\/index.php?rest_route=\/wp\/v2\/users\/2"}],"replies":[{"embeddable":true,"href":"http:\/\/kkvranje-sevnica.net\/index.php?rest_route=%2Fwp%2Fv2%2Fcomments&post=27"}],"version-history":[{"count":15,"href":"http:\/\/kkvranje-sevnica.net\/index.php?rest_route=\/wp\/v2\/pages\/27\/revisions"}],"predecessor-version":[{"id":5189,"href":"http:\/\/kkvranje-sevnica.net\/index.php?rest_route=\/wp\/v2\/pages\/27\/revisions\/5189"}],"wp:attachment":[{"href":"http:\/\/kkvranje-sevnica.net\/index.php?rest_route=%2Fwp%2Fv2%2Fmedia&parent=27"}],"curies":[{"name":"wp","href":"https:\/\/api.w.org\/{rel}","templated":true}]}}