{"id":4995,"date":"2020-05-14T21:09:54","date_gmt":"2020-05-14T20:09:54","guid":{"rendered":"http:\/\/kkvranje-sevnica.net\/?page_id=4995"},"modified":"2020-05-18T17:47:35","modified_gmt":"2020-05-18T16:47:35","slug":"izpit-jahac-1","status":"publish","type":"page","link":"http:\/\/kkvranje-sevnica.net\/?page_id=4995","title":{"rendered":"IZPIT JAHA\u010c 1"},"content":{"rendered":"\n<h4 class=\"wp-block-heading\"><strong>Cilj za\u010detnega te\u010daja je, da se jaha\u010d nau\u010di osnovnega poznavanja konja in osnovnih ve\u0161\u010din gibanja na konju do galopa.<\/strong><\/h4>\n\n\n\n<ul class=\"wp-block-list\"><li>\u010di\u0161\u010denje konja v hlevu<\/li><li>sedlanje, uzdanje, vodenje konja na roki, zajahanje<\/li><li>pravilen sed in dr\u017ea vajeti<\/li><li>delovanje na konja v koraku in kasu<\/li><li>jahanje prehodov korak-kas-( galop) -kas-korak-stoj<\/li><li>galop na lon\u017ei<\/li><li>jahanje zavojev, velikega kroga, menjave po diagonali, preko polovice<\/li><li>jahali\u0161\u010da jahanje malega kroga v koraku<\/li><li>jahanje preko kavalet v koraku in kasu<\/li><li>ohlajanje konja<\/li><li>razjahanje, razsedlanje in \u010di\u0161\u010denje konja<\/li><li>prakti\u010dni izpit je opravljen, \u010de kandidat ustreznoo izvede vse zahtevane naloge (zahteva se pravila, ne popolnoma izpeljana izvedba nalog)<\/li><li>teoreti\u010dni izpit se opravi pisno, \u010de kandidat odgovori pravilno na ve\u010d kot 75% vpra\u0161anj<\/li><\/ul>\n\n\n\n<div class=\"wp-block-image\"><figure class=\"alignright size-large\"><img loading=\"lazy\" decoding=\"async\" width=\"1175\" height=\"671\" data-attachment-id=\"5005\" data-permalink=\"http:\/\/kkvranje-sevnica.net\/?attachment_id=5005\" data-orig-file=\"https:\/\/i0.wp.com\/kkvranje-sevnica.net\/wp-content\/uploads\/2020\/05\/98101076_662569004581694_3788859847466811392_n.png?fit=1175%2C671\" data-orig-size=\"1175,671\" data-comments-opened=\"1\" data-image-meta=\"{&quot;aperture&quot;:&quot;0&quot;,&quot;credit&quot;:&quot;&quot;,&quot;camera&quot;:&quot;&quot;,&quot;caption&quot;:&quot;&quot;,&quot;created_timestamp&quot;:&quot;0&quot;,&quot;copyright&quot;:&quot;&quot;,&quot;focal_length&quot;:&quot;0&quot;,&quot;iso&quot;:&quot;0&quot;,&quot;shutter_speed&quot;:&quot;0&quot;,&quot;title&quot;:&quot;&quot;,&quot;orientation&quot;:&quot;0&quot;}\" data-image-title=\"98101076_662569004581694_3788859847466811392_n\" data-image-description=\"\" data-image-caption=\"\" data-medium-file=\"https:\/\/i0.wp.com\/kkvranje-sevnica.net\/wp-content\/uploads\/2020\/05\/98101076_662569004581694_3788859847466811392_n.png?fit=300%2C171\" data-large-file=\"https:\/\/i0.wp.com\/kkvranje-sevnica.net\/wp-content\/uploads\/2020\/05\/98101076_662569004581694_3788859847466811392_n.png?fit=474%2C271\" src=\"https:\/\/i2.wp.com\/kkvranje-sevnica.net\/wp-content\/uploads\/2020\/05\/98101076_662569004581694_3788859847466811392_n.png?fit=474%2C271\" alt=\"\" class=\"wp-image-5005\" srcset=\"https:\/\/i0.wp.com\/kkvranje-sevnica.net\/wp-content\/uploads\/2020\/05\/98101076_662569004581694_3788859847466811392_n.png?w=1175 1175w, https:\/\/i0.wp.com\/kkvranje-sevnica.net\/wp-content\/uploads\/2020\/05\/98101076_662569004581694_3788859847466811392_n.png?resize=300%2C171 300w, https:\/\/i0.wp.com\/kkvranje-sevnica.net\/wp-content\/uploads\/2020\/05\/98101076_662569004581694_3788859847466811392_n.png?resize=1024%2C585 1024w, https:\/\/i0.wp.com\/kkvranje-sevnica.net\/wp-content\/uploads\/2020\/05\/98101076_662569004581694_3788859847466811392_n.png?resize=768%2C439 768w, https:\/\/i0.wp.com\/kkvranje-sevnica.net\/wp-content\/uploads\/2020\/05\/98101076_662569004581694_3788859847466811392_n.png?w=948 948w\" sizes=\"auto, (max-width: 474px) 100vw, 474px\" \/><\/figure><\/div>\n","protected":false},"excerpt":{"rendered":"<p>Cilj za\u010detnega te\u010daja je, da se jaha\u010d nau\u010di osnovnega poznavanja konja in osnovnih ve\u0161\u010din gibanja na konju do galopa. \u010di\u0161\u010denje konja v hlevu sedlanje, uzdanje, vodenje konja na roki, zajahanje pravilen sed in dr\u017ea vajeti delovanje na konja v koraku in kasu jahanje prehodov korak-kas-( galop) -kas-korak-stoj galop na lon\u017ei jahanje zavojev, velikega kroga, menjave &hellip; <a href=\"http:\/\/kkvranje-sevnica.net\/?page_id=4995\" class=\"more-link\">Continue reading <span class=\"screen-reader-text\">IZPIT JAHA\u010c 1<\/span> <span class=\"meta-nav\">&rarr;<\/span><\/a><\/p>\n","protected":false},"author":1,"featured_media":4998,"parent":0,"menu_order":0,"comment_status":"closed","ping_status":"closed","template":"","meta":{"ngg_post_thumbnail":0,"jetpack_post_was_ever_published":false,"footnotes":""},"class_list":["post-4995","page","type-page","status-publish","has-post-thumbnail","hentry"],"jetpack_sharing_enabled":true,"jetpack_shortlink":"https:\/\/wp.me\/P4cz9w-1iz","jetpack_likes_enabled":true,"_links":{"self":[{"href":"http:\/\/kkvranje-sevnica.net\/index.php?rest_route=\/wp\/v2\/pages\/4995","targetHints":{"allow":["GET"]}}],"collection":[{"href":"http:\/\/kkvranje-sevnica.net\/index.php?rest_route=\/wp\/v2\/pages"}],"about":[{"href":"http:\/\/kkvranje-sevnica.net\/index.php?rest_route=\/wp\/v2\/types\/page"}],"author":[{"embeddable":true,"href":"http:\/\/kkvranje-sevnica.net\/index.php?rest_route=\/wp\/v2\/users\/1"}],"replies":[{"embeddable":true,"href":"http:\/\/kkvranje-sevnica.net\/index.php?rest_route=%2Fwp%2Fv2%2Fcomments&post=4995"}],"version-history":[{"count":3,"href":"http:\/\/kkvranje-sevnica.net\/index.php?rest_route=\/wp\/v2\/pages\/4995\/revisions"}],"predecessor-version":[{"id":5006,"href":"http:\/\/kkvranje-sevnica.net\/index.php?rest_route=\/wp\/v2\/pages\/4995\/revisions\/5006"}],"wp:featuredmedia":[{"embeddable":true,"href":"http:\/\/kkvranje-sevnica.net\/index.php?rest_route=\/wp\/v2\/media\/4998"}],"wp:attachment":[{"href":"http:\/\/kkvranje-sevnica.net\/index.php?rest_route=%2Fwp%2Fv2%2Fmedia&parent=4995"}],"curies":[{"name":"wp","href":"https:\/\/api.w.org\/{rel}","templated":true}]}}