{"id":5000,"date":"2020-05-14T21:14:07","date_gmt":"2020-05-14T20:14:07","guid":{"rendered":"http:\/\/kkvranje-sevnica.net\/?page_id=5000"},"modified":"2020-05-18T17:49:22","modified_gmt":"2020-05-18T16:49:22","slug":"izpit-jahac-2","status":"publish","type":"page","link":"http:\/\/kkvranje-sevnica.net\/?page_id=5000","title":{"rendered":"IZPIT JAHA\u010c 2"},"content":{"rendered":"\n<h4 class=\"wp-block-heading\"><strong>Cilj nadaljevalnega te\u010daja je usposobiti jaha\u010da za samostojno vodenje konja z naslednjimi znanji:<\/strong><\/h4>\n\n\n\n<ul class=\"wp-block-list\"><li>jahati v razli\u010dnih sedih<\/li><li>preskakovati posamezno oviro do vi\u0161ine 50 cm<\/li><li>osnov terenskega jahanja<\/li><li>vodenja konja v prometu<\/li><\/ul>\n\n\n\n<p>V nadaljevalnem te\u010daju bomo utrdili sede\u010di kas, pravilno jahanje, menjave, desno in levo nazaj, prehode iz kasa v levi in desni galop, delovni galop na stezi in v velikem krogu, polsede\u010da dr\u017ea, poja\u010dan kas in galop, prehode preko kavalet, preskakovanje ovire visoke do 50 cm, obrat okoli prednjih nog.<\/p>\n\n\n\n<p>Po opravljenem izpitu in pridobitvi naziva JAHA\u010c 2 bo jaha\u010d zadostil zahtevam 96. \u010dlena Zakona o varnosti cestnega prometa in se bo lahko izkazal, v kolikor bodo to od njega zahtevali.<\/p>\n\n\n\n<p>Cilj nadaljevalnega te\u010daja ni pripraviti jaha\u010da za tekmovanja v dresuri ali preskakovanju ovir, pa\u010d pa ga nau\u010diti izvajati vaje \u010dimbolj pravilno, da bo lahko nadaljeval \u0161olanje in se po \u017eelji pripravil na tekmovalno licenco.<\/p>\n\n\n\n<figure class=\"wp-block-image size-large\"><img data-recalc-dims=\"1\" loading=\"lazy\" decoding=\"async\" width=\"474\" height=\"267\" data-attachment-id=\"4996\" data-permalink=\"http:\/\/kkvranje-sevnica.net\/?attachment_id=4996\" data-orig-file=\"https:\/\/i0.wp.com\/kkvranje-sevnica.net\/wp-content\/uploads\/2020\/05\/MOV_1735_000024.jpg?fit=1920%2C1080\" data-orig-size=\"1920,1080\" data-comments-opened=\"1\" data-image-meta=\"{&quot;aperture&quot;:&quot;0&quot;,&quot;credit&quot;:&quot;&quot;,&quot;camera&quot;:&quot;&quot;,&quot;caption&quot;:&quot;&quot;,&quot;created_timestamp&quot;:&quot;0&quot;,&quot;copyright&quot;:&quot;&quot;,&quot;focal_length&quot;:&quot;0&quot;,&quot;iso&quot;:&quot;0&quot;,&quot;shutter_speed&quot;:&quot;0&quot;,&quot;title&quot;:&quot;&quot;,&quot;orientation&quot;:&quot;0&quot;}\" data-image-title=\"MOV_1735_000024\" data-image-description=\"\" data-image-caption=\"\" data-medium-file=\"https:\/\/i0.wp.com\/kkvranje-sevnica.net\/wp-content\/uploads\/2020\/05\/MOV_1735_000024.jpg?fit=300%2C169\" data-large-file=\"https:\/\/i0.wp.com\/kkvranje-sevnica.net\/wp-content\/uploads\/2020\/05\/MOV_1735_000024.jpg?fit=474%2C267\" src=\"https:\/\/i0.wp.com\/kkvranje-sevnica.net\/wp-content\/uploads\/2020\/05\/MOV_1735_000024.jpg?resize=474%2C267\" alt=\"\" class=\"wp-image-4996\" srcset=\"https:\/\/i0.wp.com\/kkvranje-sevnica.net\/wp-content\/uploads\/2020\/05\/MOV_1735_000024.jpg?resize=1024%2C576 1024w, https:\/\/i0.wp.com\/kkvranje-sevnica.net\/wp-content\/uploads\/2020\/05\/MOV_1735_000024.jpg?resize=300%2C169 300w, https:\/\/i0.wp.com\/kkvranje-sevnica.net\/wp-content\/uploads\/2020\/05\/MOV_1735_000024.jpg?resize=768%2C432 768w, https:\/\/i0.wp.com\/kkvranje-sevnica.net\/wp-content\/uploads\/2020\/05\/MOV_1735_000024.jpg?resize=1536%2C864 1536w, https:\/\/i0.wp.com\/kkvranje-sevnica.net\/wp-content\/uploads\/2020\/05\/MOV_1735_000024.jpg?w=1920 1920w, https:\/\/i0.wp.com\/kkvranje-sevnica.net\/wp-content\/uploads\/2020\/05\/MOV_1735_000024.jpg?w=948 948w, https:\/\/i0.wp.com\/kkvranje-sevnica.net\/wp-content\/uploads\/2020\/05\/MOV_1735_000024.jpg?w=1422 1422w\" sizes=\"auto, (max-width: 474px) 100vw, 474px\" \/><\/figure>\n","protected":false},"excerpt":{"rendered":"<p>Cilj nadaljevalnega te\u010daja je usposobiti jaha\u010da za samostojno vodenje konja z naslednjimi znanji: jahati v razli\u010dnih sedih preskakovati posamezno oviro do vi\u0161ine 50 cm osnov terenskega jahanja vodenja konja v prometu V nadaljevalnem te\u010daju bomo utrdili sede\u010di kas, pravilno jahanje, menjave, desno in levo nazaj, prehode iz kasa v levi in desni galop, delovni galop &hellip; <a href=\"http:\/\/kkvranje-sevnica.net\/?page_id=5000\" class=\"more-link\">Continue reading <span class=\"screen-reader-text\">IZPIT JAHA\u010c 2<\/span> <span class=\"meta-nav\">&rarr;<\/span><\/a><\/p>\n","protected":false},"author":1,"featured_media":4997,"parent":0,"menu_order":0,"comment_status":"closed","ping_status":"closed","template":"","meta":{"ngg_post_thumbnail":0,"jetpack_post_was_ever_published":false,"footnotes":""},"class_list":["post-5000","page","type-page","status-publish","has-post-thumbnail","hentry"],"jetpack_sharing_enabled":true,"jetpack_shortlink":"https:\/\/wp.me\/P4cz9w-1iE","jetpack_likes_enabled":true,"_links":{"self":[{"href":"http:\/\/kkvranje-sevnica.net\/index.php?rest_route=\/wp\/v2\/pages\/5000","targetHints":{"allow":["GET"]}}],"collection":[{"href":"http:\/\/kkvranje-sevnica.net\/index.php?rest_route=\/wp\/v2\/pages"}],"about":[{"href":"http:\/\/kkvranje-sevnica.net\/index.php?rest_route=\/wp\/v2\/types\/page"}],"author":[{"embeddable":true,"href":"http:\/\/kkvranje-sevnica.net\/index.php?rest_route=\/wp\/v2\/users\/1"}],"replies":[{"embeddable":true,"href":"http:\/\/kkvranje-sevnica.net\/index.php?rest_route=%2Fwp%2Fv2%2Fcomments&post=5000"}],"version-history":[{"count":2,"href":"http:\/\/kkvranje-sevnica.net\/index.php?rest_route=\/wp\/v2\/pages\/5000\/revisions"}],"predecessor-version":[{"id":5007,"href":"http:\/\/kkvranje-sevnica.net\/index.php?rest_route=\/wp\/v2\/pages\/5000\/revisions\/5007"}],"wp:featuredmedia":[{"embeddable":true,"href":"http:\/\/kkvranje-sevnica.net\/index.php?rest_route=\/wp\/v2\/media\/4997"}],"wp:attachment":[{"href":"http:\/\/kkvranje-sevnica.net\/index.php?rest_route=%2Fwp%2Fv2%2Fmedia&parent=5000"}],"curies":[{"name":"wp","href":"https:\/\/api.w.org\/{rel}","templated":true}]}}