{"id":921,"date":"2016-06-11T18:23:19","date_gmt":"2016-06-11T17:23:19","guid":{"rendered":"http:\/\/kkvranje-sevnica.net\/?page_id=921"},"modified":"2021-05-12T13:00:17","modified_gmt":"2021-05-12T12:00:17","slug":"sola-jahanja","status":"publish","type":"page","link":"http:\/\/kkvranje-sevnica.net\/?page_id=921","title":{"rendered":"\u0160ola jahanja"},"content":{"rendered":"<div class=\"wpb_text_column wpb_content_element  vc_1448628300526 \">\n<div class=\"wpb_wrapper\">\n<h1><strong>\u0160OLA JAHANJA<\/strong><\/h1>\n<\/div>\n<\/div>\n<div class=\"vc_empty_space\">&nbsp;<\/div>\n<div class=\"wpb_text_column wpb_content_element  vc_1448628310358 \">\n<div class=\"wpb_wrapper\">\n<h4><strong>V okviru jahalnega kluba poteka jahalna \u0161ola-za\u010detni in nadaljevalni te\u010daj. Te\u010daji so organizirani od torka do nedelje od 15. do 19.ure in potekajo individualno ali v skupinah po dva ali tri jaha\u010de z enakim znanjem.<\/strong><\/h4>\n<\/div>\n<\/div>\n<div class=\"wpb_text_column wpb_content_element  vc_1448628316605 \">\n<div class=\"wpb_wrapper\">\n<p><strong>Razpolagamo s 5 konji<\/strong>&nbsp;razli\u010dnih pasem in velikosti, ki so mirne in prijazne narave, tako da so primerni za jaha\u010de vseh starosti. \u0160olski konji so v dopoldanskem \u010dasu spu\u0161\u010deni v izpustih, popoldan pa delajo v jahalni \u0161oli in so tako zelo disciplinirani.<\/p>\n<p><strong>Jahanje je mo\u017eno v zunanji mane\u017ei in v pokriti jahalnici<\/strong>, v kateri lahko poteka jahalna \u0161ola tudi pozimi in slabem vremenu.<\/p>\n<\/div>\n<\/div>\n<div class=\"wpb_text_column wpb_content_element  vc_1460148724360 \">\n<div class=\"wpb_wrapper\">\n<h1><strong>ZA\u010cETNI TE\u010cAJ<\/strong><\/h1>\n<\/div>\n<\/div>\n<div class=\"vc_empty_space\">&nbsp;<\/div>\n<div class=\"wpb_text_column wpb_content_element  vc_1460148905344 \">\n<div class=\"wpb_wrapper\">\n<p><strong>Za\u010detni te\u010daj:<\/strong>&nbsp;jaha\u010d se nau\u010di osnovnega spoznavanja konja in osnovnih ve\u0161\u010din gibanja in vodenje konja do galopa.<\/p>\n<ul>\n<li>\u010di\u0161\u010denje konja v hlevu<\/li>\n<li>sedlanje, uzdanje, vodenje konja na roki, zajahanje<\/li>\n<li>pravilen sed in dr\u017ea vajeti<\/li>\n<li>delovanje na konja v koraku in kasu<\/li>\n<li>jahanje prehodov korak-kas-( galop) -kas-korak-stoj<\/li>\n<li>galop na lon\u017ei<\/li>\n<li>jahanje zavojev, velikega kroga, menjave po diagonali, preko polovice jahali\u0161\u010da jahanje malega kroga v koraku<\/li>\n<li>jahanje preko kavalet v koraku in kasu<\/li>\n<li>ohlajanje konja \u201d<\/li>\n<li>razjahanje, razsedlanje in \u010di\u0161\u010denje konja<\/li>\n<\/ul>\n<p>Po dolo\u010denem pridobljenem znanju je mo\u017eno opravljati izpita Jaha\u010d 1, s katerim dokazujete pridobljeno znanje o za\u010detnem te\u010daju.<\/p>\n<\/div>\n<\/div>\n<p><a href=\"http:\/\/kkvranje-sevnica.net\/?page_id=4995\"><span style=\"color: #ff0000;\">VE\u010c O IZPITU<\/span><\/a><\/p>\n<div class=\"wpb_text_column wpb_content_element  vc_1460148985105 \">\n<div class=\"wpb_wrapper\">\n<h1><strong>NADALJEVALNI TE\u010cAJ<\/strong><\/h1>\n<\/div>\n<\/div>\n<div class=\"vc_empty_space\">&nbsp;<\/div>\n<div class=\"wpb_text_column wpb_content_element  vc_1460149096736 \">\n<div class=\"wpb_wrapper\">\n<p><strong>Nadaljevalni te\u010daj:<\/strong>&nbsp;usposobiti jaha\u010da&nbsp;do samostojnega vodenje konja z naslednjimi znanji:<\/p>\n<ul>\n<li>jahanje v razli\u010dnih sedlih,<\/li>\n<li>dobro obvladanje sedi\u0161\u010da,<\/li>\n<li>izpiliti osnove jahanja<\/li>\n<li>obvladati konja v vseh hodih,<\/li>\n<li>jahanje dresurnih vaj<\/li>\n<li>skakanje manj\u0161ih zaprek<\/li>\n<li>jahanje na terenu, v prometu<\/li>\n<li>nadaljna znanja anatomije in prve pomo\u010di konjem.<\/li>\n<\/ul>\n<p>Po dolo\u010denem znanju u\u010ditelj napoti&nbsp; jaha\u010d k opravljanju izpita Jaha\u010d 2. Z tem izpitom jaha\u010d izkazuje znanje, obvladanja konja v zgoraj navedenih vajah. Z opravljenim tem izpitom se lahko jaha\u010d z nami odpravi na ogled prelepe pokrajine v \u0161ir\u0161i okolici na\u0161ega kluba.<\/p>\n<p><a href=\"http:\/\/kkvranje-sevnica.net\/?page_id=5000\"><span style=\"color: #ff0000;\">VE\u010c O IZPITU<\/span><\/a><\/p>\n<p>&nbsp;<\/p>\n<\/div>\n<\/div>\n<div class=\"tiled-gallery type-rectangular tiled-gallery-unresized\" data-original-width=\"474\" data-carousel-extra='{&quot;blog_id&quot;:1,&quot;permalink&quot;:&quot;http:\\\/\\\/kkvranje-sevnica.net\\\/?page_id=921&quot;,&quot;likes_blog_id&quot;:62100410}' itemscope itemtype=\"http:\/\/schema.org\/ImageGallery\" > <div class=\"gallery-row\" style=\"width: 474px; height: 227px;\" data-original-width=\"474\" data-original-height=\"227\" > <div class=\"gallery-group images-1\" style=\"width: 132px; height: 227px;\" data-original-width=\"132\" data-original-height=\"227\" > <div class=\"tiled-gallery-item tiled-gallery-item-small\" itemprop=\"associatedMedia\" itemscope itemtype=\"http:\/\/schema.org\/ImageObject\"> <a href=\"http:\/\/kkvranje-sevnica.net\/?attachment_id=841\" border=\"0\" itemprop=\"url\"> <meta itemprop=\"width\" content=\"128\"> <meta itemprop=\"height\" content=\"223\"> <img decoding=\"async\" class=\"\" data-attachment-id=\"841\" data-orig-file=\"http:\/\/kkvranje-sevnica.net\/wp-content\/uploads\/2013\/12\/P4270936-3.jpg\" data-orig-size=\"314,547\" data-comments-opened=\"1\" data-image-meta=\"{&quot;aperture&quot;:&quot;0&quot;,&quot;credit&quot;:&quot;&quot;,&quot;camera&quot;:&quot;&quot;,&quot;caption&quot;:&quot;&quot;,&quot;created_timestamp&quot;:&quot;0&quot;,&quot;copyright&quot;:&quot;&quot;,&quot;focal_length&quot;:&quot;0&quot;,&quot;iso&quot;:&quot;0&quot;,&quot;shutter_speed&quot;:&quot;0&quot;,&quot;title&quot;:&quot;&quot;,&quot;orientation&quot;:&quot;0&quot;}\" data-image-title=\"P4270936-3\" data-image-description=\"&lt;p&gt;\u0160entjurski sejem, Tabor 27.4.2014&lt;\/p&gt; \" data-medium-file=\"https:\/\/i0.wp.com\/kkvranje-sevnica.net\/wp-content\/uploads\/2013\/12\/P4270936-3.jpg?fit=172%2C300\" data-large-file=\"https:\/\/i0.wp.com\/kkvranje-sevnica.net\/wp-content\/uploads\/2013\/12\/P4270936-3.jpg?fit=314%2C547\" src=\"https:\/\/i0.wp.com\/kkvranje-sevnica.net\/wp-content\/uploads\/2013\/12\/P4270936-3.jpg?w=128&#038;h=223\" srcset=\"https:\/\/i0.wp.com\/kkvranje-sevnica.net\/wp-content\/uploads\/2013\/12\/P4270936-3.jpg?w=314 314w, https:\/\/i0.wp.com\/kkvranje-sevnica.net\/wp-content\/uploads\/2013\/12\/P4270936-3.jpg?resize=172%2C300 172w\" width=\"128\" height=\"223\" loading=\"lazy\" data-original-width=\"128\" data-original-height=\"223\" itemprop=\"http:\/\/schema.org\/image\" title=\"P4270936-3\" alt=\"P4270936-3\" style=\"width: 128px; height: 223px;\" \/> <\/a> <\/div> <\/div> <!-- close group --> <div class=\"gallery-group images-1\" style=\"width: 171px; height: 227px;\" data-original-width=\"171\" data-original-height=\"227\" > <div class=\"tiled-gallery-item tiled-gallery-item-small\" itemprop=\"associatedMedia\" itemscope itemtype=\"http:\/\/schema.org\/ImageObject\"> <a href=\"http:\/\/kkvranje-sevnica.net\/?attachment_id=816\" border=\"0\" itemprop=\"url\"> <meta itemprop=\"width\" content=\"167\"> <meta itemprop=\"height\" content=\"223\"> <img decoding=\"async\" class=\"\" data-attachment-id=\"816\" data-orig-file=\"http:\/\/kkvranje-sevnica.net\/wp-content\/uploads\/2013\/12\/CAM02900.jpg\" data-orig-size=\"1944,2592\" data-comments-opened=\"1\" data-image-meta=\"{&quot;aperture&quot;:&quot;2.8&quot;,&quot;credit&quot;:&quot;&quot;,&quot;camera&quot;:&quot;LG-P760&quot;,&quot;caption&quot;:&quot;&quot;,&quot;created_timestamp&quot;:&quot;0&quot;,&quot;copyright&quot;:&quot;&quot;,&quot;focal_length&quot;:&quot;4.6&quot;,&quot;iso&quot;:&quot;100&quot;,&quot;shutter_speed&quot;:&quot;0.007176&quot;,&quot;title&quot;:&quot;&quot;,&quot;orientation&quot;:&quot;0&quot;}\" data-image-title=\"CAM02900\" data-image-description=\"\" data-medium-file=\"https:\/\/i0.wp.com\/kkvranje-sevnica.net\/wp-content\/uploads\/2013\/12\/CAM02900.jpg?fit=225%2C300\" data-large-file=\"https:\/\/i0.wp.com\/kkvranje-sevnica.net\/wp-content\/uploads\/2013\/12\/CAM02900.jpg?fit=474%2C632\" src=\"https:\/\/i0.wp.com\/kkvranje-sevnica.net\/wp-content\/uploads\/2013\/12\/CAM02900.jpg?w=167&#038;h=223\" srcset=\"https:\/\/i0.wp.com\/kkvranje-sevnica.net\/wp-content\/uploads\/2013\/12\/CAM02900.jpg?w=1944 1944w, https:\/\/i0.wp.com\/kkvranje-sevnica.net\/wp-content\/uploads\/2013\/12\/CAM02900.jpg?resize=225%2C300 225w, https:\/\/i0.wp.com\/kkvranje-sevnica.net\/wp-content\/uploads\/2013\/12\/CAM02900.jpg?resize=768%2C1024 768w, https:\/\/i0.wp.com\/kkvranje-sevnica.net\/wp-content\/uploads\/2013\/12\/CAM02900.jpg?w=948 948w, https:\/\/i0.wp.com\/kkvranje-sevnica.net\/wp-content\/uploads\/2013\/12\/CAM02900.jpg?w=1422 1422w\" width=\"167\" height=\"223\" loading=\"lazy\" data-original-width=\"167\" data-original-height=\"223\" itemprop=\"http:\/\/schema.org\/image\" title=\"CAM02900\" alt=\"CAM02900\" style=\"width: 167px; height: 223px;\" \/> <\/a> <\/div> <\/div> <!-- close group --> <div class=\"gallery-group images-1\" style=\"width: 171px; height: 227px;\" data-original-width=\"171\" data-original-height=\"227\" > <div class=\"tiled-gallery-item tiled-gallery-item-small\" itemprop=\"associatedMedia\" itemscope itemtype=\"http:\/\/schema.org\/ImageObject\"> <a href=\"http:\/\/kkvranje-sevnica.net\/?attachment_id=819\" border=\"0\" itemprop=\"url\"> <meta itemprop=\"width\" content=\"167\"> <meta itemprop=\"height\" content=\"223\"> <img decoding=\"async\" class=\"\" data-attachment-id=\"819\" data-orig-file=\"http:\/\/kkvranje-sevnica.net\/wp-content\/uploads\/2013\/12\/CAM02909.jpg\" data-orig-size=\"1944,2592\" data-comments-opened=\"1\" data-image-meta=\"{&quot;aperture&quot;:&quot;2.8&quot;,&quot;credit&quot;:&quot;&quot;,&quot;camera&quot;:&quot;LG-P760&quot;,&quot;caption&quot;:&quot;&quot;,&quot;created_timestamp&quot;:&quot;0&quot;,&quot;copyright&quot;:&quot;&quot;,&quot;focal_length&quot;:&quot;4.6&quot;,&quot;iso&quot;:&quot;100&quot;,&quot;shutter_speed&quot;:&quot;0.007907&quot;,&quot;title&quot;:&quot;&quot;,&quot;orientation&quot;:&quot;0&quot;}\" data-image-title=\"CAM02909\" data-image-description=\"\" data-medium-file=\"https:\/\/i0.wp.com\/kkvranje-sevnica.net\/wp-content\/uploads\/2013\/12\/CAM02909.jpg?fit=225%2C300\" data-large-file=\"https:\/\/i0.wp.com\/kkvranje-sevnica.net\/wp-content\/uploads\/2013\/12\/CAM02909.jpg?fit=474%2C632\" src=\"https:\/\/i0.wp.com\/kkvranje-sevnica.net\/wp-content\/uploads\/2013\/12\/CAM02909.jpg?w=167&#038;h=223\" srcset=\"https:\/\/i0.wp.com\/kkvranje-sevnica.net\/wp-content\/uploads\/2013\/12\/CAM02909.jpg?w=1944 1944w, https:\/\/i0.wp.com\/kkvranje-sevnica.net\/wp-content\/uploads\/2013\/12\/CAM02909.jpg?resize=225%2C300 225w, https:\/\/i0.wp.com\/kkvranje-sevnica.net\/wp-content\/uploads\/2013\/12\/CAM02909.jpg?resize=768%2C1024 768w, https:\/\/i0.wp.com\/kkvranje-sevnica.net\/wp-content\/uploads\/2013\/12\/CAM02909.jpg?w=948 948w, https:\/\/i0.wp.com\/kkvranje-sevnica.net\/wp-content\/uploads\/2013\/12\/CAM02909.jpg?w=1422 1422w\" width=\"167\" height=\"223\" loading=\"lazy\" data-original-width=\"167\" data-original-height=\"223\" itemprop=\"http:\/\/schema.org\/image\" title=\"CAM02909\" alt=\"CAM02909\" style=\"width: 167px; height: 223px;\" \/> <\/a> <\/div> <\/div> <!-- close group --> <\/div> <!-- close row --> <div class=\"gallery-row\" style=\"width: 474px; height: 228px;\" data-original-width=\"474\" data-original-height=\"228\" > <div class=\"gallery-group images-1\" style=\"width: 302px; height: 228px;\" data-original-width=\"302\" data-original-height=\"228\" > <div class=\"tiled-gallery-item tiled-gallery-item-large\" itemprop=\"associatedMedia\" itemscope itemtype=\"http:\/\/schema.org\/ImageObject\"> <a href=\"http:\/\/kkvranje-sevnica.net\/?attachment_id=792\" border=\"0\" itemprop=\"url\"> <meta itemprop=\"width\" content=\"298\"> <meta itemprop=\"height\" content=\"224\"> <img decoding=\"async\" class=\"\" data-attachment-id=\"792\" data-orig-file=\"http:\/\/kkvranje-sevnica.net\/wp-content\/uploads\/2013\/12\/CAM02637.jpg\" data-orig-size=\"640,480\" data-comments-opened=\"1\" data-image-meta=\"{&quot;aperture&quot;:&quot;0&quot;,&quot;credit&quot;:&quot;&quot;,&quot;camera&quot;:&quot;LG-P760&quot;,&quot;caption&quot;:&quot;&quot;,&quot;created_timestamp&quot;:&quot;1412522590&quot;,&quot;copyright&quot;:&quot;&quot;,&quot;focal_length&quot;:&quot;4.6&quot;,&quot;iso&quot;:&quot;0&quot;,&quot;shutter_speed&quot;:&quot;0&quot;,&quot;title&quot;:&quot;&quot;}\" data-image-title=\"CAM02637\" data-image-description=\"\" data-medium-file=\"https:\/\/i0.wp.com\/kkvranje-sevnica.net\/wp-content\/uploads\/2013\/12\/CAM02637.jpg?fit=300%2C225\" data-large-file=\"https:\/\/i0.wp.com\/kkvranje-sevnica.net\/wp-content\/uploads\/2013\/12\/CAM02637.jpg?fit=474%2C356\" src=\"https:\/\/i0.wp.com\/kkvranje-sevnica.net\/wp-content\/uploads\/2013\/12\/CAM02637.jpg?w=298&#038;h=224\" srcset=\"https:\/\/i0.wp.com\/kkvranje-sevnica.net\/wp-content\/uploads\/2013\/12\/CAM02637.jpg?w=640 640w, https:\/\/i0.wp.com\/kkvranje-sevnica.net\/wp-content\/uploads\/2013\/12\/CAM02637.jpg?resize=300%2C225 300w\" width=\"298\" height=\"224\" loading=\"lazy\" data-original-width=\"298\" data-original-height=\"224\" itemprop=\"http:\/\/schema.org\/image\" title=\"CAM02637\" alt=\"CAM02637\" style=\"width: 298px; height: 224px;\" \/> <\/a> <\/div> <\/div> <!-- close group --> <div class=\"gallery-group images-1\" style=\"width: 172px; height: 228px;\" data-original-width=\"172\" data-original-height=\"228\" > <div class=\"tiled-gallery-item tiled-gallery-item-small\" itemprop=\"associatedMedia\" itemscope itemtype=\"http:\/\/schema.org\/ImageObject\"> <a href=\"http:\/\/kkvranje-sevnica.net\/?attachment_id=788\" border=\"0\" itemprop=\"url\"> <meta itemprop=\"width\" content=\"168\"> <meta itemprop=\"height\" content=\"224\"> <img decoding=\"async\" class=\"\" data-attachment-id=\"788\" data-orig-file=\"http:\/\/kkvranje-sevnica.net\/wp-content\/uploads\/2013\/12\/CAM02607.jpg\" data-orig-size=\"1944,2592\" data-comments-opened=\"1\" data-image-meta=\"{&quot;aperture&quot;:&quot;2.8&quot;,&quot;credit&quot;:&quot;&quot;,&quot;camera&quot;:&quot;LG-P760&quot;,&quot;caption&quot;:&quot;&quot;,&quot;created_timestamp&quot;:&quot;0&quot;,&quot;copyright&quot;:&quot;&quot;,&quot;focal_length&quot;:&quot;4.6&quot;,&quot;iso&quot;:&quot;100&quot;,&quot;shutter_speed&quot;:&quot;0.002891&quot;,&quot;title&quot;:&quot;&quot;}\" data-image-title=\"CAM02607\" data-image-description=\"\" data-medium-file=\"https:\/\/i0.wp.com\/kkvranje-sevnica.net\/wp-content\/uploads\/2013\/12\/CAM02607.jpg?fit=225%2C300\" data-large-file=\"https:\/\/i0.wp.com\/kkvranje-sevnica.net\/wp-content\/uploads\/2013\/12\/CAM02607.jpg?fit=474%2C632\" src=\"https:\/\/i0.wp.com\/kkvranje-sevnica.net\/wp-content\/uploads\/2013\/12\/CAM02607.jpg?w=168&#038;h=224\" srcset=\"https:\/\/i0.wp.com\/kkvranje-sevnica.net\/wp-content\/uploads\/2013\/12\/CAM02607.jpg?w=1944 1944w, https:\/\/i0.wp.com\/kkvranje-sevnica.net\/wp-content\/uploads\/2013\/12\/CAM02607.jpg?resize=225%2C300 225w, https:\/\/i0.wp.com\/kkvranje-sevnica.net\/wp-content\/uploads\/2013\/12\/CAM02607.jpg?resize=768%2C1024 768w, https:\/\/i0.wp.com\/kkvranje-sevnica.net\/wp-content\/uploads\/2013\/12\/CAM02607.jpg?w=948 948w, https:\/\/i0.wp.com\/kkvranje-sevnica.net\/wp-content\/uploads\/2013\/12\/CAM02607.jpg?w=1422 1422w\" width=\"168\" height=\"224\" loading=\"lazy\" data-original-width=\"168\" data-original-height=\"224\" itemprop=\"http:\/\/schema.org\/image\" title=\"CAM02607\" alt=\"CAM02607\" style=\"width: 168px; height: 224px;\" \/> <\/a> <\/div> <\/div> <!-- close group --> <\/div> <!-- close row --> <\/div>\n\n\n<figure class=\"wp-block-gallery columns-0 is-cropped wp-block-gallery-1 is-layout-flex wp-block-gallery-is-layout-flex\"><ul class=\"blocks-gallery-grid\"><\/ul><\/figure>\n","protected":false},"excerpt":{"rendered":"<p>\u0160OLA JAHANJA &nbsp; V okviru jahalnega kluba poteka jahalna \u0161ola-za\u010detni in nadaljevalni te\u010daj. Te\u010daji so organizirani od torka do nedelje od 15. do 19.ure in potekajo individualno ali v skupinah po dva ali tri jaha\u010de z enakim znanjem. Razpolagamo s 5 konji&nbsp;razli\u010dnih pasem in velikosti, ki so mirne in prijazne narave, tako da so primerni &hellip; <a href=\"http:\/\/kkvranje-sevnica.net\/?page_id=921\" class=\"more-link\">Continue reading <span class=\"screen-reader-text\">\u0160ola jahanja<\/span> <span class=\"meta-nav\">&rarr;<\/span><\/a><\/p>\n","protected":false},"author":1,"featured_media":0,"parent":0,"menu_order":0,"comment_status":"closed","ping_status":"closed","template":"","meta":{"ngg_post_thumbnail":0,"jetpack_post_was_ever_published":false,"footnotes":""},"class_list":["post-921","page","type-page","status-publish","hentry"],"jetpack_sharing_enabled":true,"jetpack_shortlink":"https:\/\/wp.me\/P4cz9w-eR","jetpack_likes_enabled":true,"_links":{"self":[{"href":"http:\/\/kkvranje-sevnica.net\/index.php?rest_route=\/wp\/v2\/pages\/921","targetHints":{"allow":["GET"]}}],"collection":[{"href":"http:\/\/kkvranje-sevnica.net\/index.php?rest_route=\/wp\/v2\/pages"}],"about":[{"href":"http:\/\/kkvranje-sevnica.net\/index.php?rest_route=\/wp\/v2\/types\/page"}],"author":[{"embeddable":true,"href":"http:\/\/kkvranje-sevnica.net\/index.php?rest_route=\/wp\/v2\/users\/1"}],"replies":[{"embeddable":true,"href":"http:\/\/kkvranje-sevnica.net\/index.php?rest_route=%2Fwp%2Fv2%2Fcomments&post=921"}],"version-history":[{"count":8,"href":"http:\/\/kkvranje-sevnica.net\/index.php?rest_route=\/wp\/v2\/pages\/921\/revisions"}],"predecessor-version":[{"id":5133,"href":"http:\/\/kkvranje-sevnica.net\/index.php?rest_route=\/wp\/v2\/pages\/921\/revisions\/5133"}],"wp:attachment":[{"href":"http:\/\/kkvranje-sevnica.net\/index.php?rest_route=%2Fwp%2Fv2%2Fmedia&parent=921"}],"curies":[{"name":"wp","href":"https:\/\/api.w.org\/{rel}","templated":true}]}}